{"id":1120,"date":"2023-02-23T19:51:39","date_gmt":"2023-02-24T00:51:39","guid":{"rendered":"http:\/\/162.240.211.105\/~wwzamb\/leaoweb\/about-us-2\/"},"modified":"2024-11-02T18:55:03","modified_gmt":"2024-11-02T23:55:03","slug":"nosotros","status":"publish","type":"page","link":"https:\/\/www.leaobrancodesign.com\/es\/nosotros\/","title":{"rendered":"Nosotros"},"content":{"rendered":"\t\t<div data-elementor-type=\"wp-page\" data-elementor-id=\"1120\" class=\"elementor elementor-1120 elementor-90\" data-elementor-post-type=\"page\">\n\t\t\t\t\t\t<section class=\"has_eae_slider elementor-section elementor-top-section elementor-element elementor-element-248eeeb elementor-section-height-min-height elementor-section-boxed elementor-section-height-default elementor-section-items-middle\" data-id=\"248eeeb\" data-element_type=\"section\" data-settings=\"{&quot;background_background&quot;:&quot;classic&quot;}\">\n\t\t\t\t\t\t<div class=\"elementor-container elementor-column-gap-default\">\n\t\t\t\t\t<div class=\"has_eae_slider elementor-column elementor-col-100 elementor-top-column elementor-element elementor-element-6016b0b\" data-id=\"6016b0b\" data-element_type=\"column\">\n\t\t\t<div class=\"elementor-widget-wrap elementor-element-populated\">\n\t\t\t\t\t\t<section class=\"has_eae_slider elementor-section elementor-inner-section elementor-element elementor-element-c3fa0f0 elementor-section-boxed elementor-section-height-default elementor-section-height-default\" data-id=\"c3fa0f0\" data-element_type=\"section\">\n\t\t\t\t\t\t<div class=\"elementor-container elementor-column-gap-default\">\n\t\t\t\t\t<div class=\"has_eae_slider elementor-column elementor-col-100 elementor-inner-column elementor-element elementor-element-31559f2\" data-id=\"31559f2\" data-element_type=\"column\">\n\t\t\t<div class=\"elementor-widget-wrap elementor-element-populated\">\n\t\t\t\t\t\t<div class=\"elementor-element elementor-element-aaeedc4 elementor-widget elementor-widget-heading\" data-id=\"aaeedc4\" data-element_type=\"widget\" data-widget_type=\"heading.default\">\n\t\t\t\t<div class=\"elementor-widget-container\">\n\t\t\t\t\t<h1 class=\"elementor-heading-title elementor-size-default\">Nosotros<\/h1>\t\t\t\t<\/div>\n\t\t\t\t<\/div>\n\t\t\t\t<div class=\"elementor-element elementor-element-00e6c10 elementor-widget elementor-widget-heading\" data-id=\"00e6c10\" data-element_type=\"widget\" data-widget_type=\"heading.default\">\n\t\t\t\t<div class=\"elementor-widget-container\">\n\t\t\t\t\t<h1 class=\"elementor-heading-title elementor-size-default\">Transformamos casas en hogares<\/h1>\t\t\t\t<\/div>\n\t\t\t\t<\/div>\n\t\t\t\t\t<\/div>\n\t\t<\/div>\n\t\t\t\t\t<\/div>\n\t\t<\/section>\n\t\t\t\t\t<\/div>\n\t\t<\/div>\n\t\t\t\t\t<\/div>\n\t\t<\/section>\n\t\t\t\t<section class=\"has_eae_slider elementor-section elementor-top-section elementor-element elementor-element-d99c957 elementor-section-boxed elementor-section-height-default elementor-section-height-default\" data-id=\"d99c957\" data-element_type=\"section\">\n\t\t\t\t\t\t<div class=\"elementor-container elementor-column-gap-default\">\n\t\t\t\t\t<div class=\"has_eae_slider elementor-column elementor-col-100 elementor-top-column elementor-element elementor-element-29d43ee\" data-id=\"29d43ee\" data-element_type=\"column\">\n\t\t\t<div class=\"elementor-widget-wrap elementor-element-populated\">\n\t\t\t\t\t\t<section class=\"has_eae_slider elementor-section elementor-inner-section elementor-element elementor-element-c503a86 elementor-section-boxed elementor-section-height-default elementor-section-height-default\" data-id=\"c503a86\" data-element_type=\"section\">\n\t\t\t\t\t\t<div class=\"elementor-container elementor-column-gap-default\">\n\t\t\t\t\t<div class=\"has_eae_slider elementor-column elementor-col-50 elementor-inner-column elementor-element elementor-element-96be44e\" data-id=\"96be44e\" data-element_type=\"column\">\n\t\t\t<div class=\"elementor-widget-wrap elementor-element-populated\">\n\t\t\t\t\t\t<div class=\"elementor-element elementor-element-d9ec435 elementor-widget elementor-widget-text-editor\" data-id=\"d9ec435\" data-element_type=\"widget\" data-widget_type=\"text-editor.default\">\n\t\t\t\t<div class=\"elementor-widget-container\">\n\t\t\t\t\t\t\t\t\tLEAO BRANCO,\t\t\t\t\t\t\t\t<\/div>\n\t\t\t\t<\/div>\n\t\t\t\t<div class=\"elementor-element elementor-element-af8bc65 elementor-widget elementor-widget-text-editor\" data-id=\"af8bc65\" data-element_type=\"widget\" data-widget_type=\"text-editor.default\">\n\t\t\t\t<div class=\"elementor-widget-container\">\n\t\t\t\t\t\t\t\t\t<p><strong>Es decir, muebles lujosos de alta gama.<\/strong> Se define por sus dise\u00f1os innovadores y exclusivos, as\u00ed como por su excelente artesan\u00eda.<\/p><p>Leao Branco naci\u00f3 en 1995 en Colombia, como una empresa familiar. Se expandi\u00f3 m\u00e1s recientemente a Miami.<\/p>\t\t\t\t\t\t\t\t<\/div>\n\t\t\t\t<\/div>\n\t\t\t\t<div class=\"elementor-element elementor-element-9ef442a elementor-widget elementor-widget-text-editor\" data-id=\"9ef442a\" data-element_type=\"widget\" data-widget_type=\"text-editor.default\">\n\t\t\t\t<div class=\"elementor-widget-container\">\n\t\t\t\t\t\t\t\t\t<p>NUESTRO PRINCIPAL OBJETIVO ES LA SATISFACCI\u00d3N DE NUESTROS CLIENTES.<\/p>\t\t\t\t\t\t\t\t<\/div>\n\t\t\t\t<\/div>\n\t\t\t\t<div class=\"elementor-element elementor-element-1335e0d elementor-widget elementor-widget-text-editor\" data-id=\"1335e0d\" data-element_type=\"widget\" data-widget_type=\"text-editor.default\">\n\t\t\t\t<div class=\"elementor-widget-container\">\n\t\t\t\t\t\t\t\t\t<p><strong>Nuestros clientes son nuestra prioridad.<\/strong> Trabajaremos con usted para ofrecerle opciones personalizadas para su espacio vital.<\/p><p>Somos firmes creyentes, todos los detalles importan.<\/p><p><strong>\u00a1Estamos emocionados de conocerte!<\/strong><\/p>\t\t\t\t\t\t\t\t<\/div>\n\t\t\t\t<\/div>\n\t\t\t\t\t<\/div>\n\t\t<\/div>\n\t\t\t\t<div class=\"has_eae_slider elementor-column elementor-col-50 elementor-inner-column elementor-element elementor-element-26880bc\" data-id=\"26880bc\" data-element_type=\"column\">\n\t\t\t<div class=\"elementor-widget-wrap elementor-element-populated\">\n\t\t\t\t\t\t<div class=\"elementor-element elementor-element-5418149 elementor-widget elementor-widget-image\" data-id=\"5418149\" data-element_type=\"widget\" data-widget_type=\"image.default\">\n\t\t\t\t<div class=\"elementor-widget-container\">\n\t\t\t\t\t\t\t\t\t\t\t\t\t\t\t<img fetchpriority=\"high\" decoding=\"async\" width=\"595\" height=\"425\" src=\"https:\/\/www.leaobrancodesign.com\/wp-content\/uploads\/2024\/10\/aazsbanca.jpg\" class=\"attachment-full size-full wp-image-7207\" alt=\"\" srcset=\"https:\/\/www.leaobrancodesign.com\/wp-content\/uploads\/2024\/10\/aazsbanca.jpg 595w, https:\/\/www.leaobrancodesign.com\/wp-content\/uploads\/2024\/10\/aazsbanca-300x214.jpg 300w\" sizes=\"(max-width: 595px) 100vw, 595px\" \/>\t\t\t\t\t\t\t\t\t\t\t\t\t\t\t<\/div>\n\t\t\t\t<\/div>\n\t\t\t\t\t<\/div>\n\t\t<\/div>\n\t\t\t\t\t<\/div>\n\t\t<\/section>\n\t\t\t\t\t<\/div>\n\t\t<\/div>\n\t\t\t\t\t<\/div>\n\t\t<\/section>\n\t\t\t\t<section class=\"has_eae_slider elementor-section elementor-top-section elementor-element elementor-element-810d660 elementor-section-boxed elementor-section-height-default elementor-section-height-default\" data-id=\"810d660\" data-element_type=\"section\">\n\t\t\t\t\t\t<div class=\"elementor-container elementor-column-gap-default\">\n\t\t\t\t\t<div class=\"has_eae_slider elementor-column elementor-col-100 elementor-top-column elementor-element elementor-element-d8bc4ce\" data-id=\"d8bc4ce\" data-element_type=\"column\">\n\t\t\t<div class=\"elementor-widget-wrap elementor-element-populated\">\n\t\t\t\t\t\t<section class=\"has_eae_slider elementor-section elementor-inner-section elementor-element elementor-element-7874504 elementor-section-boxed elementor-section-height-default elementor-section-height-default\" data-id=\"7874504\" data-element_type=\"section\">\n\t\t\t\t\t\t<div class=\"elementor-container elementor-column-gap-default\">\n\t\t\t\t\t<div class=\"has_eae_slider elementor-column elementor-col-100 elementor-inner-column elementor-element elementor-element-042cef4\" data-id=\"042cef4\" data-element_type=\"column\">\n\t\t\t<div class=\"elementor-widget-wrap\">\n\t\t\t\t\t\t\t<\/div>\n\t\t<\/div>\n\t\t\t\t\t<\/div>\n\t\t<\/section>\n\t\t\t\t\t<\/div>\n\t\t<\/div>\n\t\t\t\t\t<\/div>\n\t\t<\/section>\n\t\t\t\t<\/div>\n\t\t","protected":false},"excerpt":{"rendered":"<p>Nosotros Transformamos casas en hogares LEAO BRANCO, Es decir, muebles lujosos de alta gama. Se define por sus dise\u00f1os innovadores y exclusivos, as\u00ed como por su excelente artesan\u00eda. Leao Branco naci\u00f3 en 1995 en Colombia, como una empresa familiar. Se expandi\u00f3 m\u00e1s recientemente a Miami. NUESTRO PRINCIPAL OBJETIVO ES LA SATISFACCI\u00d3N DE NUESTROS CLIENTES. Nuestros [&hellip;]<\/p>\n","protected":false},"author":1,"featured_media":0,"parent":0,"menu_order":0,"comment_status":"closed","ping_status":"closed","template":"","meta":{"footnotes":""},"class_list":["post-1120","page","type-page","status-publish","hentry"],"yoast_head":"<!-- This site is optimized with the Yoast SEO plugin v24.3 - https:\/\/yoast.com\/wordpress\/plugins\/seo\/ -->\n<title>Nosotros - LEAO BRANCO DESIGN<\/title>\n<meta name=\"robots\" content=\"index, follow, max-snippet:-1, max-image-preview:large, max-video-preview:-1\" \/>\n<link rel=\"canonical\" href=\"https:\/\/www.leaobrancodesign.com\/es\/nosotros\/\" \/>\n<meta property=\"og:locale\" content=\"es_ES\" \/>\n<meta property=\"og:type\" content=\"article\" \/>\n<meta property=\"og:title\" content=\"Nosotros - LEAO BRANCO DESIGN\" \/>\n<meta property=\"og:description\" content=\"Nosotros Transformamos casas en hogares LEAO BRANCO, Es decir, muebles lujosos de alta gama. Se define por sus dise\u00f1os innovadores y exclusivos, as\u00ed como por su excelente artesan\u00eda. Leao Branco naci\u00f3 en 1995 en Colombia, como una empresa familiar. Se expandi\u00f3 m\u00e1s recientemente a Miami. NUESTRO PRINCIPAL OBJETIVO ES LA SATISFACCI\u00d3N DE NUESTROS CLIENTES. Nuestros [&hellip;]\" \/>\n<meta property=\"og:url\" content=\"https:\/\/www.leaobrancodesign.com\/es\/nosotros\/\" \/>\n<meta property=\"og:site_name\" content=\"LEAO BRANCO DESIGN\" \/>\n<meta property=\"article:publisher\" content=\"https:\/\/www.facebook.com\/leaobrancodesign\/\" \/>\n<meta property=\"article:modified_time\" content=\"2024-11-02T23:55:03+00:00\" \/>\n<meta property=\"og:image\" content=\"https:\/\/www.leaobrancodesign.com\/wp-content\/uploads\/2024\/10\/aazsbanca.jpg\" \/>\n<meta name=\"twitter:card\" content=\"summary_large_image\" \/>\n<meta name=\"twitter:label1\" content=\"Tiempo de lectura\" \/>\n\t<meta name=\"twitter:data1\" content=\"1 minuto\" \/>\n<script type=\"application\/ld+json\" class=\"yoast-schema-graph\">{\"@context\":\"https:\/\/schema.org\",\"@graph\":[{\"@type\":\"WebPage\",\"@id\":\"https:\/\/www.leaobrancodesign.com\/es\/nosotros\/\",\"url\":\"https:\/\/www.leaobrancodesign.com\/es\/nosotros\/\",\"name\":\"Nosotros - LEAO BRANCO DESIGN\",\"isPartOf\":{\"@id\":\"https:\/\/www.leaobrancodesign.com\/#website\"},\"primaryImageOfPage\":{\"@id\":\"https:\/\/www.leaobrancodesign.com\/es\/nosotros\/#primaryimage\"},\"image\":{\"@id\":\"https:\/\/www.leaobrancodesign.com\/es\/nosotros\/#primaryimage\"},\"thumbnailUrl\":\"https:\/\/www.leaobrancodesign.com\/wp-content\/uploads\/2024\/10\/aazsbanca.jpg\",\"datePublished\":\"2023-02-24T00:51:39+00:00\",\"dateModified\":\"2024-11-02T23:55:03+00:00\",\"breadcrumb\":{\"@id\":\"https:\/\/www.leaobrancodesign.com\/es\/nosotros\/#breadcrumb\"},\"inLanguage\":\"es\",\"potentialAction\":[{\"@type\":\"ReadAction\",\"target\":[\"https:\/\/www.leaobrancodesign.com\/es\/nosotros\/\"]}]},{\"@type\":\"ImageObject\",\"inLanguage\":\"es\",\"@id\":\"https:\/\/www.leaobrancodesign.com\/es\/nosotros\/#primaryimage\",\"url\":\"https:\/\/www.leaobrancodesign.com\/wp-content\/uploads\/2024\/10\/aazsbanca.jpg\",\"contentUrl\":\"https:\/\/www.leaobrancodesign.com\/wp-content\/uploads\/2024\/10\/aazsbanca.jpg\"},{\"@type\":\"BreadcrumbList\",\"@id\":\"https:\/\/www.leaobrancodesign.com\/es\/nosotros\/#breadcrumb\",\"itemListElement\":[{\"@type\":\"ListItem\",\"position\":1,\"name\":\"Home\",\"item\":\"https:\/\/www.leaobrancodesign.com\/\"},{\"@type\":\"ListItem\",\"position\":2,\"name\":\"Nosotros\"}]},{\"@type\":\"WebSite\",\"@id\":\"https:\/\/www.leaobrancodesign.com\/#website\",\"url\":\"https:\/\/www.leaobrancodesign.com\/\",\"name\":\"LEAO BRANCO\",\"description\":\"BRAZILIAN FUNITURE\",\"publisher\":{\"@id\":\"https:\/\/www.leaobrancodesign.com\/#organization\"},\"potentialAction\":[{\"@type\":\"SearchAction\",\"target\":{\"@type\":\"EntryPoint\",\"urlTemplate\":\"https:\/\/www.leaobrancodesign.com\/?s={search_term_string}\"},\"query-input\":{\"@type\":\"PropertyValueSpecification\",\"valueRequired\":true,\"valueName\":\"search_term_string\"}}],\"inLanguage\":\"es\"},{\"@type\":\"Organization\",\"@id\":\"https:\/\/www.leaobrancodesign.com\/#organization\",\"name\":\"LEAO BRANCO DESIGN\",\"url\":\"https:\/\/www.leaobrancodesign.com\/\",\"logo\":{\"@type\":\"ImageObject\",\"inLanguage\":\"es\",\"@id\":\"https:\/\/www.leaobrancodesign.com\/#\/schema\/logo\/image\/\",\"url\":\"https:\/\/www.leaobrancodesign.com\/wp-content\/uploads\/2023\/02\/Recurso-1.svg\",\"contentUrl\":\"https:\/\/www.leaobrancodesign.com\/wp-content\/uploads\/2023\/02\/Recurso-1.svg\",\"width\":366,\"height\":111,\"caption\":\"LEAO BRANCO DESIGN\"},\"image\":{\"@id\":\"https:\/\/www.leaobrancodesign.com\/#\/schema\/logo\/image\/\"},\"sameAs\":[\"https:\/\/www.facebook.com\/leaobrancodesign\/\"]}]}<\/script>\n<!-- \/ Yoast SEO plugin. -->","yoast_head_json":{"title":"Nosotros - LEAO BRANCO DESIGN","robots":{"index":"index","follow":"follow","max-snippet":"max-snippet:-1","max-image-preview":"max-image-preview:large","max-video-preview":"max-video-preview:-1"},"canonical":"https:\/\/www.leaobrancodesign.com\/es\/nosotros\/","og_locale":"es_ES","og_type":"article","og_title":"Nosotros - LEAO BRANCO DESIGN","og_description":"Nosotros Transformamos casas en hogares LEAO BRANCO, Es decir, muebles lujosos de alta gama. Se define por sus dise\u00f1os innovadores y exclusivos, as\u00ed como por su excelente artesan\u00eda. Leao Branco naci\u00f3 en 1995 en Colombia, como una empresa familiar. Se expandi\u00f3 m\u00e1s recientemente a Miami. NUESTRO PRINCIPAL OBJETIVO ES LA SATISFACCI\u00d3N DE NUESTROS CLIENTES. Nuestros [&hellip;]","og_url":"https:\/\/www.leaobrancodesign.com\/es\/nosotros\/","og_site_name":"LEAO BRANCO DESIGN","article_publisher":"https:\/\/www.facebook.com\/leaobrancodesign\/","article_modified_time":"2024-11-02T23:55:03+00:00","og_image":[{"url":"https:\/\/www.leaobrancodesign.com\/wp-content\/uploads\/2024\/10\/aazsbanca.jpg","type":"","width":"","height":""}],"twitter_card":"summary_large_image","twitter_misc":{"Tiempo de lectura":"1 minuto"},"schema":{"@context":"https:\/\/schema.org","@graph":[{"@type":"WebPage","@id":"https:\/\/www.leaobrancodesign.com\/es\/nosotros\/","url":"https:\/\/www.leaobrancodesign.com\/es\/nosotros\/","name":"Nosotros - LEAO BRANCO DESIGN","isPartOf":{"@id":"https:\/\/www.leaobrancodesign.com\/#website"},"primaryImageOfPage":{"@id":"https:\/\/www.leaobrancodesign.com\/es\/nosotros\/#primaryimage"},"image":{"@id":"https:\/\/www.leaobrancodesign.com\/es\/nosotros\/#primaryimage"},"thumbnailUrl":"https:\/\/www.leaobrancodesign.com\/wp-content\/uploads\/2024\/10\/aazsbanca.jpg","datePublished":"2023-02-24T00:51:39+00:00","dateModified":"2024-11-02T23:55:03+00:00","breadcrumb":{"@id":"https:\/\/www.leaobrancodesign.com\/es\/nosotros\/#breadcrumb"},"inLanguage":"es","potentialAction":[{"@type":"ReadAction","target":["https:\/\/www.leaobrancodesign.com\/es\/nosotros\/"]}]},{"@type":"ImageObject","inLanguage":"es","@id":"https:\/\/www.leaobrancodesign.com\/es\/nosotros\/#primaryimage","url":"https:\/\/www.leaobrancodesign.com\/wp-content\/uploads\/2024\/10\/aazsbanca.jpg","contentUrl":"https:\/\/www.leaobrancodesign.com\/wp-content\/uploads\/2024\/10\/aazsbanca.jpg"},{"@type":"BreadcrumbList","@id":"https:\/\/www.leaobrancodesign.com\/es\/nosotros\/#breadcrumb","itemListElement":[{"@type":"ListItem","position":1,"name":"Home","item":"https:\/\/www.leaobrancodesign.com\/"},{"@type":"ListItem","position":2,"name":"Nosotros"}]},{"@type":"WebSite","@id":"https:\/\/www.leaobrancodesign.com\/#website","url":"https:\/\/www.leaobrancodesign.com\/","name":"LEAO BRANCO","description":"BRAZILIAN FUNITURE","publisher":{"@id":"https:\/\/www.leaobrancodesign.com\/#organization"},"potentialAction":[{"@type":"SearchAction","target":{"@type":"EntryPoint","urlTemplate":"https:\/\/www.leaobrancodesign.com\/?s={search_term_string}"},"query-input":{"@type":"PropertyValueSpecification","valueRequired":true,"valueName":"search_term_string"}}],"inLanguage":"es"},{"@type":"Organization","@id":"https:\/\/www.leaobrancodesign.com\/#organization","name":"LEAO BRANCO DESIGN","url":"https:\/\/www.leaobrancodesign.com\/","logo":{"@type":"ImageObject","inLanguage":"es","@id":"https:\/\/www.leaobrancodesign.com\/#\/schema\/logo\/image\/","url":"https:\/\/www.leaobrancodesign.com\/wp-content\/uploads\/2023\/02\/Recurso-1.svg","contentUrl":"https:\/\/www.leaobrancodesign.com\/wp-content\/uploads\/2023\/02\/Recurso-1.svg","width":366,"height":111,"caption":"LEAO BRANCO DESIGN"},"image":{"@id":"https:\/\/www.leaobrancodesign.com\/#\/schema\/logo\/image\/"},"sameAs":["https:\/\/www.facebook.com\/leaobrancodesign\/"]}]}},"_links":{"self":[{"href":"https:\/\/www.leaobrancodesign.com\/es\/wp-json\/wp\/v2\/pages\/1120","targetHints":{"allow":["GET"]}}],"collection":[{"href":"https:\/\/www.leaobrancodesign.com\/es\/wp-json\/wp\/v2\/pages"}],"about":[{"href":"https:\/\/www.leaobrancodesign.com\/es\/wp-json\/wp\/v2\/types\/page"}],"author":[{"embeddable":true,"href":"https:\/\/www.leaobrancodesign.com\/es\/wp-json\/wp\/v2\/users\/1"}],"replies":[{"embeddable":true,"href":"https:\/\/www.leaobrancodesign.com\/es\/wp-json\/wp\/v2\/comments?post=1120"}],"version-history":[{"count":0,"href":"https:\/\/www.leaobrancodesign.com\/es\/wp-json\/wp\/v2\/pages\/1120\/revisions"}],"wp:attachment":[{"href":"https:\/\/www.leaobrancodesign.com\/es\/wp-json\/wp\/v2\/media?parent=1120"}],"curies":[{"name":"wp","href":"https:\/\/api.w.org\/{rel}","templated":true}]}}