{"id":4646,"date":"2023-02-23T14:05:42","date_gmt":"2023-02-23T19:05:42","guid":{"rendered":"https:\/\/leaobrancodesign.com\/?page_id=4646"},"modified":"2024-12-03T10:54:16","modified_gmt":"2024-12-03T15:54:16","slug":"politica-de-privacidad","status":"publish","type":"page","link":"https:\/\/www.leaobrancodesign.com\/es\/politica-de-privacidad\/","title":{"rendered":"Pol\u00edtica de privacidad"},"content":{"rendered":"<h2 class=\"wp-block-heading\">\u00bfQui\u00e9nes Somos?<\/h2><p><strong class=\"privacy-policy-tutorial\">Leao Branco design<br \/><\/strong> Nuestra p\u00e1gina web es https:\/\/www.leaobrancodesign.com\/<\/p><h2 class=\"wp-block-heading\"><strong>Comentarios<\/strong><\/h2>\r\n<p>Cuando los visitantes dejan comentarios en el sitio, recopilamos los datos que se muestran en el formulario de comentarios, y tambi\u00e9n la direcci\u00f3n IP del visitante y la cadena del agente de usuario del navegador para ayudar a la detecci\u00f3n de spam.<\/p>\r\n<p>Se puede proporcionar una cadena an\u00f3nima creada a partir de su direcci\u00f3n de correo electr\u00f3nico (tambi\u00e9n llamada hash) al servicio Gravatar para ver si la est\u00e1 utilizando. La pol\u00edtica de privacidad del servicio Gravatar est\u00e1 disponible aqu\u00ed: https:\/\/automattic.com\/privacy\/. Despu\u00e9s de la aprobaci\u00f3n de su comentario, su foto de perfil es visible para el p\u00fablico en el contexto de su comentario.<\/p>\r\n<h2>Medios de comunicaci\u00f3n<\/h2>\r\n<p>Si subes im\u00e1genes al sitio web, debes evitar subir im\u00e1genes con datos de ubicaci\u00f3n incrustados (GPS EXIF) incluidos. Los visitantes del sitio web pueden descargar y extraer cualquier dato de ubicaci\u00f3n de las im\u00e1genes del sitio web.<\/p>\r\n<h2>Cookies<\/h2>\r\n<p>Si deja un comentario en nuestro sitio, puede optar por guardar su nombre, direcci\u00f3n de correo electr\u00f3nico y sitio web en cookies. Estos son para su comodidad, para que no tenga que volver a rellenar sus datos cuando deje otro comentario. Estas cookies tendr\u00e1n una duraci\u00f3n de un a\u00f1o.<\/p>\r\n<p>Si visita nuestra p\u00e1gina de inicio de sesi\u00f3n, estableceremos una cookie temporal para determinar si su navegador acepta cookies. Esta cookie no contiene datos personales y se descarta cuando cierra su navegador.<\/p>\r\n<p>Cuando inicie sesi\u00f3n, tambi\u00e9n configuraremos varias cookies para guardar su informaci\u00f3n de inicio de sesi\u00f3n y sus opciones de visualizaci\u00f3n de pantalla. Las cookies de inicio de sesi\u00f3n duran dos d\u00edas y las cookies de opciones de pantalla duran un a\u00f1o. Si selecciona &#8220;Recordarme&#8221;, su inicio de sesi\u00f3n persistir\u00e1 durante dos semanas. Si cierra sesi\u00f3n en su cuenta, se eliminar\u00e1n las cookies de inicio de sesi\u00f3n.<\/p>\r\n<p>Si edita o publica un art\u00edculo, se guardar\u00e1 una cookie adicional en su navegador. Esta cookie no incluye datos personales y simplemente indica el ID de publicaci\u00f3n del art\u00edculo que acaba de editar. Caduca despu\u00e9s de 1 d\u00eda.<\/p>\r\n<h2>Contenido incrustado de otros sitios web<\/h2>\r\n<p>Los art\u00edculos en este sitio pueden incluir contenido incrustado (por ejemplo, videos, im\u00e1genes, art\u00edculos, etc.). El contenido incrustado de otros sitios web se comporta exactamente de la misma manera que si el visitante hubiera visitado el otro sitio web.<\/p>\r\n<p>Estos sitios web pueden recopilar datos sobre usted, usar cookies, incrustar un seguimiento adicional de terceros y monitorear su interacci\u00f3n con ese contenido incrustado, incluido el seguimiento de su interacci\u00f3n con el contenido incrustado si tiene una cuenta y ha iniciado sesi\u00f3n en ese sitio web.<\/p>\r\n<h2>Cu\u00e1nto tiempo conservamos sus datos<\/h2>\r\n<p>Si deja un comentario, el comentario y sus metadatos se conservan indefinidamente. Esto es para que podamos reconocer y aprobar cualquier comentario de seguimiento autom\u00e1ticamente en lugar de mantenerlos en una cola de moderaci\u00f3n.<\/p>\r\n<p>Para los usuarios que se registran en nuestro sitio web (si los hay), tambi\u00e9n almacenamos la informaci\u00f3n personal que proporcionan en su perfil de usuario. Todos los usuarios pueden ver, editar o eliminar su informaci\u00f3n personal en cualquier momento (excepto que no pueden cambiar su nombre de usuario). Los administradores del sitio web tambi\u00e9n pueden ver y editar esa informaci\u00f3n.<\/p>\r\n<p>\u00bfQu\u00e9 derechos tienes sobre tus datos?<br \/>Si tiene una cuenta en este sitio o ha dejado comentarios, puede solicitar recibir un archivo exportado de los datos personales que tenemos sobre usted, incluidos los datos que nos haya proporcionado. Tambi\u00e9n puede solicitar que eliminemos cualquier dato personal que tengamos sobre usted. Esto no incluye ning\u00fan dato que estemos obligados a conservar con fines administrativos, legales o de seguridad.<\/p>\r\n<p>D\u00f3nde se env\u00edan sus datos<br \/>Los comentarios de los visitantes puede que los revise un servicio de detecci\u00f3n autom\u00e1tica de spam.<\/p>\r\n<h2>Aviso legal del sorteo<\/h2>\r\n<p>premios; Renuncia de Garant\u00edas; Liberaci\u00f3n de responsabilidad: Un participante ser\u00e1 elegido como ganador durante el Per\u00edodo de la rifa. El ganador del premio recibir\u00e1 un adorno de manzana, pera o fruta. Los premios no podr\u00e1n ser canjeados. No se permite la sustituci\u00f3n o el equivalente en efectivo de ning\u00fan premio. Todos los premios otorgados est\u00e1n sujetos a las restricciones y limitaciones se\u00f1aladas en estas Reglas Oficiales, sobre los premios y\/o incluidos con los premios y el ganador debe cumplir con todas esas limitaciones y restricciones. Los ganadores aceptan su premio &#8220;tal cual&#8221; sin garant\u00eda de ning\u00fan tipo, expresa o impl\u00edcita, incluida, entre otras, cualquier garant\u00eda impl\u00edcita de comerciabilidad o idoneidad para un prop\u00f3sito particular. Leao Branco tiene derecho a resolver cualquier inquietud, pregunta o queja relacionada con los premios a su sola discreci\u00f3n. Cada ganador es el \u00fanico responsable de todos y cada uno de los impuestos, tarifas y otros costos federales, estatales y\/o locales relacionados con la recepci\u00f3n del premio. EN NING\u00daN CASO EL PATROCINADOR SER\u00c1 RESPONSABLE DE CUALQUIER GARANT\u00cdA, COSTOS, DA\u00d1OS, LESIONES O CUALQUIER OTRO RECLAMO EN RELACI\u00d3N CON ESTE SORTEO, INCLUYENDO PERO NO LIMITADO A AQUELLOS RELACIONADOS CON EL USO O MAL USO DEL PREMIO O LA PARTICIPACI\u00d3N EN LA SALA DE EXPOSICIONES<\/p>\r\n<p><strong>DESCARGO DE RESPONSABILIDAD EQUIPO APT EN DOUGLAS ELLIMAN<\/strong><br \/>Todos los datos se consideran confiables, pero no se garantiza que sean precisos. EL EQUIPO APT EN Douglas Elliman. \u00a9\ufe0f 2022. Inmobiliaria Douglas Elliman. Igualdad de oportunidades de vivienda. Todos los materiales presentados aqu\u00ed est\u00e1n destinados \u00fanicamente a fines informativos. Si bien se cree que esta informaci\u00f3n es correcta, se presenta como sujeta a e<\/p>","protected":false},"excerpt":{"rendered":"<p>\u00bfQui\u00e9nes Somos? Leao Branco design Nuestra p\u00e1gina web es https:\/\/www.leaobrancodesign.com\/ Comentarios Cuando los visitantes dejan comentarios en el sitio, recopilamos los datos que se muestran en el formulario de comentarios, y tambi\u00e9n la direcci\u00f3n IP del visitante y la cadena del agente de usuario del navegador para ayudar a la detecci\u00f3n de spam. Se puede [&hellip;]<\/p>\n","protected":false},"author":1,"featured_media":0,"parent":0,"menu_order":0,"comment_status":"closed","ping_status":"open","template":"","meta":{"footnotes":""},"class_list":["post-4646","page","type-page","status-publish","hentry"],"yoast_head":"<!-- This site is optimized with the Yoast SEO plugin v24.3 - https:\/\/yoast.com\/wordpress\/plugins\/seo\/ -->\n<title>Pol\u00edtica de privacidad - LEAO BRANCO DESIGN<\/title>\n<meta name=\"robots\" content=\"index, follow, max-snippet:-1, max-image-preview:large, max-video-preview:-1\" \/>\n<link rel=\"canonical\" href=\"https:\/\/www.leaobrancodesign.com\/es\/politica-de-privacidad\/\" \/>\n<meta property=\"og:locale\" content=\"es_ES\" \/>\n<meta property=\"og:type\" content=\"article\" \/>\n<meta property=\"og:title\" content=\"Pol\u00edtica de privacidad - LEAO BRANCO DESIGN\" \/>\n<meta property=\"og:description\" content=\"\u00bfQui\u00e9nes Somos? Leao Branco design Nuestra p\u00e1gina web es https:\/\/www.leaobrancodesign.com\/ Comentarios Cuando los visitantes dejan comentarios en el sitio, recopilamos los datos que se muestran en el formulario de comentarios, y tambi\u00e9n la direcci\u00f3n IP del visitante y la cadena del agente de usuario del navegador para ayudar a la detecci\u00f3n de spam. Se puede [&hellip;]\" \/>\n<meta property=\"og:url\" content=\"https:\/\/www.leaobrancodesign.com\/es\/politica-de-privacidad\/\" \/>\n<meta property=\"og:site_name\" content=\"LEAO BRANCO DESIGN\" \/>\n<meta property=\"article:publisher\" content=\"https:\/\/www.facebook.com\/leaobrancodesign\/\" \/>\n<meta property=\"article:modified_time\" content=\"2024-12-03T15:54:16+00:00\" \/>\n<meta name=\"twitter:card\" content=\"summary_large_image\" \/>\n<meta name=\"twitter:label1\" content=\"Tiempo de lectura\" \/>\n\t<meta name=\"twitter:data1\" content=\"4 minutos\" \/>\n<script type=\"application\/ld+json\" class=\"yoast-schema-graph\">{\"@context\":\"https:\/\/schema.org\",\"@graph\":[{\"@type\":\"WebPage\",\"@id\":\"https:\/\/www.leaobrancodesign.com\/es\/politica-de-privacidad\/\",\"url\":\"https:\/\/www.leaobrancodesign.com\/es\/politica-de-privacidad\/\",\"name\":\"Pol\u00edtica de privacidad - LEAO BRANCO DESIGN\",\"isPartOf\":{\"@id\":\"https:\/\/www.leaobrancodesign.com\/#website\"},\"datePublished\":\"2023-02-23T19:05:42+00:00\",\"dateModified\":\"2024-12-03T15:54:16+00:00\",\"breadcrumb\":{\"@id\":\"https:\/\/www.leaobrancodesign.com\/es\/politica-de-privacidad\/#breadcrumb\"},\"inLanguage\":\"es\",\"potentialAction\":[{\"@type\":\"ReadAction\",\"target\":[\"https:\/\/www.leaobrancodesign.com\/es\/politica-de-privacidad\/\"]}]},{\"@type\":\"BreadcrumbList\",\"@id\":\"https:\/\/www.leaobrancodesign.com\/es\/politica-de-privacidad\/#breadcrumb\",\"itemListElement\":[{\"@type\":\"ListItem\",\"position\":1,\"name\":\"Home\",\"item\":\"https:\/\/www.leaobrancodesign.com\/\"},{\"@type\":\"ListItem\",\"position\":2,\"name\":\"Pol\u00edtica de privacidad\"}]},{\"@type\":\"WebSite\",\"@id\":\"https:\/\/www.leaobrancodesign.com\/#website\",\"url\":\"https:\/\/www.leaobrancodesign.com\/\",\"name\":\"LEAO BRANCO\",\"description\":\"BRAZILIAN FUNITURE\",\"publisher\":{\"@id\":\"https:\/\/www.leaobrancodesign.com\/#organization\"},\"potentialAction\":[{\"@type\":\"SearchAction\",\"target\":{\"@type\":\"EntryPoint\",\"urlTemplate\":\"https:\/\/www.leaobrancodesign.com\/?s={search_term_string}\"},\"query-input\":{\"@type\":\"PropertyValueSpecification\",\"valueRequired\":true,\"valueName\":\"search_term_string\"}}],\"inLanguage\":\"es\"},{\"@type\":\"Organization\",\"@id\":\"https:\/\/www.leaobrancodesign.com\/#organization\",\"name\":\"LEAO BRANCO DESIGN\",\"url\":\"https:\/\/www.leaobrancodesign.com\/\",\"logo\":{\"@type\":\"ImageObject\",\"inLanguage\":\"es\",\"@id\":\"https:\/\/www.leaobrancodesign.com\/#\/schema\/logo\/image\/\",\"url\":\"https:\/\/www.leaobrancodesign.com\/wp-content\/uploads\/2023\/02\/Recurso-1.svg\",\"contentUrl\":\"https:\/\/www.leaobrancodesign.com\/wp-content\/uploads\/2023\/02\/Recurso-1.svg\",\"width\":366,\"height\":111,\"caption\":\"LEAO BRANCO DESIGN\"},\"image\":{\"@id\":\"https:\/\/www.leaobrancodesign.com\/#\/schema\/logo\/image\/\"},\"sameAs\":[\"https:\/\/www.facebook.com\/leaobrancodesign\/\"]}]}<\/script>\n<!-- \/ Yoast SEO plugin. -->","yoast_head_json":{"title":"Pol\u00edtica de privacidad - LEAO BRANCO DESIGN","robots":{"index":"index","follow":"follow","max-snippet":"max-snippet:-1","max-image-preview":"max-image-preview:large","max-video-preview":"max-video-preview:-1"},"canonical":"https:\/\/www.leaobrancodesign.com\/es\/politica-de-privacidad\/","og_locale":"es_ES","og_type":"article","og_title":"Pol\u00edtica de privacidad - LEAO BRANCO DESIGN","og_description":"\u00bfQui\u00e9nes Somos? Leao Branco design Nuestra p\u00e1gina web es https:\/\/www.leaobrancodesign.com\/ Comentarios Cuando los visitantes dejan comentarios en el sitio, recopilamos los datos que se muestran en el formulario de comentarios, y tambi\u00e9n la direcci\u00f3n IP del visitante y la cadena del agente de usuario del navegador para ayudar a la detecci\u00f3n de spam. Se puede [&hellip;]","og_url":"https:\/\/www.leaobrancodesign.com\/es\/politica-de-privacidad\/","og_site_name":"LEAO BRANCO DESIGN","article_publisher":"https:\/\/www.facebook.com\/leaobrancodesign\/","article_modified_time":"2024-12-03T15:54:16+00:00","twitter_card":"summary_large_image","twitter_misc":{"Tiempo de lectura":"4 minutos"},"schema":{"@context":"https:\/\/schema.org","@graph":[{"@type":"WebPage","@id":"https:\/\/www.leaobrancodesign.com\/es\/politica-de-privacidad\/","url":"https:\/\/www.leaobrancodesign.com\/es\/politica-de-privacidad\/","name":"Pol\u00edtica de privacidad - LEAO BRANCO DESIGN","isPartOf":{"@id":"https:\/\/www.leaobrancodesign.com\/#website"},"datePublished":"2023-02-23T19:05:42+00:00","dateModified":"2024-12-03T15:54:16+00:00","breadcrumb":{"@id":"https:\/\/www.leaobrancodesign.com\/es\/politica-de-privacidad\/#breadcrumb"},"inLanguage":"es","potentialAction":[{"@type":"ReadAction","target":["https:\/\/www.leaobrancodesign.com\/es\/politica-de-privacidad\/"]}]},{"@type":"BreadcrumbList","@id":"https:\/\/www.leaobrancodesign.com\/es\/politica-de-privacidad\/#breadcrumb","itemListElement":[{"@type":"ListItem","position":1,"name":"Home","item":"https:\/\/www.leaobrancodesign.com\/"},{"@type":"ListItem","position":2,"name":"Pol\u00edtica de privacidad"}]},{"@type":"WebSite","@id":"https:\/\/www.leaobrancodesign.com\/#website","url":"https:\/\/www.leaobrancodesign.com\/","name":"LEAO BRANCO","description":"BRAZILIAN FUNITURE","publisher":{"@id":"https:\/\/www.leaobrancodesign.com\/#organization"},"potentialAction":[{"@type":"SearchAction","target":{"@type":"EntryPoint","urlTemplate":"https:\/\/www.leaobrancodesign.com\/?s={search_term_string}"},"query-input":{"@type":"PropertyValueSpecification","valueRequired":true,"valueName":"search_term_string"}}],"inLanguage":"es"},{"@type":"Organization","@id":"https:\/\/www.leaobrancodesign.com\/#organization","name":"LEAO BRANCO DESIGN","url":"https:\/\/www.leaobrancodesign.com\/","logo":{"@type":"ImageObject","inLanguage":"es","@id":"https:\/\/www.leaobrancodesign.com\/#\/schema\/logo\/image\/","url":"https:\/\/www.leaobrancodesign.com\/wp-content\/uploads\/2023\/02\/Recurso-1.svg","contentUrl":"https:\/\/www.leaobrancodesign.com\/wp-content\/uploads\/2023\/02\/Recurso-1.svg","width":366,"height":111,"caption":"LEAO BRANCO DESIGN"},"image":{"@id":"https:\/\/www.leaobrancodesign.com\/#\/schema\/logo\/image\/"},"sameAs":["https:\/\/www.facebook.com\/leaobrancodesign\/"]}]}},"_links":{"self":[{"href":"https:\/\/www.leaobrancodesign.com\/es\/wp-json\/wp\/v2\/pages\/4646","targetHints":{"allow":["GET"]}}],"collection":[{"href":"https:\/\/www.leaobrancodesign.com\/es\/wp-json\/wp\/v2\/pages"}],"about":[{"href":"https:\/\/www.leaobrancodesign.com\/es\/wp-json\/wp\/v2\/types\/page"}],"author":[{"embeddable":true,"href":"https:\/\/www.leaobrancodesign.com\/es\/wp-json\/wp\/v2\/users\/1"}],"replies":[{"embeddable":true,"href":"https:\/\/www.leaobrancodesign.com\/es\/wp-json\/wp\/v2\/comments?post=4646"}],"version-history":[{"count":0,"href":"https:\/\/www.leaobrancodesign.com\/es\/wp-json\/wp\/v2\/pages\/4646\/revisions"}],"wp:attachment":[{"href":"https:\/\/www.leaobrancodesign.com\/es\/wp-json\/wp\/v2\/media?parent=4646"}],"curies":[{"name":"wp","href":"https:\/\/api.w.org\/{rel}","templated":true}]}}