{"id":4650,"date":"2023-05-17T10:05:00","date_gmt":"2023-05-17T10:05:00","guid":{"rendered":"https:\/\/leaobrancodesign.com\/?page_id=4650"},"modified":"2023-05-23T18:10:28","modified_gmt":"2023-05-23T18:10:28","slug":"terminos-de-uso","status":"publish","type":"page","link":"https:\/\/www.leaobrancodesign.com\/es\/terminos-de-uso\/","title":{"rendered":"T\u00c9RMINOS DE USO"},"content":{"rendered":"<p>Estos t\u00e9rminos y condiciones (&#8220;Acuerdo&#8221;) establecen los t\u00e9rminos y condiciones generales de su uso del sitio web leaobrancodesign.com (&#8220;Sitio web&#8221; o &#8220;Servicio&#8221;) y cualquiera de sus productos y servicios relacionados (colectivamente, &#8220;Servicios&#8221;). Este Acuerdo es legalmente vinculante entre usted (&#8220;Usuario&#8221;, &#8220;usted&#8221; o &#8220;su&#8221;) y Leao Branco (&#8220;Leao Branco&#8221;, &#8220;nosotros&#8221;, &#8220;nos&#8221; o &#8220;nuestro&#8221;). Si est\u00e1 celebrando este acuerdo en nombre de una empresa u otra entidad legal, declara que tiene la autoridad para obligar a dicha entidad a este acuerdo, en cuyo caso los t\u00e9rminos &#8220;Usuario&#8221;, &#8220;usted&#8221; o &#8220;su&#8221; se referir\u00e1n a tal entidad. Si no tiene dicha autoridad, o si no est\u00e1 de acuerdo con los t\u00e9rminos de este acuerdo, no debe aceptar este acuerdo y no puede acceder ni utilizar el sitio web y los servicios. Al acceder y utilizar el sitio web y los servicios, usted reconoce que ha le\u00eddo, entendido y acepta estar sujeto a los t\u00e9rminos de este Acuerdo. Usted reconoce que este Acuerdo es un contrato entre usted y Leao Branco, aunque sea electr\u00f3nico y no est\u00e9 firmado f\u00edsicamente por usted, y rige su uso del sitio web y los servicios.<\/p>\n<p><strong>Enlaces a otros recursos<\/strong><\/p>\n<p>Aunque el sitio web y los servicios pueden vincularse a otros recursos (como sitios web, aplicaciones m\u00f3viles, etc.), no implicamos, directa o indirectamente, ninguna aprobaci\u00f3n, asociaci\u00f3n, patrocinio, respaldo o afiliaci\u00f3n con ning\u00fan recurso vinculado, a menos que se indique espec\u00edficamente Aqu\u00ed en. No somos responsables de examinar o evaluar, y no garantizamos las ofertas de ninguna empresa o individuo ni el contenido de sus recursos. No asumimos ninguna responsabilidad u obligaci\u00f3n por las acciones, productos, servicios y contenido de terceros. Debe revisar cuidadosamente las declaraciones legales y otras condiciones de uso de cualquier recurso al que acceda a trav\u00e9s de un enlace en el sitio web. Su enlace a cualquier otro recurso fuera del sitio es bajo su propio riesgo.<\/p>\n<p><strong>Derechos de propiedad intelectual<\/strong><\/p>\n<p>\u201cDerechos de propiedad intelectual\u201d se refiere a todos los derechos presentes y futuros conferidos por ley, derecho consuetudinario o equidad en o en relaci\u00f3n con cualquier derecho de autor y derechos relacionados, marcas comerciales, dise\u00f1os, patentes, invenciones, buena voluntad y el derecho a demandar por suplantaci\u00f3n, derechos a invenciones, derechos de uso y todos los dem\u00e1s derechos de propiedad intelectual, en cada caso registrados o no registrados e incluidas todas las solicitudes y derechos para solicitar y ser otorgados, derechos para reivindicar prioridad, tales derechos y todos los derechos similares o equivalentes o formas de protecci\u00f3n y cualquier otro resultado de la actividad intelectual que subsiste o subsistir\u00e1 ahora o en el futuro en cualquier parte del mundo. Este Acuerdo no le transfiere ninguna propiedad intelectual propiedad de Leao Branco o de terceros, y todos los derechos, t\u00edtulos e intereses sobre dicha propiedad permanecer\u00e1n (entre las partes) \u00fanicamente con Leao Branco. Todas las marcas comerciales, marcas de servicio, gr\u00e1ficos y logotipos utilizados en relaci\u00f3n con el sitio web y los servicios son marcas comerciales o marcas comerciales registradas de Leao Branco o sus licenciantes. Otras marcas comerciales, marcas de servicio, gr\u00e1ficos y logotipos utilizados en relaci\u00f3n con el sitio web y los servicios pueden ser marcas comerciales de otros terceros. Su uso del sitio web y los servicios no le otorga ning\u00fan derecho o licencia para reproducir o utilizar de otro modo cualquiera de las marcas comerciales de Leao Branco o de terceros.<\/p>\n<p><strong>Cambios y enmiendas<\/strong><\/p>\n<p>Nos reservamos el derecho de modificar este Acuerdo o sus t\u00e9rminos relacionados con el Sitio web y los Servicios en cualquier momento a nuestra discreci\u00f3n. Cuando lo hagamos, revisaremos la fecha actualizada en la parte inferior de esta p\u00e1gina. Tambi\u00e9n podemos enviarle un aviso de otras maneras a nuestra discreci\u00f3n, como a trav\u00e9s de la informaci\u00f3n de contacto que ha proporcionado.<\/p>\n<p>Una versi\u00f3n actualizada de este Acuerdo entrar\u00e1 en vigencia inmediatamente despu\u00e9s de la publicaci\u00f3n del Acuerdo revisado, a menos que se especifique lo contrario. Su uso continuado del sitio web y los servicios despu\u00e9s de la fecha de vigencia del Acuerdo revisado (o cualquier otro acto especificado en ese momento) constituir\u00e1 su consentimiento para dichos cambios.<\/p>\n<p><strong>Aceptaci\u00f3n de estos t\u00e9rminos<\/strong><\/p>\n<p>Usted reconoce que ha le\u00eddo este Acuerdo y acepta todos sus t\u00e9rminos y condiciones. Al acceder y utilizar el sitio web y los servicios, usted acepta estar sujeto a este Acuerdo. Si no acepta cumplir con los t\u00e9rminos de este Acuerdo, no est\u00e1 autorizado para acceder o utilizar el sitio web y los servicios.<\/p>\n<p><strong>Contacto<\/strong><\/p>\n<p>Si tiene alguna pregunta, inquietud o queja con respecto a este Acuerdo, lo alentamos a que se comunique con nosotros utilizando los detalles a continuaci\u00f3n:<\/p>\n<blockquote class=\"wp-embedded-content\" data-secret=\"3IyXkRPMnx\"><p><a href=\"https:\/\/leaobrancodesign.com\/es\/\">Inicio<\/a><\/p><\/blockquote>\n<p><iframe class=\"wp-embedded-content\" sandbox=\"allow-scripts\" security=\"restricted\" style=\"position: absolute; clip: rect(1px, 1px, 1px, 1px);\" title=\"\u00abInicio\u00bb \u2014 LEAO\" src=\"https:\/\/leaobrancodesign.com\/es\/embed\/#?secret=wnUWVybYIq#?secret=3IyXkRPMnx\" data-secret=\"3IyXkRPMnx\" width=\"600\" height=\"338\" frameborder=\"0\" marginwidth=\"0\" marginheight=\"0\" scrolling=\"no\"><\/iframe><br \/>\nleaobrancodesign@gmail.com<br \/>\n5810 Biscayne Blvd, 33137, Miami Florida<\/p>\n<p>Este documento fue actualizado por \u00faltima vez el 15 de mayo de 2023<\/p>\n","protected":false},"excerpt":{"rendered":"<p>Estos t\u00e9rminos y condiciones (&#8220;Acuerdo&#8221;) establecen los t\u00e9rminos y condiciones generales de su uso del sitio web leaobrancodesign.com (&#8220;Sitio web&#8221; o &#8220;Servicio&#8221;) y cualquiera de sus productos y servicios relacionados (colectivamente, &#8220;Servicios&#8221;). Este Acuerdo es legalmente vinculante entre usted (&#8220;Usuario&#8221;, &#8220;usted&#8221; o &#8220;su&#8221;) y Leao Branco (&#8220;Leao Branco&#8221;, &#8220;nosotros&#8221;, &#8220;nos&#8221; o &#8220;nuestro&#8221;). Si est\u00e1 celebrando [&hellip;]<\/p>\n","protected":false},"author":2,"featured_media":0,"parent":0,"menu_order":0,"comment_status":"closed","ping_status":"open","template":"","meta":{"footnotes":""},"class_list":["post-4650","page","type-page","status-publish","hentry"],"yoast_head":"<!-- This site is optimized with the Yoast SEO plugin v24.3 - https:\/\/yoast.com\/wordpress\/plugins\/seo\/ -->\n<title>T\u00c9RMINOS DE USO - LEAO BRANCO DESIGN<\/title>\n<meta name=\"robots\" content=\"index, follow, max-snippet:-1, max-image-preview:large, max-video-preview:-1\" \/>\n<link rel=\"canonical\" href=\"https:\/\/www.leaobrancodesign.com\/es\/terminos-de-uso\/\" \/>\n<meta property=\"og:locale\" content=\"es_ES\" \/>\n<meta property=\"og:type\" content=\"article\" \/>\n<meta property=\"og:title\" content=\"T\u00c9RMINOS DE USO - LEAO BRANCO DESIGN\" \/>\n<meta property=\"og:description\" content=\"Estos t\u00e9rminos y condiciones (&#8220;Acuerdo&#8221;) establecen los t\u00e9rminos y condiciones generales de su uso del sitio web leaobrancodesign.com (&#8220;Sitio web&#8221; o &#8220;Servicio&#8221;) y cualquiera de sus productos y servicios relacionados (colectivamente, &#8220;Servicios&#8221;). Este Acuerdo es legalmente vinculante entre usted (&#8220;Usuario&#8221;, &#8220;usted&#8221; o &#8220;su&#8221;) y Leao Branco (&#8220;Leao Branco&#8221;, &#8220;nosotros&#8221;, &#8220;nos&#8221; o &#8220;nuestro&#8221;). Si est\u00e1 celebrando [&hellip;]\" \/>\n<meta property=\"og:url\" content=\"https:\/\/www.leaobrancodesign.com\/es\/terminos-de-uso\/\" \/>\n<meta property=\"og:site_name\" content=\"LEAO BRANCO DESIGN\" \/>\n<meta property=\"article:publisher\" content=\"https:\/\/www.facebook.com\/leaobrancodesign\/\" \/>\n<meta property=\"article:modified_time\" content=\"2023-05-23T18:10:28+00:00\" \/>\n<meta name=\"twitter:card\" content=\"summary_large_image\" \/>\n<meta name=\"twitter:label1\" content=\"Tiempo de lectura\" \/>\n\t<meta name=\"twitter:data1\" content=\"4 minutos\" \/>\n<script type=\"application\/ld+json\" class=\"yoast-schema-graph\">{\"@context\":\"https:\/\/schema.org\",\"@graph\":[{\"@type\":\"WebPage\",\"@id\":\"https:\/\/www.leaobrancodesign.com\/es\/terminos-de-uso\/\",\"url\":\"https:\/\/www.leaobrancodesign.com\/es\/terminos-de-uso\/\",\"name\":\"T\u00c9RMINOS DE USO - LEAO BRANCO DESIGN\",\"isPartOf\":{\"@id\":\"https:\/\/www.leaobrancodesign.com\/#website\"},\"datePublished\":\"2023-05-17T10:05:00+00:00\",\"dateModified\":\"2023-05-23T18:10:28+00:00\",\"breadcrumb\":{\"@id\":\"https:\/\/www.leaobrancodesign.com\/es\/terminos-de-uso\/#breadcrumb\"},\"inLanguage\":\"es\",\"potentialAction\":[{\"@type\":\"ReadAction\",\"target\":[\"https:\/\/www.leaobrancodesign.com\/es\/terminos-de-uso\/\"]}]},{\"@type\":\"BreadcrumbList\",\"@id\":\"https:\/\/www.leaobrancodesign.com\/es\/terminos-de-uso\/#breadcrumb\",\"itemListElement\":[{\"@type\":\"ListItem\",\"position\":1,\"name\":\"Home\",\"item\":\"https:\/\/www.leaobrancodesign.com\/\"},{\"@type\":\"ListItem\",\"position\":2,\"name\":\"T\u00c9RMINOS DE USO\"}]},{\"@type\":\"WebSite\",\"@id\":\"https:\/\/www.leaobrancodesign.com\/#website\",\"url\":\"https:\/\/www.leaobrancodesign.com\/\",\"name\":\"LEAO BRANCO\",\"description\":\"BRAZILIAN FUNITURE\",\"publisher\":{\"@id\":\"https:\/\/www.leaobrancodesign.com\/#organization\"},\"potentialAction\":[{\"@type\":\"SearchAction\",\"target\":{\"@type\":\"EntryPoint\",\"urlTemplate\":\"https:\/\/www.leaobrancodesign.com\/?s={search_term_string}\"},\"query-input\":{\"@type\":\"PropertyValueSpecification\",\"valueRequired\":true,\"valueName\":\"search_term_string\"}}],\"inLanguage\":\"es\"},{\"@type\":\"Organization\",\"@id\":\"https:\/\/www.leaobrancodesign.com\/#organization\",\"name\":\"LEAO BRANCO DESIGN\",\"url\":\"https:\/\/www.leaobrancodesign.com\/\",\"logo\":{\"@type\":\"ImageObject\",\"inLanguage\":\"es\",\"@id\":\"https:\/\/www.leaobrancodesign.com\/#\/schema\/logo\/image\/\",\"url\":\"https:\/\/www.leaobrancodesign.com\/wp-content\/uploads\/2023\/02\/Recurso-1.svg\",\"contentUrl\":\"https:\/\/www.leaobrancodesign.com\/wp-content\/uploads\/2023\/02\/Recurso-1.svg\",\"width\":366,\"height\":111,\"caption\":\"LEAO BRANCO DESIGN\"},\"image\":{\"@id\":\"https:\/\/www.leaobrancodesign.com\/#\/schema\/logo\/image\/\"},\"sameAs\":[\"https:\/\/www.facebook.com\/leaobrancodesign\/\"]}]}<\/script>\n<!-- \/ Yoast SEO plugin. -->","yoast_head_json":{"title":"T\u00c9RMINOS DE USO - LEAO BRANCO DESIGN","robots":{"index":"index","follow":"follow","max-snippet":"max-snippet:-1","max-image-preview":"max-image-preview:large","max-video-preview":"max-video-preview:-1"},"canonical":"https:\/\/www.leaobrancodesign.com\/es\/terminos-de-uso\/","og_locale":"es_ES","og_type":"article","og_title":"T\u00c9RMINOS DE USO - LEAO BRANCO DESIGN","og_description":"Estos t\u00e9rminos y condiciones (&#8220;Acuerdo&#8221;) establecen los t\u00e9rminos y condiciones generales de su uso del sitio web leaobrancodesign.com (&#8220;Sitio web&#8221; o &#8220;Servicio&#8221;) y cualquiera de sus productos y servicios relacionados (colectivamente, &#8220;Servicios&#8221;). Este Acuerdo es legalmente vinculante entre usted (&#8220;Usuario&#8221;, &#8220;usted&#8221; o &#8220;su&#8221;) y Leao Branco (&#8220;Leao Branco&#8221;, &#8220;nosotros&#8221;, &#8220;nos&#8221; o &#8220;nuestro&#8221;). Si est\u00e1 celebrando [&hellip;]","og_url":"https:\/\/www.leaobrancodesign.com\/es\/terminos-de-uso\/","og_site_name":"LEAO BRANCO DESIGN","article_publisher":"https:\/\/www.facebook.com\/leaobrancodesign\/","article_modified_time":"2023-05-23T18:10:28+00:00","twitter_card":"summary_large_image","twitter_misc":{"Tiempo de lectura":"4 minutos"},"schema":{"@context":"https:\/\/schema.org","@graph":[{"@type":"WebPage","@id":"https:\/\/www.leaobrancodesign.com\/es\/terminos-de-uso\/","url":"https:\/\/www.leaobrancodesign.com\/es\/terminos-de-uso\/","name":"T\u00c9RMINOS DE USO - LEAO BRANCO DESIGN","isPartOf":{"@id":"https:\/\/www.leaobrancodesign.com\/#website"},"datePublished":"2023-05-17T10:05:00+00:00","dateModified":"2023-05-23T18:10:28+00:00","breadcrumb":{"@id":"https:\/\/www.leaobrancodesign.com\/es\/terminos-de-uso\/#breadcrumb"},"inLanguage":"es","potentialAction":[{"@type":"ReadAction","target":["https:\/\/www.leaobrancodesign.com\/es\/terminos-de-uso\/"]}]},{"@type":"BreadcrumbList","@id":"https:\/\/www.leaobrancodesign.com\/es\/terminos-de-uso\/#breadcrumb","itemListElement":[{"@type":"ListItem","position":1,"name":"Home","item":"https:\/\/www.leaobrancodesign.com\/"},{"@type":"ListItem","position":2,"name":"T\u00c9RMINOS DE USO"}]},{"@type":"WebSite","@id":"https:\/\/www.leaobrancodesign.com\/#website","url":"https:\/\/www.leaobrancodesign.com\/","name":"LEAO BRANCO","description":"BRAZILIAN FUNITURE","publisher":{"@id":"https:\/\/www.leaobrancodesign.com\/#organization"},"potentialAction":[{"@type":"SearchAction","target":{"@type":"EntryPoint","urlTemplate":"https:\/\/www.leaobrancodesign.com\/?s={search_term_string}"},"query-input":{"@type":"PropertyValueSpecification","valueRequired":true,"valueName":"search_term_string"}}],"inLanguage":"es"},{"@type":"Organization","@id":"https:\/\/www.leaobrancodesign.com\/#organization","name":"LEAO BRANCO DESIGN","url":"https:\/\/www.leaobrancodesign.com\/","logo":{"@type":"ImageObject","inLanguage":"es","@id":"https:\/\/www.leaobrancodesign.com\/#\/schema\/logo\/image\/","url":"https:\/\/www.leaobrancodesign.com\/wp-content\/uploads\/2023\/02\/Recurso-1.svg","contentUrl":"https:\/\/www.leaobrancodesign.com\/wp-content\/uploads\/2023\/02\/Recurso-1.svg","width":366,"height":111,"caption":"LEAO BRANCO DESIGN"},"image":{"@id":"https:\/\/www.leaobrancodesign.com\/#\/schema\/logo\/image\/"},"sameAs":["https:\/\/www.facebook.com\/leaobrancodesign\/"]}]}},"_links":{"self":[{"href":"https:\/\/www.leaobrancodesign.com\/es\/wp-json\/wp\/v2\/pages\/4650","targetHints":{"allow":["GET"]}}],"collection":[{"href":"https:\/\/www.leaobrancodesign.com\/es\/wp-json\/wp\/v2\/pages"}],"about":[{"href":"https:\/\/www.leaobrancodesign.com\/es\/wp-json\/wp\/v2\/types\/page"}],"author":[{"embeddable":true,"href":"https:\/\/www.leaobrancodesign.com\/es\/wp-json\/wp\/v2\/users\/2"}],"replies":[{"embeddable":true,"href":"https:\/\/www.leaobrancodesign.com\/es\/wp-json\/wp\/v2\/comments?post=4650"}],"version-history":[{"count":0,"href":"https:\/\/www.leaobrancodesign.com\/es\/wp-json\/wp\/v2\/pages\/4650\/revisions"}],"wp:attachment":[{"href":"https:\/\/www.leaobrancodesign.com\/es\/wp-json\/wp\/v2\/media?parent=4650"}],"curies":[{"name":"wp","href":"https:\/\/api.w.org\/{rel}","templated":true}]}}