{"id":1446,"date":"2023-02-27T15:52:51","date_gmt":"2023-02-27T20:52:51","guid":{"rendered":"http:\/\/162.240.211.105\/~wwzamb\/leaoweb\/product\/sillon-lin\/"},"modified":"2024-09-27T16:23:48","modified_gmt":"2024-09-27T21:23:48","slug":"poltrona-lin","status":"publish","type":"product","link":"https:\/\/www.leaobrancodesign.com\/es\/producto\/poltrona-lin\/","title":{"rendered":"Lin"},"content":{"rendered":"<div class=\"splide\">\n<div class=\"splide__track\">\n<ul class=\"splide__list\">\n<li class=\"splide__slide\"><img decoding=\"async\" src=\"https:\/\/leaobrancodesign.com\/wp-content\/uploads\/2023\/05\/lin-detail.jpg\" alt=\"Slider\" \/><\/li>\n<li class=\"splide__slide\"><img decoding=\"async\" src=\"https:\/\/leaobrancodesign.com\/wp-content\/uploads\/2023\/05\/Untitled-design-2.jpg\" alt=\"Slider\" \/><\/li>\n<li class=\"splide__slide\"><img decoding=\"async\" src=\"https:\/\/leaobrancodesign.com\/wp-content\/uploads\/2023\/05\/Untitled-design-1.jpg\" alt=\"Slider\" \/><\/li>\n<li class=\"splide__slide\"><img decoding=\"async\" src=\"https:\/\/leaobrancodesign.com\/wp-content\/uploads\/2023\/02\/Ambiente-7.jpg\" alt=\"Slider\" \/><\/li>\n<\/ul>\n<\/div>\n<\/div>\n","protected":false},"excerpt":{"rendered":"<p><strong>Especificaciones: <\/strong><\/p>\n<p>Dimensiones:<br \/>\n111 x 75 x 89\u00a0 cm<br \/>\n43&#8243; x 29&#8243; x 35&#8243;<\/p>\n<p>Materiales:<br \/>\nAsiento en tela y cuerda natural en los laterales. Patas de madera<\/p>\n<p>Colores:<\/p>\n<p><img decoding=\"async\" class=\"alignnone wp-image-334\" src=\"https:\/\/leaobrancodesign.com\/wp-content\/uploads\/2023\/02\/Material-7.jpg\" alt=\"\" width=\"120\" height=\"115\" \/><img decoding=\"async\" class=\"alignnone size-full wp-image-4999\" src=\"https:\/\/leaobrancodesign.com\/wp-content\/uploads\/2023\/05\/Untitled-design-2-2.jpg\" alt=\"\" width=\"116\" height=\"116\" srcset=\"https:\/\/www.leaobrancodesign.com\/wp-content\/uploads\/2023\/05\/Untitled-design-2-2.jpg 116w, https:\/\/www.leaobrancodesign.com\/wp-content\/uploads\/2023\/05\/Untitled-design-2-2-100x100.jpg 100w\" sizes=\"(max-width: 116px) 100vw, 116px\" \/><\/p>\n<p>&nbsp;<\/p>\n","protected":false},"featured_media":891,"comment_status":"open","ping_status":"closed","template":"","meta":[],"product_brand":[44],"product_cat":[74,75],"product_tag":[],"class_list":{"0":"post-1446","1":"product","2":"type-product","3":"status-publish","4":"has-post-thumbnail","6":"product_brand-james-moveis","7":"product_cat-sala-es","8":"product_cat-poltronas-es","10":"first","11":"instock","12":"shipping-taxable","13":"product-type-simple"},"yoast_head":"<!-- This site is optimized with the Yoast SEO plugin v24.3 - https:\/\/yoast.com\/wordpress\/plugins\/seo\/ -->\n<title>Lin - LEAO BRANCO DESIGN<\/title>\n<meta name=\"description\" content=\"La poltrona Lin funciona tanto en interiores como en exteriores gracias a su dise\u00f1o inspirado en la naturaleza y en la esencia de los materiales. El dise\u00f1o \u00fanico de los laterales le dan un dise\u00f1o exclusivo y su amplitud permite estar c\u00f3modo por horas.\" \/>\n<meta name=\"robots\" content=\"index, follow, max-snippet:-1, max-image-preview:large, max-video-preview:-1\" \/>\n<link rel=\"canonical\" href=\"https:\/\/www.leaobrancodesign.com\/es\/producto\/poltrona-lin\/\" \/>\n<meta property=\"og:locale\" content=\"es_ES\" \/>\n<meta property=\"og:type\" content=\"article\" \/>\n<meta property=\"og:title\" content=\"Lin - LEAO BRANCO DESIGN\" \/>\n<meta property=\"og:description\" content=\"La poltrona Lin funciona tanto en interiores como en exteriores gracias a su dise\u00f1o inspirado en la naturaleza y en la esencia de los materiales. El dise\u00f1o \u00fanico de los laterales le dan un dise\u00f1o exclusivo y su amplitud permite estar c\u00f3modo por horas.\" \/>\n<meta property=\"og:url\" content=\"https:\/\/www.leaobrancodesign.com\/es\/producto\/poltrona-lin\/\" \/>\n<meta property=\"og:site_name\" content=\"LEAO BRANCO DESIGN\" \/>\n<meta property=\"article:publisher\" content=\"https:\/\/www.facebook.com\/leaobrancodesign\/\" \/>\n<meta property=\"article:modified_time\" content=\"2024-09-27T21:23:48+00:00\" \/>\n<meta property=\"og:image\" content=\"https:\/\/www.leaobrancodesign.com\/wp-content\/uploads\/2023\/02\/Lin.jpg\" \/>\n\t<meta property=\"og:image:width\" content=\"633\" \/>\n\t<meta property=\"og:image:height\" content=\"495\" \/>\n\t<meta property=\"og:image:type\" content=\"image\/jpeg\" \/>\n<meta name=\"twitter:card\" content=\"summary_large_image\" \/>\n<meta name=\"twitter:label1\" content=\"Tiempo de lectura\" \/>\n\t<meta name=\"twitter:data1\" content=\"1 minuto\" \/>\n<script type=\"application\/ld+json\" class=\"yoast-schema-graph\">{\"@context\":\"https:\/\/schema.org\",\"@graph\":[{\"@type\":\"WebPage\",\"@id\":\"https:\/\/www.leaobrancodesign.com\/es\/producto\/poltrona-lin\/\",\"url\":\"https:\/\/www.leaobrancodesign.com\/es\/producto\/poltrona-lin\/\",\"name\":\"Lin - LEAO BRANCO DESIGN\",\"isPartOf\":{\"@id\":\"https:\/\/www.leaobrancodesign.com\/#website\"},\"primaryImageOfPage\":{\"@id\":\"https:\/\/www.leaobrancodesign.com\/es\/producto\/poltrona-lin\/#primaryimage\"},\"image\":{\"@id\":\"https:\/\/www.leaobrancodesign.com\/es\/producto\/poltrona-lin\/#primaryimage\"},\"thumbnailUrl\":\"https:\/\/www.leaobrancodesign.com\/wp-content\/uploads\/2023\/02\/Lin.jpg\",\"datePublished\":\"2023-02-27T20:52:51+00:00\",\"dateModified\":\"2024-09-27T21:23:48+00:00\",\"description\":\"La poltrona Lin funciona tanto en interiores como en exteriores gracias a su dise\u00f1o inspirado en la naturaleza y en la esencia de los materiales. El dise\u00f1o \u00fanico de los laterales le dan un dise\u00f1o exclusivo y su amplitud permite estar c\u00f3modo por horas.\",\"breadcrumb\":{\"@id\":\"https:\/\/www.leaobrancodesign.com\/es\/producto\/poltrona-lin\/#breadcrumb\"},\"inLanguage\":\"es\",\"potentialAction\":[{\"@type\":\"ReadAction\",\"target\":[\"https:\/\/www.leaobrancodesign.com\/es\/producto\/poltrona-lin\/\"]}]},{\"@type\":\"ImageObject\",\"inLanguage\":\"es\",\"@id\":\"https:\/\/www.leaobrancodesign.com\/es\/producto\/poltrona-lin\/#primaryimage\",\"url\":\"https:\/\/www.leaobrancodesign.com\/wp-content\/uploads\/2023\/02\/Lin.jpg\",\"contentUrl\":\"https:\/\/www.leaobrancodesign.com\/wp-content\/uploads\/2023\/02\/Lin.jpg\",\"width\":633,\"height\":495},{\"@type\":\"BreadcrumbList\",\"@id\":\"https:\/\/www.leaobrancodesign.com\/es\/producto\/poltrona-lin\/#breadcrumb\",\"itemListElement\":[{\"@type\":\"ListItem\",\"position\":1,\"name\":\"Home\",\"item\":\"https:\/\/www.leaobrancodesign.com\/\"},{\"@type\":\"ListItem\",\"position\":2,\"name\":\"Tienda\",\"item\":\"https:\/\/www.leaobrancodesign.com\/es\/?page_id=745\"},{\"@type\":\"ListItem\",\"position\":3,\"name\":\"Lin\"}]},{\"@type\":\"WebSite\",\"@id\":\"https:\/\/www.leaobrancodesign.com\/#website\",\"url\":\"https:\/\/www.leaobrancodesign.com\/\",\"name\":\"LEAO BRANCO\",\"description\":\"BRAZILIAN FUNITURE\",\"publisher\":{\"@id\":\"https:\/\/www.leaobrancodesign.com\/#organization\"},\"potentialAction\":[{\"@type\":\"SearchAction\",\"target\":{\"@type\":\"EntryPoint\",\"urlTemplate\":\"https:\/\/www.leaobrancodesign.com\/?s={search_term_string}\"},\"query-input\":{\"@type\":\"PropertyValueSpecification\",\"valueRequired\":true,\"valueName\":\"search_term_string\"}}],\"inLanguage\":\"es\"},{\"@type\":\"Organization\",\"@id\":\"https:\/\/www.leaobrancodesign.com\/#organization\",\"name\":\"LEAO BRANCO DESIGN\",\"url\":\"https:\/\/www.leaobrancodesign.com\/\",\"logo\":{\"@type\":\"ImageObject\",\"inLanguage\":\"es\",\"@id\":\"https:\/\/www.leaobrancodesign.com\/#\/schema\/logo\/image\/\",\"url\":\"https:\/\/www.leaobrancodesign.com\/wp-content\/uploads\/2023\/02\/Recurso-1.svg\",\"contentUrl\":\"https:\/\/www.leaobrancodesign.com\/wp-content\/uploads\/2023\/02\/Recurso-1.svg\",\"width\":366,\"height\":111,\"caption\":\"LEAO BRANCO DESIGN\"},\"image\":{\"@id\":\"https:\/\/www.leaobrancodesign.com\/#\/schema\/logo\/image\/\"},\"sameAs\":[\"https:\/\/www.facebook.com\/leaobrancodesign\/\"]}]}<\/script>\n<!-- \/ Yoast SEO plugin. -->","yoast_head_json":{"title":"Lin - LEAO BRANCO DESIGN","description":"La poltrona Lin funciona tanto en interiores como en exteriores gracias a su dise\u00f1o inspirado en la naturaleza y en la esencia de los materiales. El dise\u00f1o \u00fanico de los laterales le dan un dise\u00f1o exclusivo y su amplitud permite estar c\u00f3modo por horas.","robots":{"index":"index","follow":"follow","max-snippet":"max-snippet:-1","max-image-preview":"max-image-preview:large","max-video-preview":"max-video-preview:-1"},"canonical":"https:\/\/www.leaobrancodesign.com\/es\/producto\/poltrona-lin\/","og_locale":"es_ES","og_type":"article","og_title":"Lin - LEAO BRANCO DESIGN","og_description":"La poltrona Lin funciona tanto en interiores como en exteriores gracias a su dise\u00f1o inspirado en la naturaleza y en la esencia de los materiales. El dise\u00f1o \u00fanico de los laterales le dan un dise\u00f1o exclusivo y su amplitud permite estar c\u00f3modo por horas.","og_url":"https:\/\/www.leaobrancodesign.com\/es\/producto\/poltrona-lin\/","og_site_name":"LEAO BRANCO DESIGN","article_publisher":"https:\/\/www.facebook.com\/leaobrancodesign\/","article_modified_time":"2024-09-27T21:23:48+00:00","og_image":[{"width":633,"height":495,"url":"https:\/\/www.leaobrancodesign.com\/wp-content\/uploads\/2023\/02\/Lin.jpg","type":"image\/jpeg"}],"twitter_card":"summary_large_image","twitter_misc":{"Tiempo de lectura":"1 minuto"},"schema":{"@context":"https:\/\/schema.org","@graph":[{"@type":"WebPage","@id":"https:\/\/www.leaobrancodesign.com\/es\/producto\/poltrona-lin\/","url":"https:\/\/www.leaobrancodesign.com\/es\/producto\/poltrona-lin\/","name":"Lin - LEAO BRANCO DESIGN","isPartOf":{"@id":"https:\/\/www.leaobrancodesign.com\/#website"},"primaryImageOfPage":{"@id":"https:\/\/www.leaobrancodesign.com\/es\/producto\/poltrona-lin\/#primaryimage"},"image":{"@id":"https:\/\/www.leaobrancodesign.com\/es\/producto\/poltrona-lin\/#primaryimage"},"thumbnailUrl":"https:\/\/www.leaobrancodesign.com\/wp-content\/uploads\/2023\/02\/Lin.jpg","datePublished":"2023-02-27T20:52:51+00:00","dateModified":"2024-09-27T21:23:48+00:00","description":"La poltrona Lin funciona tanto en interiores como en exteriores gracias a su dise\u00f1o inspirado en la naturaleza y en la esencia de los materiales. El dise\u00f1o \u00fanico de los laterales le dan un dise\u00f1o exclusivo y su amplitud permite estar c\u00f3modo por horas.","breadcrumb":{"@id":"https:\/\/www.leaobrancodesign.com\/es\/producto\/poltrona-lin\/#breadcrumb"},"inLanguage":"es","potentialAction":[{"@type":"ReadAction","target":["https:\/\/www.leaobrancodesign.com\/es\/producto\/poltrona-lin\/"]}]},{"@type":"ImageObject","inLanguage":"es","@id":"https:\/\/www.leaobrancodesign.com\/es\/producto\/poltrona-lin\/#primaryimage","url":"https:\/\/www.leaobrancodesign.com\/wp-content\/uploads\/2023\/02\/Lin.jpg","contentUrl":"https:\/\/www.leaobrancodesign.com\/wp-content\/uploads\/2023\/02\/Lin.jpg","width":633,"height":495},{"@type":"BreadcrumbList","@id":"https:\/\/www.leaobrancodesign.com\/es\/producto\/poltrona-lin\/#breadcrumb","itemListElement":[{"@type":"ListItem","position":1,"name":"Home","item":"https:\/\/www.leaobrancodesign.com\/"},{"@type":"ListItem","position":2,"name":"Tienda","item":"https:\/\/www.leaobrancodesign.com\/es\/?page_id=745"},{"@type":"ListItem","position":3,"name":"Lin"}]},{"@type":"WebSite","@id":"https:\/\/www.leaobrancodesign.com\/#website","url":"https:\/\/www.leaobrancodesign.com\/","name":"LEAO BRANCO","description":"BRAZILIAN FUNITURE","publisher":{"@id":"https:\/\/www.leaobrancodesign.com\/#organization"},"potentialAction":[{"@type":"SearchAction","target":{"@type":"EntryPoint","urlTemplate":"https:\/\/www.leaobrancodesign.com\/?s={search_term_string}"},"query-input":{"@type":"PropertyValueSpecification","valueRequired":true,"valueName":"search_term_string"}}],"inLanguage":"es"},{"@type":"Organization","@id":"https:\/\/www.leaobrancodesign.com\/#organization","name":"LEAO BRANCO DESIGN","url":"https:\/\/www.leaobrancodesign.com\/","logo":{"@type":"ImageObject","inLanguage":"es","@id":"https:\/\/www.leaobrancodesign.com\/#\/schema\/logo\/image\/","url":"https:\/\/www.leaobrancodesign.com\/wp-content\/uploads\/2023\/02\/Recurso-1.svg","contentUrl":"https:\/\/www.leaobrancodesign.com\/wp-content\/uploads\/2023\/02\/Recurso-1.svg","width":366,"height":111,"caption":"LEAO BRANCO DESIGN"},"image":{"@id":"https:\/\/www.leaobrancodesign.com\/#\/schema\/logo\/image\/"},"sameAs":["https:\/\/www.facebook.com\/leaobrancodesign\/"]}]}},"_links":{"self":[{"href":"https:\/\/www.leaobrancodesign.com\/es\/wp-json\/wp\/v2\/product\/1446","targetHints":{"allow":["GET"]}}],"collection":[{"href":"https:\/\/www.leaobrancodesign.com\/es\/wp-json\/wp\/v2\/product"}],"about":[{"href":"https:\/\/www.leaobrancodesign.com\/es\/wp-json\/wp\/v2\/types\/product"}],"replies":[{"embeddable":true,"href":"https:\/\/www.leaobrancodesign.com\/es\/wp-json\/wp\/v2\/comments?post=1446"}],"version-history":[{"count":0,"href":"https:\/\/www.leaobrancodesign.com\/es\/wp-json\/wp\/v2\/product\/1446\/revisions"}],"wp:featuredmedia":[{"embeddable":true,"href":"https:\/\/www.leaobrancodesign.com\/es\/wp-json\/wp\/v2\/media\/891"}],"wp:attachment":[{"href":"https:\/\/www.leaobrancodesign.com\/es\/wp-json\/wp\/v2\/media?parent=1446"}],"wp:term":[{"taxonomy":"product_brand","embeddable":true,"href":"https:\/\/www.leaobrancodesign.com\/es\/wp-json\/wp\/v2\/product_brand?post=1446"},{"taxonomy":"product_cat","embeddable":true,"href":"https:\/\/www.leaobrancodesign.com\/es\/wp-json\/wp\/v2\/product_cat?post=1446"},{"taxonomy":"product_tag","embeddable":true,"href":"https:\/\/www.leaobrancodesign.com\/es\/wp-json\/wp\/v2\/product_tag?post=1446"}],"curies":[{"name":"wp","href":"https:\/\/api.w.org\/{rel}","templated":true}]}}