{"id":4362,"date":"2023-05-09T14:22:55","date_gmt":"2023-05-09T19:22:55","guid":{"rendered":"https:\/\/leaobrancodesign.com\/?post_type=product&#038;p=4362"},"modified":"2023-05-25T14:10:19","modified_gmt":"2023-05-25T14:10:19","slug":"sofa-moroso","status":"publish","type":"product","link":"https:\/\/www.leaobrancodesign.com\/es\/producto\/sofa-moroso\/","title":{"rendered":"Sofa Moroso"},"content":{"rendered":"<p>&nbsp;<\/p>\n<div class=\"splide\">\n<div class=\"splide__track\">\n<ul class=\"splide__list\">\n<li class=\"splide__slide\"><img decoding=\"async\" src=\"https:\/\/leaobrancodesign.com\/wp-content\/uploads\/2023\/05\/moroso-side-close-up.jpg\" alt=\"Slider\" \/><\/li>\n<li class=\"splide__slide\"><img decoding=\"async\" src=\"https:\/\/leaobrancodesign.com\/wp-content\/uploads\/2023\/05\/sofa-moroso.jpg\" alt=\"Slider\" \/><\/li>\n<\/ul>\n<\/div>\n<\/div>\n","protected":false},"excerpt":{"rendered":"<p><strong>Especificationes:\u00a0 \u00a0<\/strong><\/p>\n<p>Dimensiones:<br \/>\nConsultar por tama\u00f1os disponibles en stock<\/p>\n<p>Materiales:<br \/>\nTapizado en tela, con respaldo reclinable<\/p>\n<p>Colores:<\/p>\n<p><img decoding=\"async\" class=\"alignnone wp-image-139\" src=\"https:\/\/leaobrancodesign.com\/wp-content\/uploads\/2023\/02\/Material.jpg\" alt=\"\" width=\"86\" height=\"82\" \/><\/p>\n<p>*Pregunta por otros colores disponibles<\/p>\n","protected":false},"featured_media":5796,"comment_status":"open","ping_status":"closed","template":"","meta":[],"product_brand":[31],"product_cat":[74,77],"product_tag":[],"class_list":{"0":"post-4362","1":"product","2":"type-product","3":"status-publish","4":"has-post-thumbnail","6":"product_brand-mauricio-bomfim","7":"product_cat-sala-es","8":"product_cat-sofas-es","10":"first","11":"instock","12":"shipping-taxable","13":"product-type-simple"},"yoast_head":"<!-- This site is optimized with the Yoast SEO plugin v24.3 - https:\/\/yoast.com\/wordpress\/plugins\/seo\/ -->\n<title>Sofa Moroso - LEAO BRANCO DESIGN<\/title>\n<meta name=\"description\" content=\"El sof\u00e1 Moroso se define no solo por su dise\u00f1o sino tambi\u00e9n por sus posibilidades de acomodaci\u00f3n. Este sof\u00e1 el\u00e9ctrico puede proporcionar el m\u00e1ximo confort al reclinar el respaldo. El asiento tambi\u00e9n es retr\u00e1ctil.\" \/>\n<meta name=\"robots\" content=\"index, follow, max-snippet:-1, max-image-preview:large, max-video-preview:-1\" \/>\n<link rel=\"canonical\" href=\"https:\/\/www.leaobrancodesign.com\/es\/producto\/sofa-moroso\/\" \/>\n<meta property=\"og:locale\" content=\"es_ES\" \/>\n<meta property=\"og:type\" content=\"article\" \/>\n<meta property=\"og:title\" content=\"Sofa Moroso - LEAO BRANCO DESIGN\" \/>\n<meta property=\"og:description\" content=\"El sof\u00e1 Moroso se define no solo por su dise\u00f1o sino tambi\u00e9n por sus posibilidades de acomodaci\u00f3n. Este sof\u00e1 el\u00e9ctrico puede proporcionar el m\u00e1ximo confort al reclinar el respaldo. El asiento tambi\u00e9n es retr\u00e1ctil.\" \/>\n<meta property=\"og:url\" content=\"https:\/\/www.leaobrancodesign.com\/es\/producto\/sofa-moroso\/\" \/>\n<meta property=\"og:site_name\" content=\"LEAO BRANCO DESIGN\" \/>\n<meta property=\"article:publisher\" content=\"https:\/\/www.facebook.com\/leaobrancodesign\/\" \/>\n<meta property=\"article:modified_time\" content=\"2023-05-25T14:10:19+00:00\" \/>\n<meta property=\"og:image\" content=\"https:\/\/www.leaobrancodesign.com\/wp-content\/uploads\/2023\/05\/couch-moroso-1.jpg\" \/>\n\t<meta property=\"og:image:width\" content=\"910\" \/>\n\t<meta property=\"og:image:height\" content=\"512\" \/>\n\t<meta property=\"og:image:type\" content=\"image\/jpeg\" \/>\n<meta name=\"twitter:card\" content=\"summary_large_image\" \/>\n<meta name=\"twitter:label1\" content=\"Tiempo de lectura\" \/>\n\t<meta name=\"twitter:data1\" content=\"1 minuto\" \/>\n<script type=\"application\/ld+json\" class=\"yoast-schema-graph\">{\"@context\":\"https:\/\/schema.org\",\"@graph\":[{\"@type\":\"WebPage\",\"@id\":\"https:\/\/www.leaobrancodesign.com\/es\/producto\/sofa-moroso\/\",\"url\":\"https:\/\/www.leaobrancodesign.com\/es\/producto\/sofa-moroso\/\",\"name\":\"Sofa Moroso - LEAO BRANCO DESIGN\",\"isPartOf\":{\"@id\":\"https:\/\/www.leaobrancodesign.com\/#website\"},\"primaryImageOfPage\":{\"@id\":\"https:\/\/www.leaobrancodesign.com\/es\/producto\/sofa-moroso\/#primaryimage\"},\"image\":{\"@id\":\"https:\/\/www.leaobrancodesign.com\/es\/producto\/sofa-moroso\/#primaryimage\"},\"thumbnailUrl\":\"https:\/\/www.leaobrancodesign.com\/wp-content\/uploads\/2023\/05\/Productos-pag-leao-16-1.jpg\",\"datePublished\":\"2023-05-09T19:22:55+00:00\",\"dateModified\":\"2023-05-25T14:10:19+00:00\",\"description\":\"El sof\u00e1 Moroso se define no solo por su dise\u00f1o sino tambi\u00e9n por sus posibilidades de acomodaci\u00f3n. Este sof\u00e1 el\u00e9ctrico puede proporcionar el m\u00e1ximo confort al reclinar el respaldo. El asiento tambi\u00e9n es retr\u00e1ctil.\",\"breadcrumb\":{\"@id\":\"https:\/\/www.leaobrancodesign.com\/es\/producto\/sofa-moroso\/#breadcrumb\"},\"inLanguage\":\"es\",\"potentialAction\":[{\"@type\":\"ReadAction\",\"target\":[\"https:\/\/www.leaobrancodesign.com\/es\/producto\/sofa-moroso\/\"]}]},{\"@type\":\"ImageObject\",\"inLanguage\":\"es\",\"@id\":\"https:\/\/www.leaobrancodesign.com\/es\/producto\/sofa-moroso\/#primaryimage\",\"url\":\"https:\/\/www.leaobrancodesign.com\/wp-content\/uploads\/2023\/05\/Productos-pag-leao-16-1.jpg\",\"contentUrl\":\"https:\/\/www.leaobrancodesign.com\/wp-content\/uploads\/2023\/05\/Productos-pag-leao-16-1.jpg\",\"width\":1200,\"height\":628},{\"@type\":\"BreadcrumbList\",\"@id\":\"https:\/\/www.leaobrancodesign.com\/es\/producto\/sofa-moroso\/#breadcrumb\",\"itemListElement\":[{\"@type\":\"ListItem\",\"position\":1,\"name\":\"Home\",\"item\":\"https:\/\/www.leaobrancodesign.com\/\"},{\"@type\":\"ListItem\",\"position\":2,\"name\":\"Tienda\",\"item\":\"https:\/\/www.leaobrancodesign.com\/es\/?page_id=745\"},{\"@type\":\"ListItem\",\"position\":3,\"name\":\"Sofa Moroso\"}]},{\"@type\":\"WebSite\",\"@id\":\"https:\/\/www.leaobrancodesign.com\/#website\",\"url\":\"https:\/\/www.leaobrancodesign.com\/\",\"name\":\"LEAO BRANCO\",\"description\":\"BRAZILIAN FUNITURE\",\"publisher\":{\"@id\":\"https:\/\/www.leaobrancodesign.com\/#organization\"},\"potentialAction\":[{\"@type\":\"SearchAction\",\"target\":{\"@type\":\"EntryPoint\",\"urlTemplate\":\"https:\/\/www.leaobrancodesign.com\/?s={search_term_string}\"},\"query-input\":{\"@type\":\"PropertyValueSpecification\",\"valueRequired\":true,\"valueName\":\"search_term_string\"}}],\"inLanguage\":\"es\"},{\"@type\":\"Organization\",\"@id\":\"https:\/\/www.leaobrancodesign.com\/#organization\",\"name\":\"LEAO BRANCO DESIGN\",\"url\":\"https:\/\/www.leaobrancodesign.com\/\",\"logo\":{\"@type\":\"ImageObject\",\"inLanguage\":\"es\",\"@id\":\"https:\/\/www.leaobrancodesign.com\/#\/schema\/logo\/image\/\",\"url\":\"https:\/\/www.leaobrancodesign.com\/wp-content\/uploads\/2023\/02\/Recurso-1.svg\",\"contentUrl\":\"https:\/\/www.leaobrancodesign.com\/wp-content\/uploads\/2023\/02\/Recurso-1.svg\",\"width\":366,\"height\":111,\"caption\":\"LEAO BRANCO DESIGN\"},\"image\":{\"@id\":\"https:\/\/www.leaobrancodesign.com\/#\/schema\/logo\/image\/\"},\"sameAs\":[\"https:\/\/www.facebook.com\/leaobrancodesign\/\"]}]}<\/script>\n<!-- \/ Yoast SEO plugin. -->","yoast_head_json":{"title":"Sofa Moroso - LEAO BRANCO DESIGN","description":"El sof\u00e1 Moroso se define no solo por su dise\u00f1o sino tambi\u00e9n por sus posibilidades de acomodaci\u00f3n. Este sof\u00e1 el\u00e9ctrico puede proporcionar el m\u00e1ximo confort al reclinar el respaldo. El asiento tambi\u00e9n es retr\u00e1ctil.","robots":{"index":"index","follow":"follow","max-snippet":"max-snippet:-1","max-image-preview":"max-image-preview:large","max-video-preview":"max-video-preview:-1"},"canonical":"https:\/\/www.leaobrancodesign.com\/es\/producto\/sofa-moroso\/","og_locale":"es_ES","og_type":"article","og_title":"Sofa Moroso - LEAO BRANCO DESIGN","og_description":"El sof\u00e1 Moroso se define no solo por su dise\u00f1o sino tambi\u00e9n por sus posibilidades de acomodaci\u00f3n. Este sof\u00e1 el\u00e9ctrico puede proporcionar el m\u00e1ximo confort al reclinar el respaldo. El asiento tambi\u00e9n es retr\u00e1ctil.","og_url":"https:\/\/www.leaobrancodesign.com\/es\/producto\/sofa-moroso\/","og_site_name":"LEAO BRANCO DESIGN","article_publisher":"https:\/\/www.facebook.com\/leaobrancodesign\/","article_modified_time":"2023-05-25T14:10:19+00:00","og_image":[{"width":910,"height":512,"url":"https:\/\/www.leaobrancodesign.com\/wp-content\/uploads\/2023\/05\/couch-moroso-1.jpg","type":"image\/jpeg"}],"twitter_card":"summary_large_image","twitter_misc":{"Tiempo de lectura":"1 minuto"},"schema":{"@context":"https:\/\/schema.org","@graph":[{"@type":"WebPage","@id":"https:\/\/www.leaobrancodesign.com\/es\/producto\/sofa-moroso\/","url":"https:\/\/www.leaobrancodesign.com\/es\/producto\/sofa-moroso\/","name":"Sofa Moroso - LEAO BRANCO DESIGN","isPartOf":{"@id":"https:\/\/www.leaobrancodesign.com\/#website"},"primaryImageOfPage":{"@id":"https:\/\/www.leaobrancodesign.com\/es\/producto\/sofa-moroso\/#primaryimage"},"image":{"@id":"https:\/\/www.leaobrancodesign.com\/es\/producto\/sofa-moroso\/#primaryimage"},"thumbnailUrl":"https:\/\/www.leaobrancodesign.com\/wp-content\/uploads\/2023\/05\/Productos-pag-leao-16-1.jpg","datePublished":"2023-05-09T19:22:55+00:00","dateModified":"2023-05-25T14:10:19+00:00","description":"El sof\u00e1 Moroso se define no solo por su dise\u00f1o sino tambi\u00e9n por sus posibilidades de acomodaci\u00f3n. Este sof\u00e1 el\u00e9ctrico puede proporcionar el m\u00e1ximo confort al reclinar el respaldo. El asiento tambi\u00e9n es retr\u00e1ctil.","breadcrumb":{"@id":"https:\/\/www.leaobrancodesign.com\/es\/producto\/sofa-moroso\/#breadcrumb"},"inLanguage":"es","potentialAction":[{"@type":"ReadAction","target":["https:\/\/www.leaobrancodesign.com\/es\/producto\/sofa-moroso\/"]}]},{"@type":"ImageObject","inLanguage":"es","@id":"https:\/\/www.leaobrancodesign.com\/es\/producto\/sofa-moroso\/#primaryimage","url":"https:\/\/www.leaobrancodesign.com\/wp-content\/uploads\/2023\/05\/Productos-pag-leao-16-1.jpg","contentUrl":"https:\/\/www.leaobrancodesign.com\/wp-content\/uploads\/2023\/05\/Productos-pag-leao-16-1.jpg","width":1200,"height":628},{"@type":"BreadcrumbList","@id":"https:\/\/www.leaobrancodesign.com\/es\/producto\/sofa-moroso\/#breadcrumb","itemListElement":[{"@type":"ListItem","position":1,"name":"Home","item":"https:\/\/www.leaobrancodesign.com\/"},{"@type":"ListItem","position":2,"name":"Tienda","item":"https:\/\/www.leaobrancodesign.com\/es\/?page_id=745"},{"@type":"ListItem","position":3,"name":"Sofa Moroso"}]},{"@type":"WebSite","@id":"https:\/\/www.leaobrancodesign.com\/#website","url":"https:\/\/www.leaobrancodesign.com\/","name":"LEAO BRANCO","description":"BRAZILIAN FUNITURE","publisher":{"@id":"https:\/\/www.leaobrancodesign.com\/#organization"},"potentialAction":[{"@type":"SearchAction","target":{"@type":"EntryPoint","urlTemplate":"https:\/\/www.leaobrancodesign.com\/?s={search_term_string}"},"query-input":{"@type":"PropertyValueSpecification","valueRequired":true,"valueName":"search_term_string"}}],"inLanguage":"es"},{"@type":"Organization","@id":"https:\/\/www.leaobrancodesign.com\/#organization","name":"LEAO BRANCO DESIGN","url":"https:\/\/www.leaobrancodesign.com\/","logo":{"@type":"ImageObject","inLanguage":"es","@id":"https:\/\/www.leaobrancodesign.com\/#\/schema\/logo\/image\/","url":"https:\/\/www.leaobrancodesign.com\/wp-content\/uploads\/2023\/02\/Recurso-1.svg","contentUrl":"https:\/\/www.leaobrancodesign.com\/wp-content\/uploads\/2023\/02\/Recurso-1.svg","width":366,"height":111,"caption":"LEAO BRANCO DESIGN"},"image":{"@id":"https:\/\/www.leaobrancodesign.com\/#\/schema\/logo\/image\/"},"sameAs":["https:\/\/www.facebook.com\/leaobrancodesign\/"]}]}},"_links":{"self":[{"href":"https:\/\/www.leaobrancodesign.com\/es\/wp-json\/wp\/v2\/product\/4362","targetHints":{"allow":["GET"]}}],"collection":[{"href":"https:\/\/www.leaobrancodesign.com\/es\/wp-json\/wp\/v2\/product"}],"about":[{"href":"https:\/\/www.leaobrancodesign.com\/es\/wp-json\/wp\/v2\/types\/product"}],"replies":[{"embeddable":true,"href":"https:\/\/www.leaobrancodesign.com\/es\/wp-json\/wp\/v2\/comments?post=4362"}],"version-history":[{"count":0,"href":"https:\/\/www.leaobrancodesign.com\/es\/wp-json\/wp\/v2\/product\/4362\/revisions"}],"wp:featuredmedia":[{"embeddable":true,"href":"https:\/\/www.leaobrancodesign.com\/es\/wp-json\/wp\/v2\/media\/5796"}],"wp:attachment":[{"href":"https:\/\/www.leaobrancodesign.com\/es\/wp-json\/wp\/v2\/media?parent=4362"}],"wp:term":[{"taxonomy":"product_brand","embeddable":true,"href":"https:\/\/www.leaobrancodesign.com\/es\/wp-json\/wp\/v2\/product_brand?post=4362"},{"taxonomy":"product_cat","embeddable":true,"href":"https:\/\/www.leaobrancodesign.com\/es\/wp-json\/wp\/v2\/product_cat?post=4362"},{"taxonomy":"product_tag","embeddable":true,"href":"https:\/\/www.leaobrancodesign.com\/es\/wp-json\/wp\/v2\/product_tag?post=4362"}],"curies":[{"name":"wp","href":"https:\/\/api.w.org\/{rel}","templated":true}]}}