{"id":4516,"date":"2023-05-02T15:17:59","date_gmt":"2023-05-02T20:17:59","guid":{"rendered":"https:\/\/leaobrancodesign.com\/product\/kronos-table\/"},"modified":"2025-04-04T15:21:53","modified_gmt":"2025-04-04T20:21:53","slug":"mesa-cronos-2","status":"publish","type":"product","link":"https:\/\/www.leaobrancodesign.com\/es\/producto\/mesa-cronos-2\/","title":{"rendered":"Cronos"},"content":{"rendered":"<div class=\"splide\">\n<div class=\"splide__track\">\n<ul class=\"splide__list\">\n<li class=\"splide__slide\"><img decoding=\"async\" src=\"https:\/\/leaobrancodesign.com\/wp-content\/uploads\/2023\/05\/cubi-kronos-1.jpg\" alt=\"Slider\" \/><\/li>\n<li class=\"splide__slide\"><img decoding=\"async\" src=\"https:\/\/leaobrancodesign.com\/wp-content\/uploads\/2023\/05\/Untitled-design.jpg\" alt=\"Slider\" \/><\/li>\n<li class=\"splide__slide\"><img decoding=\"async\" src=\"https:\/\/leaobrancodesign.com\/wp-content\/uploads\/2023\/05\/cronos-todo-1.jpg\" alt=\"Slider\" \/><\/li>\n<\/ul>\n<\/div>\n<\/div>\n","protected":false},"excerpt":{"rendered":"<p><strong>Especificationes\u00a0<\/strong><\/p>\n<p>The\u00a0Cronos Dining Table\u00a0radiates\u00a0contemporary aesthetics\u00a0and\u00a0adaptability, making it a key piece for any modern space. Its\u00a0elegant and functional design\u00a0offers versatility to suit various dining needs. The\u00a0robust and sophisticated legs\u00a0not only ensure\u00a0stability\u00a0but also add a touch of distinction, enhancing the overall aesthetics of the piece.<\/p>\n<p><strong>Dimensiones:<\/strong><br \/>\nA:1,20 x L: 2,50 x A: 0,75 cm<br \/>\n47\u201d x 98\u201d x 29&#8243;<\/p>\n<p><strong>Materiales:<\/strong><br \/>\nMadera y base met\u00e1lica<\/p>\n<p><strong>Colores:<\/strong><\/p>\n<p><img decoding=\"async\" class=\"alignnone wp-image-542\" src=\"https:\/\/leaobrancodesign.com\/wp-content\/uploads\/2023\/02\/Materiales-2-9.jpg\" alt=\"\" width=\"123\" height=\"118\" \/><img decoding=\"async\" class=\"alignnone size-full wp-image-4482\" src=\"https:\/\/leaobrancodesign.com\/wp-content\/uploads\/2023\/05\/Untitled-design-16.jpg\" alt=\"\" width=\"116\" height=\"116\" srcset=\"https:\/\/www.leaobrancodesign.com\/wp-content\/uploads\/2023\/05\/Untitled-design-16.jpg 116w, https:\/\/www.leaobrancodesign.com\/wp-content\/uploads\/2023\/05\/Untitled-design-16-100x100.jpg 100w\" sizes=\"(max-width: 116px) 100vw, 116px\" \/><\/p>\n<p>*Pregunta por colores y medidas disponibles<\/p>\n","protected":false},"featured_media":8439,"comment_status":"open","ping_status":"closed","template":"","meta":[],"product_brand":[29],"product_cat":[70,73],"product_tag":[],"class_list":{"0":"post-4516","1":"product","2":"type-product","3":"status-publish","4":"has-post-thumbnail","6":"product_brand-studio-uultis","7":"product_cat-comedor","8":"product_cat-mesas-de-comedor","10":"first","11":"instock","12":"shipping-taxable","13":"product-type-simple"},"yoast_head":"<!-- This site is optimized with the Yoast SEO plugin v24.3 - https:\/\/yoast.com\/wordpress\/plugins\/seo\/ -->\n<title>Cronos - LEAO BRANCO DESIGN<\/title>\n<meta name=\"description\" content=\"La mesa de comedor Cronos tiene un aspecto contempor\u00e1neo y adaptable. Las piezas base est\u00e1n fabricadas con chapas met\u00e1licas.\" \/>\n<meta name=\"robots\" content=\"index, follow, max-snippet:-1, max-image-preview:large, max-video-preview:-1\" \/>\n<link rel=\"canonical\" href=\"https:\/\/www.leaobrancodesign.com\/es\/producto\/mesa-cronos-2\/\" \/>\n<meta property=\"og:locale\" content=\"es_ES\" \/>\n<meta property=\"og:type\" content=\"article\" \/>\n<meta property=\"og:title\" content=\"Cronos - LEAO BRANCO DESIGN\" \/>\n<meta property=\"og:description\" content=\"La mesa de comedor Cronos tiene un aspecto contempor\u00e1neo y adaptable. Las piezas base est\u00e1n fabricadas con chapas met\u00e1licas.\" \/>\n<meta property=\"og:url\" content=\"https:\/\/www.leaobrancodesign.com\/es\/producto\/mesa-cronos-2\/\" \/>\n<meta property=\"og:site_name\" content=\"LEAO BRANCO DESIGN\" \/>\n<meta property=\"article:publisher\" content=\"https:\/\/www.facebook.com\/leaobrancodesign\/\" \/>\n<meta property=\"article:modified_time\" content=\"2025-04-04T20:21:53+00:00\" \/>\n<meta property=\"og:image\" content=\"https:\/\/www.leaobrancodesign.com\/wp-content\/uploads\/2023\/05\/Productos-pag-leao-2025-03-27T180430.912.jpg\" \/>\n\t<meta property=\"og:image:width\" content=\"1200\" \/>\n\t<meta property=\"og:image:height\" content=\"628\" \/>\n\t<meta property=\"og:image:type\" content=\"image\/jpeg\" \/>\n<meta name=\"twitter:card\" content=\"summary_large_image\" \/>\n<meta name=\"twitter:label1\" content=\"Tiempo de lectura\" \/>\n\t<meta name=\"twitter:data1\" content=\"1 minuto\" \/>\n<script type=\"application\/ld+json\" class=\"yoast-schema-graph\">{\"@context\":\"https:\/\/schema.org\",\"@graph\":[{\"@type\":\"WebPage\",\"@id\":\"https:\/\/www.leaobrancodesign.com\/es\/producto\/mesa-cronos-2\/\",\"url\":\"https:\/\/www.leaobrancodesign.com\/es\/producto\/mesa-cronos-2\/\",\"name\":\"Cronos - LEAO BRANCO DESIGN\",\"isPartOf\":{\"@id\":\"https:\/\/www.leaobrancodesign.com\/#website\"},\"primaryImageOfPage\":{\"@id\":\"https:\/\/www.leaobrancodesign.com\/es\/producto\/mesa-cronos-2\/#primaryimage\"},\"image\":{\"@id\":\"https:\/\/www.leaobrancodesign.com\/es\/producto\/mesa-cronos-2\/#primaryimage\"},\"thumbnailUrl\":\"https:\/\/www.leaobrancodesign.com\/wp-content\/uploads\/2023\/05\/Productos-pag-leao-2025-03-27T180430.912.jpg\",\"datePublished\":\"2023-05-02T20:17:59+00:00\",\"dateModified\":\"2025-04-04T20:21:53+00:00\",\"description\":\"La mesa de comedor Cronos tiene un aspecto contempor\u00e1neo y adaptable. Las piezas base est\u00e1n fabricadas con chapas met\u00e1licas.\",\"breadcrumb\":{\"@id\":\"https:\/\/www.leaobrancodesign.com\/es\/producto\/mesa-cronos-2\/#breadcrumb\"},\"inLanguage\":\"es\",\"potentialAction\":[{\"@type\":\"ReadAction\",\"target\":[\"https:\/\/www.leaobrancodesign.com\/es\/producto\/mesa-cronos-2\/\"]}]},{\"@type\":\"ImageObject\",\"inLanguage\":\"es\",\"@id\":\"https:\/\/www.leaobrancodesign.com\/es\/producto\/mesa-cronos-2\/#primaryimage\",\"url\":\"https:\/\/www.leaobrancodesign.com\/wp-content\/uploads\/2023\/05\/Productos-pag-leao-2025-03-27T180430.912.jpg\",\"contentUrl\":\"https:\/\/www.leaobrancodesign.com\/wp-content\/uploads\/2023\/05\/Productos-pag-leao-2025-03-27T180430.912.jpg\",\"width\":1200,\"height\":628},{\"@type\":\"BreadcrumbList\",\"@id\":\"https:\/\/www.leaobrancodesign.com\/es\/producto\/mesa-cronos-2\/#breadcrumb\",\"itemListElement\":[{\"@type\":\"ListItem\",\"position\":1,\"name\":\"Home\",\"item\":\"https:\/\/www.leaobrancodesign.com\/\"},{\"@type\":\"ListItem\",\"position\":2,\"name\":\"Tienda\",\"item\":\"https:\/\/www.leaobrancodesign.com\/es\/?page_id=745\"},{\"@type\":\"ListItem\",\"position\":3,\"name\":\"Cronos\"}]},{\"@type\":\"WebSite\",\"@id\":\"https:\/\/www.leaobrancodesign.com\/#website\",\"url\":\"https:\/\/www.leaobrancodesign.com\/\",\"name\":\"LEAO BRANCO\",\"description\":\"BRAZILIAN FUNITURE\",\"publisher\":{\"@id\":\"https:\/\/www.leaobrancodesign.com\/#organization\"},\"potentialAction\":[{\"@type\":\"SearchAction\",\"target\":{\"@type\":\"EntryPoint\",\"urlTemplate\":\"https:\/\/www.leaobrancodesign.com\/?s={search_term_string}\"},\"query-input\":{\"@type\":\"PropertyValueSpecification\",\"valueRequired\":true,\"valueName\":\"search_term_string\"}}],\"inLanguage\":\"es\"},{\"@type\":\"Organization\",\"@id\":\"https:\/\/www.leaobrancodesign.com\/#organization\",\"name\":\"LEAO BRANCO DESIGN\",\"url\":\"https:\/\/www.leaobrancodesign.com\/\",\"logo\":{\"@type\":\"ImageObject\",\"inLanguage\":\"es\",\"@id\":\"https:\/\/www.leaobrancodesign.com\/#\/schema\/logo\/image\/\",\"url\":\"https:\/\/www.leaobrancodesign.com\/wp-content\/uploads\/2023\/02\/Recurso-1.svg\",\"contentUrl\":\"https:\/\/www.leaobrancodesign.com\/wp-content\/uploads\/2023\/02\/Recurso-1.svg\",\"width\":366,\"height\":111,\"caption\":\"LEAO BRANCO DESIGN\"},\"image\":{\"@id\":\"https:\/\/www.leaobrancodesign.com\/#\/schema\/logo\/image\/\"},\"sameAs\":[\"https:\/\/www.facebook.com\/leaobrancodesign\/\"]}]}<\/script>\n<!-- \/ Yoast SEO plugin. -->","yoast_head_json":{"title":"Cronos - LEAO BRANCO DESIGN","description":"La mesa de comedor Cronos tiene un aspecto contempor\u00e1neo y adaptable. Las piezas base est\u00e1n fabricadas con chapas met\u00e1licas.","robots":{"index":"index","follow":"follow","max-snippet":"max-snippet:-1","max-image-preview":"max-image-preview:large","max-video-preview":"max-video-preview:-1"},"canonical":"https:\/\/www.leaobrancodesign.com\/es\/producto\/mesa-cronos-2\/","og_locale":"es_ES","og_type":"article","og_title":"Cronos - LEAO BRANCO DESIGN","og_description":"La mesa de comedor Cronos tiene un aspecto contempor\u00e1neo y adaptable. Las piezas base est\u00e1n fabricadas con chapas met\u00e1licas.","og_url":"https:\/\/www.leaobrancodesign.com\/es\/producto\/mesa-cronos-2\/","og_site_name":"LEAO BRANCO DESIGN","article_publisher":"https:\/\/www.facebook.com\/leaobrancodesign\/","article_modified_time":"2025-04-04T20:21:53+00:00","og_image":[{"width":1200,"height":628,"url":"https:\/\/www.leaobrancodesign.com\/wp-content\/uploads\/2023\/05\/Productos-pag-leao-2025-03-27T180430.912.jpg","type":"image\/jpeg"}],"twitter_card":"summary_large_image","twitter_misc":{"Tiempo de lectura":"1 minuto"},"schema":{"@context":"https:\/\/schema.org","@graph":[{"@type":"WebPage","@id":"https:\/\/www.leaobrancodesign.com\/es\/producto\/mesa-cronos-2\/","url":"https:\/\/www.leaobrancodesign.com\/es\/producto\/mesa-cronos-2\/","name":"Cronos - LEAO BRANCO DESIGN","isPartOf":{"@id":"https:\/\/www.leaobrancodesign.com\/#website"},"primaryImageOfPage":{"@id":"https:\/\/www.leaobrancodesign.com\/es\/producto\/mesa-cronos-2\/#primaryimage"},"image":{"@id":"https:\/\/www.leaobrancodesign.com\/es\/producto\/mesa-cronos-2\/#primaryimage"},"thumbnailUrl":"https:\/\/www.leaobrancodesign.com\/wp-content\/uploads\/2023\/05\/Productos-pag-leao-2025-03-27T180430.912.jpg","datePublished":"2023-05-02T20:17:59+00:00","dateModified":"2025-04-04T20:21:53+00:00","description":"La mesa de comedor Cronos tiene un aspecto contempor\u00e1neo y adaptable. Las piezas base est\u00e1n fabricadas con chapas met\u00e1licas.","breadcrumb":{"@id":"https:\/\/www.leaobrancodesign.com\/es\/producto\/mesa-cronos-2\/#breadcrumb"},"inLanguage":"es","potentialAction":[{"@type":"ReadAction","target":["https:\/\/www.leaobrancodesign.com\/es\/producto\/mesa-cronos-2\/"]}]},{"@type":"ImageObject","inLanguage":"es","@id":"https:\/\/www.leaobrancodesign.com\/es\/producto\/mesa-cronos-2\/#primaryimage","url":"https:\/\/www.leaobrancodesign.com\/wp-content\/uploads\/2023\/05\/Productos-pag-leao-2025-03-27T180430.912.jpg","contentUrl":"https:\/\/www.leaobrancodesign.com\/wp-content\/uploads\/2023\/05\/Productos-pag-leao-2025-03-27T180430.912.jpg","width":1200,"height":628},{"@type":"BreadcrumbList","@id":"https:\/\/www.leaobrancodesign.com\/es\/producto\/mesa-cronos-2\/#breadcrumb","itemListElement":[{"@type":"ListItem","position":1,"name":"Home","item":"https:\/\/www.leaobrancodesign.com\/"},{"@type":"ListItem","position":2,"name":"Tienda","item":"https:\/\/www.leaobrancodesign.com\/es\/?page_id=745"},{"@type":"ListItem","position":3,"name":"Cronos"}]},{"@type":"WebSite","@id":"https:\/\/www.leaobrancodesign.com\/#website","url":"https:\/\/www.leaobrancodesign.com\/","name":"LEAO BRANCO","description":"BRAZILIAN FUNITURE","publisher":{"@id":"https:\/\/www.leaobrancodesign.com\/#organization"},"potentialAction":[{"@type":"SearchAction","target":{"@type":"EntryPoint","urlTemplate":"https:\/\/www.leaobrancodesign.com\/?s={search_term_string}"},"query-input":{"@type":"PropertyValueSpecification","valueRequired":true,"valueName":"search_term_string"}}],"inLanguage":"es"},{"@type":"Organization","@id":"https:\/\/www.leaobrancodesign.com\/#organization","name":"LEAO BRANCO DESIGN","url":"https:\/\/www.leaobrancodesign.com\/","logo":{"@type":"ImageObject","inLanguage":"es","@id":"https:\/\/www.leaobrancodesign.com\/#\/schema\/logo\/image\/","url":"https:\/\/www.leaobrancodesign.com\/wp-content\/uploads\/2023\/02\/Recurso-1.svg","contentUrl":"https:\/\/www.leaobrancodesign.com\/wp-content\/uploads\/2023\/02\/Recurso-1.svg","width":366,"height":111,"caption":"LEAO BRANCO DESIGN"},"image":{"@id":"https:\/\/www.leaobrancodesign.com\/#\/schema\/logo\/image\/"},"sameAs":["https:\/\/www.facebook.com\/leaobrancodesign\/"]}]}},"_links":{"self":[{"href":"https:\/\/www.leaobrancodesign.com\/es\/wp-json\/wp\/v2\/product\/4516","targetHints":{"allow":["GET"]}}],"collection":[{"href":"https:\/\/www.leaobrancodesign.com\/es\/wp-json\/wp\/v2\/product"}],"about":[{"href":"https:\/\/www.leaobrancodesign.com\/es\/wp-json\/wp\/v2\/types\/product"}],"replies":[{"embeddable":true,"href":"https:\/\/www.leaobrancodesign.com\/es\/wp-json\/wp\/v2\/comments?post=4516"}],"version-history":[{"count":3,"href":"https:\/\/www.leaobrancodesign.com\/es\/wp-json\/wp\/v2\/product\/4516\/revisions"}],"predecessor-version":[{"id":8394,"href":"https:\/\/www.leaobrancodesign.com\/es\/wp-json\/wp\/v2\/product\/4516\/revisions\/8394"}],"wp:featuredmedia":[{"embeddable":true,"href":"https:\/\/www.leaobrancodesign.com\/es\/wp-json\/wp\/v2\/media\/8439"}],"wp:attachment":[{"href":"https:\/\/www.leaobrancodesign.com\/es\/wp-json\/wp\/v2\/media?parent=4516"}],"wp:term":[{"taxonomy":"product_brand","embeddable":true,"href":"https:\/\/www.leaobrancodesign.com\/es\/wp-json\/wp\/v2\/product_brand?post=4516"},{"taxonomy":"product_cat","embeddable":true,"href":"https:\/\/www.leaobrancodesign.com\/es\/wp-json\/wp\/v2\/product_cat?post=4516"},{"taxonomy":"product_tag","embeddable":true,"href":"https:\/\/www.leaobrancodesign.com\/es\/wp-json\/wp\/v2\/product_tag?post=4516"}],"curies":[{"name":"wp","href":"https:\/\/api.w.org\/{rel}","templated":true}]}}