{"id":4597,"date":"2023-05-16T16:21:06","date_gmt":"2023-05-16T21:21:06","guid":{"rendered":"https:\/\/leaobrancodesign.com\/?post_type=product&#038;p=4597"},"modified":"2024-10-03T15:41:53","modified_gmt":"2024-10-03T20:41:53","slug":"mesa-arista","status":"publish","type":"product","link":"https:\/\/www.leaobrancodesign.com\/es\/producto\/mesa-arista\/","title":{"rendered":"Arista"},"content":{"rendered":"<div class=\"splide\">\n<div class=\"splide__track\">\n<ul class=\"splide__list\">\n<li class=\"splide__slide\"><img decoding=\"async\" src=\"https:\/\/leaobrancodesign.com\/wp-content\/uploads\/2023\/05\/Untitled-design-40.jpg\" alt=\"Slider\" \/><\/li>\n<li class=\"splide__slide\"><img decoding=\"async\" src=\"https:\/\/leaobrancodesign.com\/wp-content\/uploads\/2023\/05\/Untitled-design-38.jpg\" alt=\"Slider\" \/><\/li>\n<\/ul>\n<\/div>\n<\/div>\n","protected":false},"excerpt":{"rendered":"<p><strong>Especificationes:\u00a0 \u00a0<\/strong><\/p>\n<p>Dimensiones:*<br \/>\n2.40 x 1.10 mt, \u00f3 2.20 x 1.10 mt<br \/>\n94&#8243; x 43&#8243;, \u00f3 86&#8243; x 43&#8243;<\/p>\n<p>Materiales:*<br \/>\nMadera de nogal o champagne metalizado<\/p>\n<p>Colores:<br \/>\n<img decoding=\"async\" class=\"alignnone size-full wp-image-4536\" src=\"https:\/\/leaobrancodesign.com\/wp-content\/uploads\/2023\/05\/Untitled-design-32.jpg\" alt=\"\" width=\"116\" height=\"116\" srcset=\"https:\/\/www.leaobrancodesign.com\/wp-content\/uploads\/2023\/05\/Untitled-design-32.jpg 116w, https:\/\/www.leaobrancodesign.com\/wp-content\/uploads\/2023\/05\/Untitled-design-32-100x100.jpg 100w\" sizes=\"(max-width: 116px) 100vw, 116px\" \/> <img decoding=\"async\" class=\"alignnone size-full wp-image-4504\" src=\"https:\/\/leaobrancodesign.com\/wp-content\/uploads\/2023\/05\/Untitled-design-20.jpg\" alt=\"\" width=\"116\" height=\"116\" srcset=\"https:\/\/www.leaobrancodesign.com\/wp-content\/uploads\/2023\/05\/Untitled-design-20.jpg 116w, https:\/\/www.leaobrancodesign.com\/wp-content\/uploads\/2023\/05\/Untitled-design-20-100x100.jpg 100w\" sizes=\"(max-width: 116px) 100vw, 116px\" \/><\/p>\n<p>*Preguntar por otras especificaciones disponibles<\/p>\n","protected":false},"featured_media":4589,"comment_status":"open","ping_status":"closed","template":"","meta":[],"product_brand":[],"product_cat":[70,73],"product_tag":[],"class_list":{"0":"post-4597","1":"product","2":"type-product","3":"status-publish","4":"has-post-thumbnail","6":"product_cat-comedor","7":"product_cat-mesas-de-comedor","9":"first","10":"instock","11":"shipping-taxable","12":"product-type-simple"},"yoast_head":"<!-- This site is optimized with the Yoast SEO plugin v24.3 - https:\/\/yoast.com\/wordpress\/plugins\/seo\/ -->\n<title>Arista - LEAO BRANCO DESIGN<\/title>\n<meta name=\"description\" content=\"La Mesa de Comedor Arista nace de la necesidad de ofrecer una mesa amplia, con la m\u00e1xima estructura y limpieza visual. La base est\u00e1 formada por dos piezas id\u00e9nticas que simplemente se invierten, lo que favorece la productividad y la calidad.\" \/>\n<meta name=\"robots\" content=\"index, follow, max-snippet:-1, max-image-preview:large, max-video-preview:-1\" \/>\n<link rel=\"canonical\" href=\"https:\/\/www.leaobrancodesign.com\/es\/producto\/mesa-arista\/\" \/>\n<meta property=\"og:locale\" content=\"es_ES\" \/>\n<meta property=\"og:type\" content=\"article\" \/>\n<meta property=\"og:title\" content=\"Arista - LEAO BRANCO DESIGN\" \/>\n<meta property=\"og:description\" content=\"La Mesa de Comedor Arista nace de la necesidad de ofrecer una mesa amplia, con la m\u00e1xima estructura y limpieza visual. La base est\u00e1 formada por dos piezas id\u00e9nticas que simplemente se invierten, lo que favorece la productividad y la calidad.\" \/>\n<meta property=\"og:url\" content=\"https:\/\/www.leaobrancodesign.com\/es\/producto\/mesa-arista\/\" \/>\n<meta property=\"og:site_name\" content=\"LEAO BRANCO DESIGN\" \/>\n<meta property=\"article:publisher\" content=\"https:\/\/www.facebook.com\/leaobrancodesign\/\" \/>\n<meta property=\"article:modified_time\" content=\"2024-10-03T20:41:53+00:00\" \/>\n<meta property=\"og:image\" content=\"https:\/\/www.leaobrancodesign.com\/wp-content\/uploads\/2023\/05\/Untitled-design-37.jpg\" \/>\n\t<meta property=\"og:image:width\" content=\"633\" \/>\n\t<meta property=\"og:image:height\" content=\"495\" \/>\n\t<meta property=\"og:image:type\" content=\"image\/jpeg\" \/>\n<meta name=\"twitter:card\" content=\"summary_large_image\" \/>\n<meta name=\"twitter:label1\" content=\"Tiempo de lectura\" \/>\n\t<meta name=\"twitter:data1\" content=\"1 minuto\" \/>\n<script type=\"application\/ld+json\" class=\"yoast-schema-graph\">{\"@context\":\"https:\/\/schema.org\",\"@graph\":[{\"@type\":\"WebPage\",\"@id\":\"https:\/\/www.leaobrancodesign.com\/es\/producto\/mesa-arista\/\",\"url\":\"https:\/\/www.leaobrancodesign.com\/es\/producto\/mesa-arista\/\",\"name\":\"Arista - LEAO BRANCO DESIGN\",\"isPartOf\":{\"@id\":\"https:\/\/www.leaobrancodesign.com\/#website\"},\"primaryImageOfPage\":{\"@id\":\"https:\/\/www.leaobrancodesign.com\/es\/producto\/mesa-arista\/#primaryimage\"},\"image\":{\"@id\":\"https:\/\/www.leaobrancodesign.com\/es\/producto\/mesa-arista\/#primaryimage\"},\"thumbnailUrl\":\"https:\/\/www.leaobrancodesign.com\/wp-content\/uploads\/2023\/05\/Untitled-design-37.jpg\",\"datePublished\":\"2023-05-16T21:21:06+00:00\",\"dateModified\":\"2024-10-03T20:41:53+00:00\",\"description\":\"La Mesa de Comedor Arista nace de la necesidad de ofrecer una mesa amplia, con la m\u00e1xima estructura y limpieza visual. La base est\u00e1 formada por dos piezas id\u00e9nticas que simplemente se invierten, lo que favorece la productividad y la calidad.\",\"breadcrumb\":{\"@id\":\"https:\/\/www.leaobrancodesign.com\/es\/producto\/mesa-arista\/#breadcrumb\"},\"inLanguage\":\"es\",\"potentialAction\":[{\"@type\":\"ReadAction\",\"target\":[\"https:\/\/www.leaobrancodesign.com\/es\/producto\/mesa-arista\/\"]}]},{\"@type\":\"ImageObject\",\"inLanguage\":\"es\",\"@id\":\"https:\/\/www.leaobrancodesign.com\/es\/producto\/mesa-arista\/#primaryimage\",\"url\":\"https:\/\/www.leaobrancodesign.com\/wp-content\/uploads\/2023\/05\/Untitled-design-37.jpg\",\"contentUrl\":\"https:\/\/www.leaobrancodesign.com\/wp-content\/uploads\/2023\/05\/Untitled-design-37.jpg\",\"width\":633,\"height\":495},{\"@type\":\"BreadcrumbList\",\"@id\":\"https:\/\/www.leaobrancodesign.com\/es\/producto\/mesa-arista\/#breadcrumb\",\"itemListElement\":[{\"@type\":\"ListItem\",\"position\":1,\"name\":\"Home\",\"item\":\"https:\/\/www.leaobrancodesign.com\/\"},{\"@type\":\"ListItem\",\"position\":2,\"name\":\"Tienda\",\"item\":\"https:\/\/www.leaobrancodesign.com\/es\/?page_id=745\"},{\"@type\":\"ListItem\",\"position\":3,\"name\":\"Arista\"}]},{\"@type\":\"WebSite\",\"@id\":\"https:\/\/www.leaobrancodesign.com\/#website\",\"url\":\"https:\/\/www.leaobrancodesign.com\/\",\"name\":\"LEAO BRANCO\",\"description\":\"BRAZILIAN FUNITURE\",\"publisher\":{\"@id\":\"https:\/\/www.leaobrancodesign.com\/#organization\"},\"potentialAction\":[{\"@type\":\"SearchAction\",\"target\":{\"@type\":\"EntryPoint\",\"urlTemplate\":\"https:\/\/www.leaobrancodesign.com\/?s={search_term_string}\"},\"query-input\":{\"@type\":\"PropertyValueSpecification\",\"valueRequired\":true,\"valueName\":\"search_term_string\"}}],\"inLanguage\":\"es\"},{\"@type\":\"Organization\",\"@id\":\"https:\/\/www.leaobrancodesign.com\/#organization\",\"name\":\"LEAO BRANCO DESIGN\",\"url\":\"https:\/\/www.leaobrancodesign.com\/\",\"logo\":{\"@type\":\"ImageObject\",\"inLanguage\":\"es\",\"@id\":\"https:\/\/www.leaobrancodesign.com\/#\/schema\/logo\/image\/\",\"url\":\"https:\/\/www.leaobrancodesign.com\/wp-content\/uploads\/2023\/02\/Recurso-1.svg\",\"contentUrl\":\"https:\/\/www.leaobrancodesign.com\/wp-content\/uploads\/2023\/02\/Recurso-1.svg\",\"width\":366,\"height\":111,\"caption\":\"LEAO BRANCO DESIGN\"},\"image\":{\"@id\":\"https:\/\/www.leaobrancodesign.com\/#\/schema\/logo\/image\/\"},\"sameAs\":[\"https:\/\/www.facebook.com\/leaobrancodesign\/\"]}]}<\/script>\n<!-- \/ Yoast SEO plugin. -->","yoast_head_json":{"title":"Arista - LEAO BRANCO DESIGN","description":"La Mesa de Comedor Arista nace de la necesidad de ofrecer una mesa amplia, con la m\u00e1xima estructura y limpieza visual. La base est\u00e1 formada por dos piezas id\u00e9nticas que simplemente se invierten, lo que favorece la productividad y la calidad.","robots":{"index":"index","follow":"follow","max-snippet":"max-snippet:-1","max-image-preview":"max-image-preview:large","max-video-preview":"max-video-preview:-1"},"canonical":"https:\/\/www.leaobrancodesign.com\/es\/producto\/mesa-arista\/","og_locale":"es_ES","og_type":"article","og_title":"Arista - LEAO BRANCO DESIGN","og_description":"La Mesa de Comedor Arista nace de la necesidad de ofrecer una mesa amplia, con la m\u00e1xima estructura y limpieza visual. La base est\u00e1 formada por dos piezas id\u00e9nticas que simplemente se invierten, lo que favorece la productividad y la calidad.","og_url":"https:\/\/www.leaobrancodesign.com\/es\/producto\/mesa-arista\/","og_site_name":"LEAO BRANCO DESIGN","article_publisher":"https:\/\/www.facebook.com\/leaobrancodesign\/","article_modified_time":"2024-10-03T20:41:53+00:00","og_image":[{"width":633,"height":495,"url":"https:\/\/www.leaobrancodesign.com\/wp-content\/uploads\/2023\/05\/Untitled-design-37.jpg","type":"image\/jpeg"}],"twitter_card":"summary_large_image","twitter_misc":{"Tiempo de lectura":"1 minuto"},"schema":{"@context":"https:\/\/schema.org","@graph":[{"@type":"WebPage","@id":"https:\/\/www.leaobrancodesign.com\/es\/producto\/mesa-arista\/","url":"https:\/\/www.leaobrancodesign.com\/es\/producto\/mesa-arista\/","name":"Arista - LEAO BRANCO DESIGN","isPartOf":{"@id":"https:\/\/www.leaobrancodesign.com\/#website"},"primaryImageOfPage":{"@id":"https:\/\/www.leaobrancodesign.com\/es\/producto\/mesa-arista\/#primaryimage"},"image":{"@id":"https:\/\/www.leaobrancodesign.com\/es\/producto\/mesa-arista\/#primaryimage"},"thumbnailUrl":"https:\/\/www.leaobrancodesign.com\/wp-content\/uploads\/2023\/05\/Untitled-design-37.jpg","datePublished":"2023-05-16T21:21:06+00:00","dateModified":"2024-10-03T20:41:53+00:00","description":"La Mesa de Comedor Arista nace de la necesidad de ofrecer una mesa amplia, con la m\u00e1xima estructura y limpieza visual. La base est\u00e1 formada por dos piezas id\u00e9nticas que simplemente se invierten, lo que favorece la productividad y la calidad.","breadcrumb":{"@id":"https:\/\/www.leaobrancodesign.com\/es\/producto\/mesa-arista\/#breadcrumb"},"inLanguage":"es","potentialAction":[{"@type":"ReadAction","target":["https:\/\/www.leaobrancodesign.com\/es\/producto\/mesa-arista\/"]}]},{"@type":"ImageObject","inLanguage":"es","@id":"https:\/\/www.leaobrancodesign.com\/es\/producto\/mesa-arista\/#primaryimage","url":"https:\/\/www.leaobrancodesign.com\/wp-content\/uploads\/2023\/05\/Untitled-design-37.jpg","contentUrl":"https:\/\/www.leaobrancodesign.com\/wp-content\/uploads\/2023\/05\/Untitled-design-37.jpg","width":633,"height":495},{"@type":"BreadcrumbList","@id":"https:\/\/www.leaobrancodesign.com\/es\/producto\/mesa-arista\/#breadcrumb","itemListElement":[{"@type":"ListItem","position":1,"name":"Home","item":"https:\/\/www.leaobrancodesign.com\/"},{"@type":"ListItem","position":2,"name":"Tienda","item":"https:\/\/www.leaobrancodesign.com\/es\/?page_id=745"},{"@type":"ListItem","position":3,"name":"Arista"}]},{"@type":"WebSite","@id":"https:\/\/www.leaobrancodesign.com\/#website","url":"https:\/\/www.leaobrancodesign.com\/","name":"LEAO BRANCO","description":"BRAZILIAN FUNITURE","publisher":{"@id":"https:\/\/www.leaobrancodesign.com\/#organization"},"potentialAction":[{"@type":"SearchAction","target":{"@type":"EntryPoint","urlTemplate":"https:\/\/www.leaobrancodesign.com\/?s={search_term_string}"},"query-input":{"@type":"PropertyValueSpecification","valueRequired":true,"valueName":"search_term_string"}}],"inLanguage":"es"},{"@type":"Organization","@id":"https:\/\/www.leaobrancodesign.com\/#organization","name":"LEAO BRANCO DESIGN","url":"https:\/\/www.leaobrancodesign.com\/","logo":{"@type":"ImageObject","inLanguage":"es","@id":"https:\/\/www.leaobrancodesign.com\/#\/schema\/logo\/image\/","url":"https:\/\/www.leaobrancodesign.com\/wp-content\/uploads\/2023\/02\/Recurso-1.svg","contentUrl":"https:\/\/www.leaobrancodesign.com\/wp-content\/uploads\/2023\/02\/Recurso-1.svg","width":366,"height":111,"caption":"LEAO BRANCO DESIGN"},"image":{"@id":"https:\/\/www.leaobrancodesign.com\/#\/schema\/logo\/image\/"},"sameAs":["https:\/\/www.facebook.com\/leaobrancodesign\/"]}]}},"_links":{"self":[{"href":"https:\/\/www.leaobrancodesign.com\/es\/wp-json\/wp\/v2\/product\/4597","targetHints":{"allow":["GET"]}}],"collection":[{"href":"https:\/\/www.leaobrancodesign.com\/es\/wp-json\/wp\/v2\/product"}],"about":[{"href":"https:\/\/www.leaobrancodesign.com\/es\/wp-json\/wp\/v2\/types\/product"}],"replies":[{"embeddable":true,"href":"https:\/\/www.leaobrancodesign.com\/es\/wp-json\/wp\/v2\/comments?post=4597"}],"version-history":[{"count":0,"href":"https:\/\/www.leaobrancodesign.com\/es\/wp-json\/wp\/v2\/product\/4597\/revisions"}],"wp:featuredmedia":[{"embeddable":true,"href":"https:\/\/www.leaobrancodesign.com\/es\/wp-json\/wp\/v2\/media\/4589"}],"wp:attachment":[{"href":"https:\/\/www.leaobrancodesign.com\/es\/wp-json\/wp\/v2\/media?parent=4597"}],"wp:term":[{"taxonomy":"product_brand","embeddable":true,"href":"https:\/\/www.leaobrancodesign.com\/es\/wp-json\/wp\/v2\/product_brand?post=4597"},{"taxonomy":"product_cat","embeddable":true,"href":"https:\/\/www.leaobrancodesign.com\/es\/wp-json\/wp\/v2\/product_cat?post=4597"},{"taxonomy":"product_tag","embeddable":true,"href":"https:\/\/www.leaobrancodesign.com\/es\/wp-json\/wp\/v2\/product_tag?post=4597"}],"curies":[{"name":"wp","href":"https:\/\/api.w.org\/{rel}","templated":true}]}}