{"id":7329,"date":"2024-11-02T18:38:56","date_gmt":"2024-11-02T23:38:56","guid":{"rendered":"https:\/\/www.leaobrancodesign.com\/?post_type=product&#038;p=7329"},"modified":"2024-12-20T12:05:54","modified_gmt":"2024-12-20T17:05:54","slug":"seriema-silla","status":"publish","type":"product","link":"https:\/\/www.leaobrancodesign.com\/es\/producto\/seriema-silla\/","title":{"rendered":"Seriema"},"content":{"rendered":"","protected":false},"excerpt":{"rendered":"<p><strong>Especificaciones<\/strong><\/p>\n<p>Con un\u00a0dise\u00f1o estilizado y elegante, esta\u00a0silla de comedor\u00a0se distingue por sus\u00a0patas sofisticadas\u00a0y l\u00edneas refinadas.<\/p>\n<p>Incorpora\u00a0tecnolog\u00eda Nanobionic, que convierte la energ\u00eda t\u00e9rmica en\u00a0energ\u00eda infrarroja, mejorando la\u00a0circulaci\u00f3n sangu\u00ednea, aliviando\u00a0dolores musculares\u00a0y proporcionando\u00a0bienestar.<\/p>\n<p><strong>Dimensiones:<\/strong><\/p>\n<p>A: 0,56 x L:0,57 x A:0,80 cm<br \/>\n22\u2033 x 22\u2033 x 31\u2033<\/p>\n<p><strong>Materiales:<\/strong><br \/>\nCuero &amp; Acero al carb\u00f3n<\/p>\n<p><strong>Colores:<\/strong><\/p>\n<p><img decoding=\"async\" class=\"alignnone wp-image-7336 size-thumbnail\" src=\"https:\/\/www.leaobrancodesign.com\/wp-content\/uploads\/2024\/11\/COLOR-TELAS-PAG-LEAO-33-150x150.jpg\" alt=\"\" width=\"150\" height=\"150\" srcset=\"https:\/\/www.leaobrancodesign.com\/wp-content\/uploads\/2024\/11\/COLOR-TELAS-PAG-LEAO-33-150x150.jpg 150w, https:\/\/www.leaobrancodesign.com\/wp-content\/uploads\/2024\/11\/COLOR-TELAS-PAG-LEAO-33-300x300.jpg 300w, https:\/\/www.leaobrancodesign.com\/wp-content\/uploads\/2024\/11\/COLOR-TELAS-PAG-LEAO-33-768x768.jpg 768w, https:\/\/www.leaobrancodesign.com\/wp-content\/uploads\/2024\/11\/COLOR-TELAS-PAG-LEAO-33-700x700.jpg 700w, https:\/\/www.leaobrancodesign.com\/wp-content\/uploads\/2024\/11\/COLOR-TELAS-PAG-LEAO-33-600x600.jpg 600w, https:\/\/www.leaobrancodesign.com\/wp-content\/uploads\/2024\/11\/COLOR-TELAS-PAG-LEAO-33-100x100.jpg 100w, https:\/\/www.leaobrancodesign.com\/wp-content\/uploads\/2024\/11\/COLOR-TELAS-PAG-LEAO-33.jpg 800w\" sizes=\"(max-width: 150px) 100vw, 150px\" \/> <img decoding=\"async\" class=\"alignnone wp-image-7338 size-thumbnail\" src=\"https:\/\/www.leaobrancodesign.com\/wp-content\/uploads\/2024\/11\/COLOR-TELAS-PAG-LEAO-32-150x150.jpg\" alt=\"\" width=\"150\" height=\"150\" srcset=\"https:\/\/www.leaobrancodesign.com\/wp-content\/uploads\/2024\/11\/COLOR-TELAS-PAG-LEAO-32-150x150.jpg 150w, https:\/\/www.leaobrancodesign.com\/wp-content\/uploads\/2024\/11\/COLOR-TELAS-PAG-LEAO-32-300x300.jpg 300w, https:\/\/www.leaobrancodesign.com\/wp-content\/uploads\/2024\/11\/COLOR-TELAS-PAG-LEAO-32-768x768.jpg 768w, https:\/\/www.leaobrancodesign.com\/wp-content\/uploads\/2024\/11\/COLOR-TELAS-PAG-LEAO-32-700x700.jpg 700w, https:\/\/www.leaobrancodesign.com\/wp-content\/uploads\/2024\/11\/COLOR-TELAS-PAG-LEAO-32-600x600.jpg 600w, https:\/\/www.leaobrancodesign.com\/wp-content\/uploads\/2024\/11\/COLOR-TELAS-PAG-LEAO-32-100x100.jpg 100w, https:\/\/www.leaobrancodesign.com\/wp-content\/uploads\/2024\/11\/COLOR-TELAS-PAG-LEAO-32.jpg 800w\" sizes=\"(max-width: 150px) 100vw, 150px\" \/><img decoding=\"async\" class=\"alignnone wp-image-7722 size-thumbnail\" src=\"https:\/\/www.leaobrancodesign.com\/wp-content\/uploads\/2024\/11\/COLOR-TELAS-PAG-LEAO-39-150x150.jpg\" alt=\"\" width=\"150\" height=\"150\" srcset=\"https:\/\/www.leaobrancodesign.com\/wp-content\/uploads\/2024\/11\/COLOR-TELAS-PAG-LEAO-39-150x150.jpg 150w, https:\/\/www.leaobrancodesign.com\/wp-content\/uploads\/2024\/11\/COLOR-TELAS-PAG-LEAO-39-300x300.jpg 300w, https:\/\/www.leaobrancodesign.com\/wp-content\/uploads\/2024\/11\/COLOR-TELAS-PAG-LEAO-39-768x768.jpg 768w, https:\/\/www.leaobrancodesign.com\/wp-content\/uploads\/2024\/11\/COLOR-TELAS-PAG-LEAO-39-700x700.jpg 700w, https:\/\/www.leaobrancodesign.com\/wp-content\/uploads\/2024\/11\/COLOR-TELAS-PAG-LEAO-39-600x600.jpg 600w, https:\/\/www.leaobrancodesign.com\/wp-content\/uploads\/2024\/11\/COLOR-TELAS-PAG-LEAO-39-100x100.jpg 100w, https:\/\/www.leaobrancodesign.com\/wp-content\/uploads\/2024\/11\/COLOR-TELAS-PAG-LEAO-39.jpg 800w\" sizes=\"(max-width: 150px) 100vw, 150px\" \/><\/p>\n<p>*Pregunta por mas colores disponibles<\/p>\n","protected":false},"featured_media":7330,"comment_status":"open","ping_status":"closed","template":"","meta":[],"product_brand":[],"product_cat":[70,72],"product_tag":[],"class_list":{"0":"post-7329","1":"product","2":"type-product","3":"status-publish","4":"has-post-thumbnail","6":"product_cat-comedor","7":"product_cat-sillas-de-comedor","9":"first","10":"instock","11":"shipping-taxable","12":"product-type-simple"},"yoast_head":"<!-- This site is optimized with the Yoast SEO plugin v24.3 - https:\/\/yoast.com\/wordpress\/plugins\/seo\/ -->\n<title>Seriema - LEAO BRANCO DESIGN<\/title>\n<meta name=\"description\" content=\"Esta silla de comedor destaca por su dise\u00f1o estilizado y \u00fanico, con patas que aportan un toque de distinci\u00f3n y sofisticaci\u00f3n.\" \/>\n<meta name=\"robots\" content=\"index, follow, max-snippet:-1, max-image-preview:large, max-video-preview:-1\" \/>\n<link rel=\"canonical\" href=\"https:\/\/www.leaobrancodesign.com\/es\/producto\/seriema-silla\/\" \/>\n<meta property=\"og:locale\" content=\"es_ES\" \/>\n<meta property=\"og:type\" content=\"article\" \/>\n<meta property=\"og:title\" content=\"Seriema - LEAO BRANCO DESIGN\" \/>\n<meta property=\"og:description\" content=\"Esta silla de comedor destaca por su dise\u00f1o estilizado y \u00fanico, con patas que aportan un toque de distinci\u00f3n y sofisticaci\u00f3n.\" \/>\n<meta property=\"og:url\" content=\"https:\/\/www.leaobrancodesign.com\/es\/producto\/seriema-silla\/\" \/>\n<meta property=\"og:site_name\" content=\"LEAO BRANCO DESIGN\" \/>\n<meta property=\"article:publisher\" content=\"https:\/\/www.facebook.com\/leaobrancodesign\/\" \/>\n<meta property=\"article:modified_time\" content=\"2024-12-20T17:05:54+00:00\" \/>\n<meta property=\"og:image\" content=\"https:\/\/www.leaobrancodesign.com\/wp-content\/uploads\/2024\/11\/Productos-pag-leao-2024-11-02T182138.002.jpg\" \/>\n\t<meta property=\"og:image:width\" content=\"1200\" \/>\n\t<meta property=\"og:image:height\" content=\"628\" \/>\n\t<meta property=\"og:image:type\" content=\"image\/jpeg\" \/>\n<meta name=\"twitter:card\" content=\"summary_large_image\" \/>\n<meta name=\"twitter:label1\" content=\"Tiempo de lectura\" \/>\n\t<meta name=\"twitter:data1\" content=\"1 minuto\" \/>\n<script type=\"application\/ld+json\" class=\"yoast-schema-graph\">{\"@context\":\"https:\/\/schema.org\",\"@graph\":[{\"@type\":\"WebPage\",\"@id\":\"https:\/\/www.leaobrancodesign.com\/es\/producto\/seriema-silla\/\",\"url\":\"https:\/\/www.leaobrancodesign.com\/es\/producto\/seriema-silla\/\",\"name\":\"Seriema - LEAO BRANCO DESIGN\",\"isPartOf\":{\"@id\":\"https:\/\/www.leaobrancodesign.com\/#website\"},\"primaryImageOfPage\":{\"@id\":\"https:\/\/www.leaobrancodesign.com\/es\/producto\/seriema-silla\/#primaryimage\"},\"image\":{\"@id\":\"https:\/\/www.leaobrancodesign.com\/es\/producto\/seriema-silla\/#primaryimage\"},\"thumbnailUrl\":\"https:\/\/www.leaobrancodesign.com\/wp-content\/uploads\/2024\/11\/Productos-pag-leao-2024-11-02T182138.002.jpg\",\"datePublished\":\"2024-11-02T23:38:56+00:00\",\"dateModified\":\"2024-12-20T17:05:54+00:00\",\"description\":\"Esta silla de comedor destaca por su dise\u00f1o estilizado y \u00fanico, con patas que aportan un toque de distinci\u00f3n y sofisticaci\u00f3n.\",\"breadcrumb\":{\"@id\":\"https:\/\/www.leaobrancodesign.com\/es\/producto\/seriema-silla\/#breadcrumb\"},\"inLanguage\":\"es\",\"potentialAction\":[{\"@type\":\"ReadAction\",\"target\":[\"https:\/\/www.leaobrancodesign.com\/es\/producto\/seriema-silla\/\"]}]},{\"@type\":\"ImageObject\",\"inLanguage\":\"es\",\"@id\":\"https:\/\/www.leaobrancodesign.com\/es\/producto\/seriema-silla\/#primaryimage\",\"url\":\"https:\/\/www.leaobrancodesign.com\/wp-content\/uploads\/2024\/11\/Productos-pag-leao-2024-11-02T182138.002.jpg\",\"contentUrl\":\"https:\/\/www.leaobrancodesign.com\/wp-content\/uploads\/2024\/11\/Productos-pag-leao-2024-11-02T182138.002.jpg\",\"width\":1200,\"height\":628},{\"@type\":\"BreadcrumbList\",\"@id\":\"https:\/\/www.leaobrancodesign.com\/es\/producto\/seriema-silla\/#breadcrumb\",\"itemListElement\":[{\"@type\":\"ListItem\",\"position\":1,\"name\":\"Home\",\"item\":\"https:\/\/www.leaobrancodesign.com\/\"},{\"@type\":\"ListItem\",\"position\":2,\"name\":\"Tienda\",\"item\":\"https:\/\/www.leaobrancodesign.com\/es\/?page_id=745\"},{\"@type\":\"ListItem\",\"position\":3,\"name\":\"Seriema\"}]},{\"@type\":\"WebSite\",\"@id\":\"https:\/\/www.leaobrancodesign.com\/#website\",\"url\":\"https:\/\/www.leaobrancodesign.com\/\",\"name\":\"LEAO BRANCO\",\"description\":\"BRAZILIAN FUNITURE\",\"publisher\":{\"@id\":\"https:\/\/www.leaobrancodesign.com\/#organization\"},\"potentialAction\":[{\"@type\":\"SearchAction\",\"target\":{\"@type\":\"EntryPoint\",\"urlTemplate\":\"https:\/\/www.leaobrancodesign.com\/?s={search_term_string}\"},\"query-input\":{\"@type\":\"PropertyValueSpecification\",\"valueRequired\":true,\"valueName\":\"search_term_string\"}}],\"inLanguage\":\"es\"},{\"@type\":\"Organization\",\"@id\":\"https:\/\/www.leaobrancodesign.com\/#organization\",\"name\":\"LEAO BRANCO DESIGN\",\"url\":\"https:\/\/www.leaobrancodesign.com\/\",\"logo\":{\"@type\":\"ImageObject\",\"inLanguage\":\"es\",\"@id\":\"https:\/\/www.leaobrancodesign.com\/#\/schema\/logo\/image\/\",\"url\":\"https:\/\/www.leaobrancodesign.com\/wp-content\/uploads\/2023\/02\/Recurso-1.svg\",\"contentUrl\":\"https:\/\/www.leaobrancodesign.com\/wp-content\/uploads\/2023\/02\/Recurso-1.svg\",\"width\":366,\"height\":111,\"caption\":\"LEAO BRANCO DESIGN\"},\"image\":{\"@id\":\"https:\/\/www.leaobrancodesign.com\/#\/schema\/logo\/image\/\"},\"sameAs\":[\"https:\/\/www.facebook.com\/leaobrancodesign\/\"]}]}<\/script>\n<!-- \/ Yoast SEO plugin. -->","yoast_head_json":{"title":"Seriema - LEAO BRANCO DESIGN","description":"Esta silla de comedor destaca por su dise\u00f1o estilizado y \u00fanico, con patas que aportan un toque de distinci\u00f3n y sofisticaci\u00f3n.","robots":{"index":"index","follow":"follow","max-snippet":"max-snippet:-1","max-image-preview":"max-image-preview:large","max-video-preview":"max-video-preview:-1"},"canonical":"https:\/\/www.leaobrancodesign.com\/es\/producto\/seriema-silla\/","og_locale":"es_ES","og_type":"article","og_title":"Seriema - LEAO BRANCO DESIGN","og_description":"Esta silla de comedor destaca por su dise\u00f1o estilizado y \u00fanico, con patas que aportan un toque de distinci\u00f3n y sofisticaci\u00f3n.","og_url":"https:\/\/www.leaobrancodesign.com\/es\/producto\/seriema-silla\/","og_site_name":"LEAO BRANCO DESIGN","article_publisher":"https:\/\/www.facebook.com\/leaobrancodesign\/","article_modified_time":"2024-12-20T17:05:54+00:00","og_image":[{"width":1200,"height":628,"url":"https:\/\/www.leaobrancodesign.com\/wp-content\/uploads\/2024\/11\/Productos-pag-leao-2024-11-02T182138.002.jpg","type":"image\/jpeg"}],"twitter_card":"summary_large_image","twitter_misc":{"Tiempo de lectura":"1 minuto"},"schema":{"@context":"https:\/\/schema.org","@graph":[{"@type":"WebPage","@id":"https:\/\/www.leaobrancodesign.com\/es\/producto\/seriema-silla\/","url":"https:\/\/www.leaobrancodesign.com\/es\/producto\/seriema-silla\/","name":"Seriema - LEAO BRANCO DESIGN","isPartOf":{"@id":"https:\/\/www.leaobrancodesign.com\/#website"},"primaryImageOfPage":{"@id":"https:\/\/www.leaobrancodesign.com\/es\/producto\/seriema-silla\/#primaryimage"},"image":{"@id":"https:\/\/www.leaobrancodesign.com\/es\/producto\/seriema-silla\/#primaryimage"},"thumbnailUrl":"https:\/\/www.leaobrancodesign.com\/wp-content\/uploads\/2024\/11\/Productos-pag-leao-2024-11-02T182138.002.jpg","datePublished":"2024-11-02T23:38:56+00:00","dateModified":"2024-12-20T17:05:54+00:00","description":"Esta silla de comedor destaca por su dise\u00f1o estilizado y \u00fanico, con patas que aportan un toque de distinci\u00f3n y sofisticaci\u00f3n.","breadcrumb":{"@id":"https:\/\/www.leaobrancodesign.com\/es\/producto\/seriema-silla\/#breadcrumb"},"inLanguage":"es","potentialAction":[{"@type":"ReadAction","target":["https:\/\/www.leaobrancodesign.com\/es\/producto\/seriema-silla\/"]}]},{"@type":"ImageObject","inLanguage":"es","@id":"https:\/\/www.leaobrancodesign.com\/es\/producto\/seriema-silla\/#primaryimage","url":"https:\/\/www.leaobrancodesign.com\/wp-content\/uploads\/2024\/11\/Productos-pag-leao-2024-11-02T182138.002.jpg","contentUrl":"https:\/\/www.leaobrancodesign.com\/wp-content\/uploads\/2024\/11\/Productos-pag-leao-2024-11-02T182138.002.jpg","width":1200,"height":628},{"@type":"BreadcrumbList","@id":"https:\/\/www.leaobrancodesign.com\/es\/producto\/seriema-silla\/#breadcrumb","itemListElement":[{"@type":"ListItem","position":1,"name":"Home","item":"https:\/\/www.leaobrancodesign.com\/"},{"@type":"ListItem","position":2,"name":"Tienda","item":"https:\/\/www.leaobrancodesign.com\/es\/?page_id=745"},{"@type":"ListItem","position":3,"name":"Seriema"}]},{"@type":"WebSite","@id":"https:\/\/www.leaobrancodesign.com\/#website","url":"https:\/\/www.leaobrancodesign.com\/","name":"LEAO BRANCO","description":"BRAZILIAN FUNITURE","publisher":{"@id":"https:\/\/www.leaobrancodesign.com\/#organization"},"potentialAction":[{"@type":"SearchAction","target":{"@type":"EntryPoint","urlTemplate":"https:\/\/www.leaobrancodesign.com\/?s={search_term_string}"},"query-input":{"@type":"PropertyValueSpecification","valueRequired":true,"valueName":"search_term_string"}}],"inLanguage":"es"},{"@type":"Organization","@id":"https:\/\/www.leaobrancodesign.com\/#organization","name":"LEAO BRANCO DESIGN","url":"https:\/\/www.leaobrancodesign.com\/","logo":{"@type":"ImageObject","inLanguage":"es","@id":"https:\/\/www.leaobrancodesign.com\/#\/schema\/logo\/image\/","url":"https:\/\/www.leaobrancodesign.com\/wp-content\/uploads\/2023\/02\/Recurso-1.svg","contentUrl":"https:\/\/www.leaobrancodesign.com\/wp-content\/uploads\/2023\/02\/Recurso-1.svg","width":366,"height":111,"caption":"LEAO BRANCO DESIGN"},"image":{"@id":"https:\/\/www.leaobrancodesign.com\/#\/schema\/logo\/image\/"},"sameAs":["https:\/\/www.facebook.com\/leaobrancodesign\/"]}]}},"_links":{"self":[{"href":"https:\/\/www.leaobrancodesign.com\/es\/wp-json\/wp\/v2\/product\/7329","targetHints":{"allow":["GET"]}}],"collection":[{"href":"https:\/\/www.leaobrancodesign.com\/es\/wp-json\/wp\/v2\/product"}],"about":[{"href":"https:\/\/www.leaobrancodesign.com\/es\/wp-json\/wp\/v2\/types\/product"}],"replies":[{"embeddable":true,"href":"https:\/\/www.leaobrancodesign.com\/es\/wp-json\/wp\/v2\/comments?post=7329"}],"version-history":[{"count":0,"href":"https:\/\/www.leaobrancodesign.com\/es\/wp-json\/wp\/v2\/product\/7329\/revisions"}],"wp:featuredmedia":[{"embeddable":true,"href":"https:\/\/www.leaobrancodesign.com\/es\/wp-json\/wp\/v2\/media\/7330"}],"wp:attachment":[{"href":"https:\/\/www.leaobrancodesign.com\/es\/wp-json\/wp\/v2\/media?parent=7329"}],"wp:term":[{"taxonomy":"product_brand","embeddable":true,"href":"https:\/\/www.leaobrancodesign.com\/es\/wp-json\/wp\/v2\/product_brand?post=7329"},{"taxonomy":"product_cat","embeddable":true,"href":"https:\/\/www.leaobrancodesign.com\/es\/wp-json\/wp\/v2\/product_cat?post=7329"},{"taxonomy":"product_tag","embeddable":true,"href":"https:\/\/www.leaobrancodesign.com\/es\/wp-json\/wp\/v2\/product_tag?post=7329"}],"curies":[{"name":"wp","href":"https:\/\/api.w.org\/{rel}","templated":true}]}}