{"id":8577,"date":"2025-06-26T18:44:09","date_gmt":"2025-06-26T23:44:09","guid":{"rendered":"https:\/\/www.leaobrancodesign.com\/?post_type=product&#038;p=8577"},"modified":"2025-06-26T18:50:46","modified_gmt":"2025-06-26T23:50:46","slug":"eredita-poltrona","status":"publish","type":"product","link":"https:\/\/www.leaobrancodesign.com\/es\/producto\/eredita-poltrona\/","title":{"rendered":"Eredita"},"content":{"rendered":"","protected":false},"excerpt":{"rendered":"<p><strong>Especificaciones:\u00a0 \u00a0<\/strong><\/p>\n<p>Inspirada en la tradici\u00f3n del mobiliario artesanal, la poltrona Eredita combina madera seleccionada con un dise\u00f1o envolvente y sofisticado. Su silueta elegante y acabados de alta gama la convierten en una pieza exclusiva, ideal para espacios que buscan distinci\u00f3n y \u00a0aprecian lo exclusivo.<\/p>\n<p><strong>Dimensiones:<\/strong><\/p>\n<p>A: 81 x L:54 x A:69 cm<br \/>\n31\u2033 x 21\u2033 x 27\u2033<\/p>\n<p><strong>Materiales:<\/strong><br \/>\nTela &amp; Madera<\/p>\n<p><strong>Colores:<\/strong><\/p>\n<p><img decoding=\"async\" class=\"alignnone wp-image-777\" src=\"https:\/\/leaobrancodesign.com\/wp-content\/uploads\/2023\/02\/Material.jpg\" alt=\"\" width=\"107\" height=\"102\" data-wp-editing=\"1\" \/>\u00a0 \u00a0 <img decoding=\"async\" class=\"alignnone wp-image-6617\" src=\"https:\/\/www.leaobrancodesign.com\/wp-content\/uploads\/2024\/10\/COLOR-TELAS-PAG-LEAO-13-300x300.jpg\" alt=\"\" width=\"168\" height=\"168\" data-wp-editing=\"1\" srcset=\"https:\/\/www.leaobrancodesign.com\/wp-content\/uploads\/2024\/10\/COLOR-TELAS-PAG-LEAO-13-300x300.jpg 300w, https:\/\/www.leaobrancodesign.com\/wp-content\/uploads\/2024\/10\/COLOR-TELAS-PAG-LEAO-13-150x150.jpg 150w, https:\/\/www.leaobrancodesign.com\/wp-content\/uploads\/2024\/10\/COLOR-TELAS-PAG-LEAO-13-768x768.jpg 768w, https:\/\/www.leaobrancodesign.com\/wp-content\/uploads\/2024\/10\/COLOR-TELAS-PAG-LEAO-13-700x700.jpg 700w, https:\/\/www.leaobrancodesign.com\/wp-content\/uploads\/2024\/10\/COLOR-TELAS-PAG-LEAO-13-600x600.jpg 600w, https:\/\/www.leaobrancodesign.com\/wp-content\/uploads\/2024\/10\/COLOR-TELAS-PAG-LEAO-13-100x100.jpg 100w, https:\/\/www.leaobrancodesign.com\/wp-content\/uploads\/2024\/10\/COLOR-TELAS-PAG-LEAO-13.jpg 800w\" sizes=\"(max-width: 168px) 100vw, 168px\" \/><\/p>\n<p>&nbsp;<\/p>\n","protected":false},"featured_media":8574,"comment_status":"open","ping_status":"closed","template":"","meta":[],"product_brand":[],"product_cat":[74,75],"product_tag":[],"class_list":{"0":"post-8577","1":"product","2":"type-product","3":"status-publish","4":"has-post-thumbnail","6":"product_cat-sala-es","7":"product_cat-poltronas-es","9":"first","10":"instock","11":"shipping-taxable","12":"product-type-simple"},"yoast_head":"<!-- This site is optimized with the Yoast SEO plugin v24.3 - https:\/\/yoast.com\/wordpress\/plugins\/seo\/ -->\n<title>Eredita - LEAO BRANCO DESIGN<\/title>\n<meta name=\"description\" content=\"Con l\u00edneas refinadas y estructura de madera, encarna el lujo atemporal. Su dise\u00f1o envolvente la convierten en una pieza ic\u00f3nica.\" \/>\n<meta name=\"robots\" content=\"index, follow, max-snippet:-1, max-image-preview:large, max-video-preview:-1\" \/>\n<link rel=\"canonical\" href=\"https:\/\/www.leaobrancodesign.com\/es\/producto\/eredita-poltrona\/\" \/>\n<meta property=\"og:locale\" content=\"es_ES\" \/>\n<meta property=\"og:type\" content=\"article\" \/>\n<meta property=\"og:title\" content=\"Eredita - LEAO BRANCO DESIGN\" \/>\n<meta property=\"og:description\" content=\"Con l\u00edneas refinadas y estructura de madera, encarna el lujo atemporal. Su dise\u00f1o envolvente la convierten en una pieza ic\u00f3nica.\" \/>\n<meta property=\"og:url\" content=\"https:\/\/www.leaobrancodesign.com\/es\/producto\/eredita-poltrona\/\" \/>\n<meta property=\"og:site_name\" content=\"LEAO BRANCO DESIGN\" \/>\n<meta property=\"article:publisher\" content=\"https:\/\/www.facebook.com\/leaobrancodesign\/\" \/>\n<meta property=\"article:modified_time\" content=\"2025-06-26T23:50:46+00:00\" \/>\n<meta property=\"og:image\" content=\"https:\/\/www.leaobrancodesign.com\/wp-content\/uploads\/2023\/02\/ere.jpg\" \/>\n\t<meta property=\"og:image:width\" content=\"1200\" \/>\n\t<meta property=\"og:image:height\" content=\"628\" \/>\n\t<meta property=\"og:image:type\" content=\"image\/jpeg\" \/>\n<meta name=\"twitter:card\" content=\"summary_large_image\" \/>\n<meta name=\"twitter:label1\" content=\"Tiempo de lectura\" \/>\n\t<meta name=\"twitter:data1\" content=\"1 minuto\" \/>\n<script type=\"application\/ld+json\" class=\"yoast-schema-graph\">{\"@context\":\"https:\/\/schema.org\",\"@graph\":[{\"@type\":\"WebPage\",\"@id\":\"https:\/\/www.leaobrancodesign.com\/es\/producto\/eredita-poltrona\/\",\"url\":\"https:\/\/www.leaobrancodesign.com\/es\/producto\/eredita-poltrona\/\",\"name\":\"Eredita - LEAO BRANCO DESIGN\",\"isPartOf\":{\"@id\":\"https:\/\/www.leaobrancodesign.com\/#website\"},\"primaryImageOfPage\":{\"@id\":\"https:\/\/www.leaobrancodesign.com\/es\/producto\/eredita-poltrona\/#primaryimage\"},\"image\":{\"@id\":\"https:\/\/www.leaobrancodesign.com\/es\/producto\/eredita-poltrona\/#primaryimage\"},\"thumbnailUrl\":\"https:\/\/www.leaobrancodesign.com\/wp-content\/uploads\/2023\/02\/ere.jpg\",\"datePublished\":\"2025-06-26T23:44:09+00:00\",\"dateModified\":\"2025-06-26T23:50:46+00:00\",\"description\":\"Con l\u00edneas refinadas y estructura de madera, encarna el lujo atemporal. Su dise\u00f1o envolvente la convierten en una pieza ic\u00f3nica.\",\"breadcrumb\":{\"@id\":\"https:\/\/www.leaobrancodesign.com\/es\/producto\/eredita-poltrona\/#breadcrumb\"},\"inLanguage\":\"es\",\"potentialAction\":[{\"@type\":\"ReadAction\",\"target\":[\"https:\/\/www.leaobrancodesign.com\/es\/producto\/eredita-poltrona\/\"]}]},{\"@type\":\"ImageObject\",\"inLanguage\":\"es\",\"@id\":\"https:\/\/www.leaobrancodesign.com\/es\/producto\/eredita-poltrona\/#primaryimage\",\"url\":\"https:\/\/www.leaobrancodesign.com\/wp-content\/uploads\/2023\/02\/ere.jpg\",\"contentUrl\":\"https:\/\/www.leaobrancodesign.com\/wp-content\/uploads\/2023\/02\/ere.jpg\",\"width\":1200,\"height\":628},{\"@type\":\"BreadcrumbList\",\"@id\":\"https:\/\/www.leaobrancodesign.com\/es\/producto\/eredita-poltrona\/#breadcrumb\",\"itemListElement\":[{\"@type\":\"ListItem\",\"position\":1,\"name\":\"Home\",\"item\":\"https:\/\/www.leaobrancodesign.com\/\"},{\"@type\":\"ListItem\",\"position\":2,\"name\":\"Tienda\",\"item\":\"https:\/\/www.leaobrancodesign.com\/es\/?page_id=745\"},{\"@type\":\"ListItem\",\"position\":3,\"name\":\"Eredita\"}]},{\"@type\":\"WebSite\",\"@id\":\"https:\/\/www.leaobrancodesign.com\/#website\",\"url\":\"https:\/\/www.leaobrancodesign.com\/\",\"name\":\"LEAO BRANCO\",\"description\":\"BRAZILIAN FUNITURE\",\"publisher\":{\"@id\":\"https:\/\/www.leaobrancodesign.com\/#organization\"},\"potentialAction\":[{\"@type\":\"SearchAction\",\"target\":{\"@type\":\"EntryPoint\",\"urlTemplate\":\"https:\/\/www.leaobrancodesign.com\/?s={search_term_string}\"},\"query-input\":{\"@type\":\"PropertyValueSpecification\",\"valueRequired\":true,\"valueName\":\"search_term_string\"}}],\"inLanguage\":\"es\"},{\"@type\":\"Organization\",\"@id\":\"https:\/\/www.leaobrancodesign.com\/#organization\",\"name\":\"LEAO BRANCO DESIGN\",\"url\":\"https:\/\/www.leaobrancodesign.com\/\",\"logo\":{\"@type\":\"ImageObject\",\"inLanguage\":\"es\",\"@id\":\"https:\/\/www.leaobrancodesign.com\/#\/schema\/logo\/image\/\",\"url\":\"https:\/\/www.leaobrancodesign.com\/wp-content\/uploads\/2023\/02\/Recurso-1.svg\",\"contentUrl\":\"https:\/\/www.leaobrancodesign.com\/wp-content\/uploads\/2023\/02\/Recurso-1.svg\",\"width\":366,\"height\":111,\"caption\":\"LEAO BRANCO DESIGN\"},\"image\":{\"@id\":\"https:\/\/www.leaobrancodesign.com\/#\/schema\/logo\/image\/\"},\"sameAs\":[\"https:\/\/www.facebook.com\/leaobrancodesign\/\"]}]}<\/script>\n<!-- \/ Yoast SEO plugin. -->","yoast_head_json":{"title":"Eredita - LEAO BRANCO DESIGN","description":"Con l\u00edneas refinadas y estructura de madera, encarna el lujo atemporal. Su dise\u00f1o envolvente la convierten en una pieza ic\u00f3nica.","robots":{"index":"index","follow":"follow","max-snippet":"max-snippet:-1","max-image-preview":"max-image-preview:large","max-video-preview":"max-video-preview:-1"},"canonical":"https:\/\/www.leaobrancodesign.com\/es\/producto\/eredita-poltrona\/","og_locale":"es_ES","og_type":"article","og_title":"Eredita - LEAO BRANCO DESIGN","og_description":"Con l\u00edneas refinadas y estructura de madera, encarna el lujo atemporal. Su dise\u00f1o envolvente la convierten en una pieza ic\u00f3nica.","og_url":"https:\/\/www.leaobrancodesign.com\/es\/producto\/eredita-poltrona\/","og_site_name":"LEAO BRANCO DESIGN","article_publisher":"https:\/\/www.facebook.com\/leaobrancodesign\/","article_modified_time":"2025-06-26T23:50:46+00:00","og_image":[{"width":1200,"height":628,"url":"https:\/\/www.leaobrancodesign.com\/wp-content\/uploads\/2023\/02\/ere.jpg","type":"image\/jpeg"}],"twitter_card":"summary_large_image","twitter_misc":{"Tiempo de lectura":"1 minuto"},"schema":{"@context":"https:\/\/schema.org","@graph":[{"@type":"WebPage","@id":"https:\/\/www.leaobrancodesign.com\/es\/producto\/eredita-poltrona\/","url":"https:\/\/www.leaobrancodesign.com\/es\/producto\/eredita-poltrona\/","name":"Eredita - LEAO BRANCO DESIGN","isPartOf":{"@id":"https:\/\/www.leaobrancodesign.com\/#website"},"primaryImageOfPage":{"@id":"https:\/\/www.leaobrancodesign.com\/es\/producto\/eredita-poltrona\/#primaryimage"},"image":{"@id":"https:\/\/www.leaobrancodesign.com\/es\/producto\/eredita-poltrona\/#primaryimage"},"thumbnailUrl":"https:\/\/www.leaobrancodesign.com\/wp-content\/uploads\/2023\/02\/ere.jpg","datePublished":"2025-06-26T23:44:09+00:00","dateModified":"2025-06-26T23:50:46+00:00","description":"Con l\u00edneas refinadas y estructura de madera, encarna el lujo atemporal. Su dise\u00f1o envolvente la convierten en una pieza ic\u00f3nica.","breadcrumb":{"@id":"https:\/\/www.leaobrancodesign.com\/es\/producto\/eredita-poltrona\/#breadcrumb"},"inLanguage":"es","potentialAction":[{"@type":"ReadAction","target":["https:\/\/www.leaobrancodesign.com\/es\/producto\/eredita-poltrona\/"]}]},{"@type":"ImageObject","inLanguage":"es","@id":"https:\/\/www.leaobrancodesign.com\/es\/producto\/eredita-poltrona\/#primaryimage","url":"https:\/\/www.leaobrancodesign.com\/wp-content\/uploads\/2023\/02\/ere.jpg","contentUrl":"https:\/\/www.leaobrancodesign.com\/wp-content\/uploads\/2023\/02\/ere.jpg","width":1200,"height":628},{"@type":"BreadcrumbList","@id":"https:\/\/www.leaobrancodesign.com\/es\/producto\/eredita-poltrona\/#breadcrumb","itemListElement":[{"@type":"ListItem","position":1,"name":"Home","item":"https:\/\/www.leaobrancodesign.com\/"},{"@type":"ListItem","position":2,"name":"Tienda","item":"https:\/\/www.leaobrancodesign.com\/es\/?page_id=745"},{"@type":"ListItem","position":3,"name":"Eredita"}]},{"@type":"WebSite","@id":"https:\/\/www.leaobrancodesign.com\/#website","url":"https:\/\/www.leaobrancodesign.com\/","name":"LEAO BRANCO","description":"BRAZILIAN FUNITURE","publisher":{"@id":"https:\/\/www.leaobrancodesign.com\/#organization"},"potentialAction":[{"@type":"SearchAction","target":{"@type":"EntryPoint","urlTemplate":"https:\/\/www.leaobrancodesign.com\/?s={search_term_string}"},"query-input":{"@type":"PropertyValueSpecification","valueRequired":true,"valueName":"search_term_string"}}],"inLanguage":"es"},{"@type":"Organization","@id":"https:\/\/www.leaobrancodesign.com\/#organization","name":"LEAO BRANCO DESIGN","url":"https:\/\/www.leaobrancodesign.com\/","logo":{"@type":"ImageObject","inLanguage":"es","@id":"https:\/\/www.leaobrancodesign.com\/#\/schema\/logo\/image\/","url":"https:\/\/www.leaobrancodesign.com\/wp-content\/uploads\/2023\/02\/Recurso-1.svg","contentUrl":"https:\/\/www.leaobrancodesign.com\/wp-content\/uploads\/2023\/02\/Recurso-1.svg","width":366,"height":111,"caption":"LEAO BRANCO DESIGN"},"image":{"@id":"https:\/\/www.leaobrancodesign.com\/#\/schema\/logo\/image\/"},"sameAs":["https:\/\/www.facebook.com\/leaobrancodesign\/"]}]}},"_links":{"self":[{"href":"https:\/\/www.leaobrancodesign.com\/es\/wp-json\/wp\/v2\/product\/8577","targetHints":{"allow":["GET"]}}],"collection":[{"href":"https:\/\/www.leaobrancodesign.com\/es\/wp-json\/wp\/v2\/product"}],"about":[{"href":"https:\/\/www.leaobrancodesign.com\/es\/wp-json\/wp\/v2\/types\/product"}],"replies":[{"embeddable":true,"href":"https:\/\/www.leaobrancodesign.com\/es\/wp-json\/wp\/v2\/comments?post=8577"}],"version-history":[{"count":1,"href":"https:\/\/www.leaobrancodesign.com\/es\/wp-json\/wp\/v2\/product\/8577\/revisions"}],"predecessor-version":[{"id":8578,"href":"https:\/\/www.leaobrancodesign.com\/es\/wp-json\/wp\/v2\/product\/8577\/revisions\/8578"}],"wp:featuredmedia":[{"embeddable":true,"href":"https:\/\/www.leaobrancodesign.com\/es\/wp-json\/wp\/v2\/media\/8574"}],"wp:attachment":[{"href":"https:\/\/www.leaobrancodesign.com\/es\/wp-json\/wp\/v2\/media?parent=8577"}],"wp:term":[{"taxonomy":"product_brand","embeddable":true,"href":"https:\/\/www.leaobrancodesign.com\/es\/wp-json\/wp\/v2\/product_brand?post=8577"},{"taxonomy":"product_cat","embeddable":true,"href":"https:\/\/www.leaobrancodesign.com\/es\/wp-json\/wp\/v2\/product_cat?post=8577"},{"taxonomy":"product_tag","embeddable":true,"href":"https:\/\/www.leaobrancodesign.com\/es\/wp-json\/wp\/v2\/product_tag?post=8577"}],"curies":[{"name":"wp","href":"https:\/\/api.w.org\/{rel}","templated":true}]}}