{"id":8622,"date":"2025-07-02T15:28:32","date_gmt":"2025-07-02T20:28:32","guid":{"rendered":"https:\/\/www.leaobrancodesign.com\/?post_type=product&#038;p=8622"},"modified":"2025-07-02T15:35:12","modified_gmt":"2025-07-02T20:35:12","slug":"rack-log","status":"publish","type":"product","link":"https:\/\/www.leaobrancodesign.com\/es\/producto\/rack-log\/","title":{"rendered":"Log"},"content":{"rendered":"","protected":false},"excerpt":{"rendered":"<p><strong>Especificaciones<\/strong><\/p>\n<p>Su dise\u00f1o de l\u00edneas curvas y acabado natural crea una fusi\u00f3n perfecta entre elegancia y funcionalidad. Ideal para quienes buscan un mueble moderno, org\u00e1nico y con gran personalidad.<\/p>\n<p><strong>Dimensiones:<\/strong><\/p>\n<p>A: 0,68 x L:2,20 x A:0,40 cm<br \/>\n26\u201d x 86\u201d x 15\u201d<\/p>\n<p><strong>Materiales:<\/strong><br \/>\nMadera \/ Grafito<\/p>\n<p><strong>Colores:<\/strong><\/p>\n<p><img decoding=\"async\" class=\"alignnone wp-image-7247 size-thumbnail\" src=\"https:\/\/www.leaobrancodesign.com\/wp-content\/uploads\/2024\/10\/COLOR-TELAS-PAG-LEAO-29-150x150.jpg\" alt=\"\" width=\"150\" height=\"150\" srcset=\"https:\/\/www.leaobrancodesign.com\/wp-content\/uploads\/2024\/10\/COLOR-TELAS-PAG-LEAO-29-150x150.jpg 150w, https:\/\/www.leaobrancodesign.com\/wp-content\/uploads\/2024\/10\/COLOR-TELAS-PAG-LEAO-29-300x300.jpg 300w, https:\/\/www.leaobrancodesign.com\/wp-content\/uploads\/2024\/10\/COLOR-TELAS-PAG-LEAO-29-768x768.jpg 768w, https:\/\/www.leaobrancodesign.com\/wp-content\/uploads\/2024\/10\/COLOR-TELAS-PAG-LEAO-29-700x700.jpg 700w, https:\/\/www.leaobrancodesign.com\/wp-content\/uploads\/2024\/10\/COLOR-TELAS-PAG-LEAO-29-600x600.jpg 600w, https:\/\/www.leaobrancodesign.com\/wp-content\/uploads\/2024\/10\/COLOR-TELAS-PAG-LEAO-29-100x100.jpg 100w, https:\/\/www.leaobrancodesign.com\/wp-content\/uploads\/2024\/10\/COLOR-TELAS-PAG-LEAO-29.jpg 800w\" sizes=\"(max-width: 150px) 100vw, 150px\" \/><\/p>\n","protected":false},"featured_media":8620,"comment_status":"open","ping_status":"closed","template":"","meta":[],"product_brand":[],"product_cat":[70,71],"product_tag":[],"class_list":{"0":"post-8622","1":"product","2":"type-product","3":"status-publish","4":"has-post-thumbnail","6":"product_cat-comedor","7":"product_cat-biffe-es","9":"first","10":"instock","11":"shipping-taxable","12":"product-type-simple"},"yoast_head":"<!-- This site is optimized with the Yoast SEO plugin v24.3 - https:\/\/yoast.com\/wordpress\/plugins\/seo\/ -->\n<title>Log - LEAO BRANCO DESIGN<\/title>\n<meta name=\"description\" content=\"Un dise\u00f1o de l\u00edneas curvas que aporta un estilo moderno y fluido. Ideal para complementar cualquier espacio con un toque natural y funcional.\" \/>\n<meta name=\"robots\" content=\"index, follow, max-snippet:-1, max-image-preview:large, max-video-preview:-1\" \/>\n<link rel=\"canonical\" href=\"https:\/\/www.leaobrancodesign.com\/es\/producto\/rack-log\/\" \/>\n<meta property=\"og:locale\" content=\"es_ES\" \/>\n<meta property=\"og:type\" content=\"article\" \/>\n<meta property=\"og:title\" content=\"Log - LEAO BRANCO DESIGN\" \/>\n<meta property=\"og:description\" content=\"Un dise\u00f1o de l\u00edneas curvas que aporta un estilo moderno y fluido. Ideal para complementar cualquier espacio con un toque natural y funcional.\" \/>\n<meta property=\"og:url\" content=\"https:\/\/www.leaobrancodesign.com\/es\/producto\/rack-log\/\" \/>\n<meta property=\"og:site_name\" content=\"LEAO BRANCO DESIGN\" \/>\n<meta property=\"article:publisher\" content=\"https:\/\/www.facebook.com\/leaobrancodesign\/\" \/>\n<meta property=\"article:modified_time\" content=\"2025-07-02T20:35:12+00:00\" \/>\n<meta property=\"og:image\" content=\"https:\/\/www.leaobrancodesign.com\/wp-content\/uploads\/2025\/07\/LOG.jpg\" \/>\n\t<meta property=\"og:image:width\" content=\"1200\" \/>\n\t<meta property=\"og:image:height\" content=\"628\" \/>\n\t<meta property=\"og:image:type\" content=\"image\/jpeg\" \/>\n<meta name=\"twitter:card\" content=\"summary_large_image\" \/>\n<meta name=\"twitter:label1\" content=\"Tiempo de lectura\" \/>\n\t<meta name=\"twitter:data1\" content=\"1 minuto\" \/>\n<script type=\"application\/ld+json\" class=\"yoast-schema-graph\">{\"@context\":\"https:\/\/schema.org\",\"@graph\":[{\"@type\":\"WebPage\",\"@id\":\"https:\/\/www.leaobrancodesign.com\/es\/producto\/rack-log\/\",\"url\":\"https:\/\/www.leaobrancodesign.com\/es\/producto\/rack-log\/\",\"name\":\"Log - LEAO BRANCO DESIGN\",\"isPartOf\":{\"@id\":\"https:\/\/www.leaobrancodesign.com\/#website\"},\"primaryImageOfPage\":{\"@id\":\"https:\/\/www.leaobrancodesign.com\/es\/producto\/rack-log\/#primaryimage\"},\"image\":{\"@id\":\"https:\/\/www.leaobrancodesign.com\/es\/producto\/rack-log\/#primaryimage\"},\"thumbnailUrl\":\"https:\/\/www.leaobrancodesign.com\/wp-content\/uploads\/2025\/07\/LOG.jpg\",\"datePublished\":\"2025-07-02T20:28:32+00:00\",\"dateModified\":\"2025-07-02T20:35:12+00:00\",\"description\":\"Un dise\u00f1o de l\u00edneas curvas que aporta un estilo moderno y fluido. Ideal para complementar cualquier espacio con un toque natural y funcional.\",\"breadcrumb\":{\"@id\":\"https:\/\/www.leaobrancodesign.com\/es\/producto\/rack-log\/#breadcrumb\"},\"inLanguage\":\"es\",\"potentialAction\":[{\"@type\":\"ReadAction\",\"target\":[\"https:\/\/www.leaobrancodesign.com\/es\/producto\/rack-log\/\"]}]},{\"@type\":\"ImageObject\",\"inLanguage\":\"es\",\"@id\":\"https:\/\/www.leaobrancodesign.com\/es\/producto\/rack-log\/#primaryimage\",\"url\":\"https:\/\/www.leaobrancodesign.com\/wp-content\/uploads\/2025\/07\/LOG.jpg\",\"contentUrl\":\"https:\/\/www.leaobrancodesign.com\/wp-content\/uploads\/2025\/07\/LOG.jpg\",\"width\":1200,\"height\":628},{\"@type\":\"BreadcrumbList\",\"@id\":\"https:\/\/www.leaobrancodesign.com\/es\/producto\/rack-log\/#breadcrumb\",\"itemListElement\":[{\"@type\":\"ListItem\",\"position\":1,\"name\":\"Home\",\"item\":\"https:\/\/www.leaobrancodesign.com\/\"},{\"@type\":\"ListItem\",\"position\":2,\"name\":\"Tienda\",\"item\":\"https:\/\/www.leaobrancodesign.com\/es\/?page_id=745\"},{\"@type\":\"ListItem\",\"position\":3,\"name\":\"Log\"}]},{\"@type\":\"WebSite\",\"@id\":\"https:\/\/www.leaobrancodesign.com\/#website\",\"url\":\"https:\/\/www.leaobrancodesign.com\/\",\"name\":\"LEAO BRANCO\",\"description\":\"BRAZILIAN FUNITURE\",\"publisher\":{\"@id\":\"https:\/\/www.leaobrancodesign.com\/#organization\"},\"potentialAction\":[{\"@type\":\"SearchAction\",\"target\":{\"@type\":\"EntryPoint\",\"urlTemplate\":\"https:\/\/www.leaobrancodesign.com\/?s={search_term_string}\"},\"query-input\":{\"@type\":\"PropertyValueSpecification\",\"valueRequired\":true,\"valueName\":\"search_term_string\"}}],\"inLanguage\":\"es\"},{\"@type\":\"Organization\",\"@id\":\"https:\/\/www.leaobrancodesign.com\/#organization\",\"name\":\"LEAO BRANCO DESIGN\",\"url\":\"https:\/\/www.leaobrancodesign.com\/\",\"logo\":{\"@type\":\"ImageObject\",\"inLanguage\":\"es\",\"@id\":\"https:\/\/www.leaobrancodesign.com\/#\/schema\/logo\/image\/\",\"url\":\"https:\/\/www.leaobrancodesign.com\/wp-content\/uploads\/2023\/02\/Recurso-1.svg\",\"contentUrl\":\"https:\/\/www.leaobrancodesign.com\/wp-content\/uploads\/2023\/02\/Recurso-1.svg\",\"width\":366,\"height\":111,\"caption\":\"LEAO BRANCO DESIGN\"},\"image\":{\"@id\":\"https:\/\/www.leaobrancodesign.com\/#\/schema\/logo\/image\/\"},\"sameAs\":[\"https:\/\/www.facebook.com\/leaobrancodesign\/\"]}]}<\/script>\n<!-- \/ Yoast SEO plugin. -->","yoast_head_json":{"title":"Log - LEAO BRANCO DESIGN","description":"Un dise\u00f1o de l\u00edneas curvas que aporta un estilo moderno y fluido. Ideal para complementar cualquier espacio con un toque natural y funcional.","robots":{"index":"index","follow":"follow","max-snippet":"max-snippet:-1","max-image-preview":"max-image-preview:large","max-video-preview":"max-video-preview:-1"},"canonical":"https:\/\/www.leaobrancodesign.com\/es\/producto\/rack-log\/","og_locale":"es_ES","og_type":"article","og_title":"Log - LEAO BRANCO DESIGN","og_description":"Un dise\u00f1o de l\u00edneas curvas que aporta un estilo moderno y fluido. Ideal para complementar cualquier espacio con un toque natural y funcional.","og_url":"https:\/\/www.leaobrancodesign.com\/es\/producto\/rack-log\/","og_site_name":"LEAO BRANCO DESIGN","article_publisher":"https:\/\/www.facebook.com\/leaobrancodesign\/","article_modified_time":"2025-07-02T20:35:12+00:00","og_image":[{"width":1200,"height":628,"url":"https:\/\/www.leaobrancodesign.com\/wp-content\/uploads\/2025\/07\/LOG.jpg","type":"image\/jpeg"}],"twitter_card":"summary_large_image","twitter_misc":{"Tiempo de lectura":"1 minuto"},"schema":{"@context":"https:\/\/schema.org","@graph":[{"@type":"WebPage","@id":"https:\/\/www.leaobrancodesign.com\/es\/producto\/rack-log\/","url":"https:\/\/www.leaobrancodesign.com\/es\/producto\/rack-log\/","name":"Log - LEAO BRANCO DESIGN","isPartOf":{"@id":"https:\/\/www.leaobrancodesign.com\/#website"},"primaryImageOfPage":{"@id":"https:\/\/www.leaobrancodesign.com\/es\/producto\/rack-log\/#primaryimage"},"image":{"@id":"https:\/\/www.leaobrancodesign.com\/es\/producto\/rack-log\/#primaryimage"},"thumbnailUrl":"https:\/\/www.leaobrancodesign.com\/wp-content\/uploads\/2025\/07\/LOG.jpg","datePublished":"2025-07-02T20:28:32+00:00","dateModified":"2025-07-02T20:35:12+00:00","description":"Un dise\u00f1o de l\u00edneas curvas que aporta un estilo moderno y fluido. Ideal para complementar cualquier espacio con un toque natural y funcional.","breadcrumb":{"@id":"https:\/\/www.leaobrancodesign.com\/es\/producto\/rack-log\/#breadcrumb"},"inLanguage":"es","potentialAction":[{"@type":"ReadAction","target":["https:\/\/www.leaobrancodesign.com\/es\/producto\/rack-log\/"]}]},{"@type":"ImageObject","inLanguage":"es","@id":"https:\/\/www.leaobrancodesign.com\/es\/producto\/rack-log\/#primaryimage","url":"https:\/\/www.leaobrancodesign.com\/wp-content\/uploads\/2025\/07\/LOG.jpg","contentUrl":"https:\/\/www.leaobrancodesign.com\/wp-content\/uploads\/2025\/07\/LOG.jpg","width":1200,"height":628},{"@type":"BreadcrumbList","@id":"https:\/\/www.leaobrancodesign.com\/es\/producto\/rack-log\/#breadcrumb","itemListElement":[{"@type":"ListItem","position":1,"name":"Home","item":"https:\/\/www.leaobrancodesign.com\/"},{"@type":"ListItem","position":2,"name":"Tienda","item":"https:\/\/www.leaobrancodesign.com\/es\/?page_id=745"},{"@type":"ListItem","position":3,"name":"Log"}]},{"@type":"WebSite","@id":"https:\/\/www.leaobrancodesign.com\/#website","url":"https:\/\/www.leaobrancodesign.com\/","name":"LEAO BRANCO","description":"BRAZILIAN FUNITURE","publisher":{"@id":"https:\/\/www.leaobrancodesign.com\/#organization"},"potentialAction":[{"@type":"SearchAction","target":{"@type":"EntryPoint","urlTemplate":"https:\/\/www.leaobrancodesign.com\/?s={search_term_string}"},"query-input":{"@type":"PropertyValueSpecification","valueRequired":true,"valueName":"search_term_string"}}],"inLanguage":"es"},{"@type":"Organization","@id":"https:\/\/www.leaobrancodesign.com\/#organization","name":"LEAO BRANCO DESIGN","url":"https:\/\/www.leaobrancodesign.com\/","logo":{"@type":"ImageObject","inLanguage":"es","@id":"https:\/\/www.leaobrancodesign.com\/#\/schema\/logo\/image\/","url":"https:\/\/www.leaobrancodesign.com\/wp-content\/uploads\/2023\/02\/Recurso-1.svg","contentUrl":"https:\/\/www.leaobrancodesign.com\/wp-content\/uploads\/2023\/02\/Recurso-1.svg","width":366,"height":111,"caption":"LEAO BRANCO DESIGN"},"image":{"@id":"https:\/\/www.leaobrancodesign.com\/#\/schema\/logo\/image\/"},"sameAs":["https:\/\/www.facebook.com\/leaobrancodesign\/"]}]}},"_links":{"self":[{"href":"https:\/\/www.leaobrancodesign.com\/es\/wp-json\/wp\/v2\/product\/8622","targetHints":{"allow":["GET"]}}],"collection":[{"href":"https:\/\/www.leaobrancodesign.com\/es\/wp-json\/wp\/v2\/product"}],"about":[{"href":"https:\/\/www.leaobrancodesign.com\/es\/wp-json\/wp\/v2\/types\/product"}],"replies":[{"embeddable":true,"href":"https:\/\/www.leaobrancodesign.com\/es\/wp-json\/wp\/v2\/comments?post=8622"}],"version-history":[{"count":1,"href":"https:\/\/www.leaobrancodesign.com\/es\/wp-json\/wp\/v2\/product\/8622\/revisions"}],"predecessor-version":[{"id":8624,"href":"https:\/\/www.leaobrancodesign.com\/es\/wp-json\/wp\/v2\/product\/8622\/revisions\/8624"}],"wp:featuredmedia":[{"embeddable":true,"href":"https:\/\/www.leaobrancodesign.com\/es\/wp-json\/wp\/v2\/media\/8620"}],"wp:attachment":[{"href":"https:\/\/www.leaobrancodesign.com\/es\/wp-json\/wp\/v2\/media?parent=8622"}],"wp:term":[{"taxonomy":"product_brand","embeddable":true,"href":"https:\/\/www.leaobrancodesign.com\/es\/wp-json\/wp\/v2\/product_brand?post=8622"},{"taxonomy":"product_cat","embeddable":true,"href":"https:\/\/www.leaobrancodesign.com\/es\/wp-json\/wp\/v2\/product_cat?post=8622"},{"taxonomy":"product_tag","embeddable":true,"href":"https:\/\/www.leaobrancodesign.com\/es\/wp-json\/wp\/v2\/product_tag?post=8622"}],"curies":[{"name":"wp","href":"https:\/\/api.w.org\/{rel}","templated":true}]}}