{"id":8695,"date":"2025-07-08T15:58:52","date_gmt":"2025-07-08T20:58:52","guid":{"rendered":"https:\/\/www.leaobrancodesign.com\/?post_type=product&#038;p=8695"},"modified":"2025-07-08T15:58:52","modified_gmt":"2025-07-08T20:58:52","slug":"pin-comedor","status":"publish","type":"product","link":"https:\/\/www.leaobrancodesign.com\/es\/producto\/pin-comedor\/","title":{"rendered":"Pin"},"content":{"rendered":"","protected":false},"excerpt":{"rendered":"<p><strong>Especificaciones:<\/strong><\/p>\n<p>Su dise\u00f1o audaz lo dice todo, sus patas en forma de punta le dan una presencia ligera pero firme, como si flotara con elegancia en el espacio, aportan un detalle visual \u00fanico, que tambi\u00e9n garantizan estabilidad y resistencia. Atr\u00e9vete a marcar la diferencia con una mesa que eleva cualquier ambiente.<\/p>\n<p><strong>Dimensiones:<\/strong><\/p>\n<p>W: 1,20 x L: 3,40 x H: 0,76 cm<br \/>\n47\u2033 x 137\u2033 x 29\u2033<\/p>\n<p><strong>Materiales:<\/strong><br \/>\nMadera<\/p>\n<p><strong>Colors:<\/strong><\/p>\n<p><img decoding=\"async\" class=\"alignnone wp-image-8702 size-thumbnail\" src=\"https:\/\/www.leaobrancodesign.com\/wp-content\/uploads\/2025\/07\/bl-150x150.jpg\" alt=\"\" width=\"150\" height=\"150\" srcset=\"https:\/\/www.leaobrancodesign.com\/wp-content\/uploads\/2025\/07\/bl-150x150.jpg 150w, https:\/\/www.leaobrancodesign.com\/wp-content\/uploads\/2025\/07\/bl-300x300.jpg 300w, https:\/\/www.leaobrancodesign.com\/wp-content\/uploads\/2025\/07\/bl-768x768.jpg 768w, https:\/\/www.leaobrancodesign.com\/wp-content\/uploads\/2025\/07\/bl-700x700.jpg 700w, https:\/\/www.leaobrancodesign.com\/wp-content\/uploads\/2025\/07\/bl-600x600.jpg 600w, https:\/\/www.leaobrancodesign.com\/wp-content\/uploads\/2025\/07\/bl-100x100.jpg 100w, https:\/\/www.leaobrancodesign.com\/wp-content\/uploads\/2025\/07\/bl.jpg 800w\" sizes=\"(max-width: 150px) 100vw, 150px\" \/><img decoding=\"async\" class=\"alignnone wp-image-6995 size-thumbnail\" src=\"https:\/\/www.leaobrancodesign.com\/wp-content\/uploads\/2023\/06\/COLOR-TELAS-PAG-LEAO-26-150x150.jpg\" alt=\"\" width=\"150\" height=\"150\" srcset=\"https:\/\/www.leaobrancodesign.com\/wp-content\/uploads\/2023\/06\/COLOR-TELAS-PAG-LEAO-26-150x150.jpg 150w, https:\/\/www.leaobrancodesign.com\/wp-content\/uploads\/2023\/06\/COLOR-TELAS-PAG-LEAO-26-300x300.jpg 300w, https:\/\/www.leaobrancodesign.com\/wp-content\/uploads\/2023\/06\/COLOR-TELAS-PAG-LEAO-26-768x768.jpg 768w, https:\/\/www.leaobrancodesign.com\/wp-content\/uploads\/2023\/06\/COLOR-TELAS-PAG-LEAO-26-700x700.jpg 700w, https:\/\/www.leaobrancodesign.com\/wp-content\/uploads\/2023\/06\/COLOR-TELAS-PAG-LEAO-26-600x600.jpg 600w, https:\/\/www.leaobrancodesign.com\/wp-content\/uploads\/2023\/06\/COLOR-TELAS-PAG-LEAO-26-100x100.jpg 100w, https:\/\/www.leaobrancodesign.com\/wp-content\/uploads\/2023\/06\/COLOR-TELAS-PAG-LEAO-26.jpg 800w\" sizes=\"(max-width: 150px) 100vw, 150px\" \/><\/p>\n","protected":false},"featured_media":8696,"comment_status":"open","ping_status":"closed","template":"","meta":[],"product_brand":[],"product_cat":[70,73],"product_tag":[],"class_list":{"0":"post-8695","1":"product","2":"type-product","3":"status-publish","4":"has-post-thumbnail","6":"product_cat-comedor","7":"product_cat-mesas-de-comedor","9":"first","10":"instock","11":"shipping-taxable","12":"product-type-simple"},"yoast_head":"<!-- This site is optimized with the Yoast SEO plugin v24.3 - https:\/\/yoast.com\/wordpress\/plugins\/seo\/ -->\n<title>Pin - LEAO BRANCO DESIGN<\/title>\n<meta name=\"description\" content=\"Con su dise\u00f1o audaz lo dice todo sus patas en forma de punta le dan una presencia ligera pero firme, perfecta para interiores modernos.\" \/>\n<meta name=\"robots\" content=\"index, follow, max-snippet:-1, max-image-preview:large, max-video-preview:-1\" \/>\n<link rel=\"canonical\" href=\"https:\/\/www.leaobrancodesign.com\/es\/producto\/pin-comedor\/\" \/>\n<meta property=\"og:locale\" content=\"es_ES\" \/>\n<meta property=\"og:type\" content=\"article\" \/>\n<meta property=\"og:title\" content=\"Pin - LEAO BRANCO DESIGN\" \/>\n<meta property=\"og:description\" content=\"Con su dise\u00f1o audaz lo dice todo sus patas en forma de punta le dan una presencia ligera pero firme, perfecta para interiores modernos.\" \/>\n<meta property=\"og:url\" content=\"https:\/\/www.leaobrancodesign.com\/es\/producto\/pin-comedor\/\" \/>\n<meta property=\"og:site_name\" content=\"LEAO BRANCO DESIGN\" \/>\n<meta property=\"article:publisher\" content=\"https:\/\/www.facebook.com\/leaobrancodesign\/\" \/>\n<meta property=\"og:image\" content=\"https:\/\/www.leaobrancodesign.com\/wp-content\/uploads\/2025\/07\/pin1.jpg\" \/>\n\t<meta property=\"og:image:width\" content=\"1200\" \/>\n\t<meta property=\"og:image:height\" content=\"628\" \/>\n\t<meta property=\"og:image:type\" content=\"image\/jpeg\" \/>\n<meta name=\"twitter:card\" content=\"summary_large_image\" \/>\n<meta name=\"twitter:label1\" content=\"Tiempo de lectura\" \/>\n\t<meta name=\"twitter:data1\" content=\"1 minuto\" \/>\n<script type=\"application\/ld+json\" class=\"yoast-schema-graph\">{\"@context\":\"https:\/\/schema.org\",\"@graph\":[{\"@type\":\"WebPage\",\"@id\":\"https:\/\/www.leaobrancodesign.com\/es\/producto\/pin-comedor\/\",\"url\":\"https:\/\/www.leaobrancodesign.com\/es\/producto\/pin-comedor\/\",\"name\":\"Pin - LEAO BRANCO DESIGN\",\"isPartOf\":{\"@id\":\"https:\/\/www.leaobrancodesign.com\/#website\"},\"primaryImageOfPage\":{\"@id\":\"https:\/\/www.leaobrancodesign.com\/es\/producto\/pin-comedor\/#primaryimage\"},\"image\":{\"@id\":\"https:\/\/www.leaobrancodesign.com\/es\/producto\/pin-comedor\/#primaryimage\"},\"thumbnailUrl\":\"https:\/\/www.leaobrancodesign.com\/wp-content\/uploads\/2025\/07\/pin1.jpg\",\"datePublished\":\"2025-07-08T20:58:52+00:00\",\"dateModified\":\"2025-07-08T20:58:52+00:00\",\"description\":\"Con su dise\u00f1o audaz lo dice todo sus patas en forma de punta le dan una presencia ligera pero firme, perfecta para interiores modernos.\",\"breadcrumb\":{\"@id\":\"https:\/\/www.leaobrancodesign.com\/es\/producto\/pin-comedor\/#breadcrumb\"},\"inLanguage\":\"es\",\"potentialAction\":[{\"@type\":\"ReadAction\",\"target\":[\"https:\/\/www.leaobrancodesign.com\/es\/producto\/pin-comedor\/\"]}]},{\"@type\":\"ImageObject\",\"inLanguage\":\"es\",\"@id\":\"https:\/\/www.leaobrancodesign.com\/es\/producto\/pin-comedor\/#primaryimage\",\"url\":\"https:\/\/www.leaobrancodesign.com\/wp-content\/uploads\/2025\/07\/pin1.jpg\",\"contentUrl\":\"https:\/\/www.leaobrancodesign.com\/wp-content\/uploads\/2025\/07\/pin1.jpg\",\"width\":1200,\"height\":628},{\"@type\":\"BreadcrumbList\",\"@id\":\"https:\/\/www.leaobrancodesign.com\/es\/producto\/pin-comedor\/#breadcrumb\",\"itemListElement\":[{\"@type\":\"ListItem\",\"position\":1,\"name\":\"Home\",\"item\":\"https:\/\/www.leaobrancodesign.com\/\"},{\"@type\":\"ListItem\",\"position\":2,\"name\":\"Tienda\",\"item\":\"https:\/\/www.leaobrancodesign.com\/es\/?page_id=745\"},{\"@type\":\"ListItem\",\"position\":3,\"name\":\"Pin\"}]},{\"@type\":\"WebSite\",\"@id\":\"https:\/\/www.leaobrancodesign.com\/#website\",\"url\":\"https:\/\/www.leaobrancodesign.com\/\",\"name\":\"LEAO BRANCO\",\"description\":\"BRAZILIAN FUNITURE\",\"publisher\":{\"@id\":\"https:\/\/www.leaobrancodesign.com\/#organization\"},\"potentialAction\":[{\"@type\":\"SearchAction\",\"target\":{\"@type\":\"EntryPoint\",\"urlTemplate\":\"https:\/\/www.leaobrancodesign.com\/?s={search_term_string}\"},\"query-input\":{\"@type\":\"PropertyValueSpecification\",\"valueRequired\":true,\"valueName\":\"search_term_string\"}}],\"inLanguage\":\"es\"},{\"@type\":\"Organization\",\"@id\":\"https:\/\/www.leaobrancodesign.com\/#organization\",\"name\":\"LEAO BRANCO DESIGN\",\"url\":\"https:\/\/www.leaobrancodesign.com\/\",\"logo\":{\"@type\":\"ImageObject\",\"inLanguage\":\"es\",\"@id\":\"https:\/\/www.leaobrancodesign.com\/#\/schema\/logo\/image\/\",\"url\":\"https:\/\/www.leaobrancodesign.com\/wp-content\/uploads\/2023\/02\/Recurso-1.svg\",\"contentUrl\":\"https:\/\/www.leaobrancodesign.com\/wp-content\/uploads\/2023\/02\/Recurso-1.svg\",\"width\":366,\"height\":111,\"caption\":\"LEAO BRANCO DESIGN\"},\"image\":{\"@id\":\"https:\/\/www.leaobrancodesign.com\/#\/schema\/logo\/image\/\"},\"sameAs\":[\"https:\/\/www.facebook.com\/leaobrancodesign\/\"]}]}<\/script>\n<!-- \/ Yoast SEO plugin. -->","yoast_head_json":{"title":"Pin - LEAO BRANCO DESIGN","description":"Con su dise\u00f1o audaz lo dice todo sus patas en forma de punta le dan una presencia ligera pero firme, perfecta para interiores modernos.","robots":{"index":"index","follow":"follow","max-snippet":"max-snippet:-1","max-image-preview":"max-image-preview:large","max-video-preview":"max-video-preview:-1"},"canonical":"https:\/\/www.leaobrancodesign.com\/es\/producto\/pin-comedor\/","og_locale":"es_ES","og_type":"article","og_title":"Pin - LEAO BRANCO DESIGN","og_description":"Con su dise\u00f1o audaz lo dice todo sus patas en forma de punta le dan una presencia ligera pero firme, perfecta para interiores modernos.","og_url":"https:\/\/www.leaobrancodesign.com\/es\/producto\/pin-comedor\/","og_site_name":"LEAO BRANCO DESIGN","article_publisher":"https:\/\/www.facebook.com\/leaobrancodesign\/","og_image":[{"width":1200,"height":628,"url":"https:\/\/www.leaobrancodesign.com\/wp-content\/uploads\/2025\/07\/pin1.jpg","type":"image\/jpeg"}],"twitter_card":"summary_large_image","twitter_misc":{"Tiempo de lectura":"1 minuto"},"schema":{"@context":"https:\/\/schema.org","@graph":[{"@type":"WebPage","@id":"https:\/\/www.leaobrancodesign.com\/es\/producto\/pin-comedor\/","url":"https:\/\/www.leaobrancodesign.com\/es\/producto\/pin-comedor\/","name":"Pin - LEAO BRANCO DESIGN","isPartOf":{"@id":"https:\/\/www.leaobrancodesign.com\/#website"},"primaryImageOfPage":{"@id":"https:\/\/www.leaobrancodesign.com\/es\/producto\/pin-comedor\/#primaryimage"},"image":{"@id":"https:\/\/www.leaobrancodesign.com\/es\/producto\/pin-comedor\/#primaryimage"},"thumbnailUrl":"https:\/\/www.leaobrancodesign.com\/wp-content\/uploads\/2025\/07\/pin1.jpg","datePublished":"2025-07-08T20:58:52+00:00","dateModified":"2025-07-08T20:58:52+00:00","description":"Con su dise\u00f1o audaz lo dice todo sus patas en forma de punta le dan una presencia ligera pero firme, perfecta para interiores modernos.","breadcrumb":{"@id":"https:\/\/www.leaobrancodesign.com\/es\/producto\/pin-comedor\/#breadcrumb"},"inLanguage":"es","potentialAction":[{"@type":"ReadAction","target":["https:\/\/www.leaobrancodesign.com\/es\/producto\/pin-comedor\/"]}]},{"@type":"ImageObject","inLanguage":"es","@id":"https:\/\/www.leaobrancodesign.com\/es\/producto\/pin-comedor\/#primaryimage","url":"https:\/\/www.leaobrancodesign.com\/wp-content\/uploads\/2025\/07\/pin1.jpg","contentUrl":"https:\/\/www.leaobrancodesign.com\/wp-content\/uploads\/2025\/07\/pin1.jpg","width":1200,"height":628},{"@type":"BreadcrumbList","@id":"https:\/\/www.leaobrancodesign.com\/es\/producto\/pin-comedor\/#breadcrumb","itemListElement":[{"@type":"ListItem","position":1,"name":"Home","item":"https:\/\/www.leaobrancodesign.com\/"},{"@type":"ListItem","position":2,"name":"Tienda","item":"https:\/\/www.leaobrancodesign.com\/es\/?page_id=745"},{"@type":"ListItem","position":3,"name":"Pin"}]},{"@type":"WebSite","@id":"https:\/\/www.leaobrancodesign.com\/#website","url":"https:\/\/www.leaobrancodesign.com\/","name":"LEAO BRANCO","description":"BRAZILIAN FUNITURE","publisher":{"@id":"https:\/\/www.leaobrancodesign.com\/#organization"},"potentialAction":[{"@type":"SearchAction","target":{"@type":"EntryPoint","urlTemplate":"https:\/\/www.leaobrancodesign.com\/?s={search_term_string}"},"query-input":{"@type":"PropertyValueSpecification","valueRequired":true,"valueName":"search_term_string"}}],"inLanguage":"es"},{"@type":"Organization","@id":"https:\/\/www.leaobrancodesign.com\/#organization","name":"LEAO BRANCO DESIGN","url":"https:\/\/www.leaobrancodesign.com\/","logo":{"@type":"ImageObject","inLanguage":"es","@id":"https:\/\/www.leaobrancodesign.com\/#\/schema\/logo\/image\/","url":"https:\/\/www.leaobrancodesign.com\/wp-content\/uploads\/2023\/02\/Recurso-1.svg","contentUrl":"https:\/\/www.leaobrancodesign.com\/wp-content\/uploads\/2023\/02\/Recurso-1.svg","width":366,"height":111,"caption":"LEAO BRANCO DESIGN"},"image":{"@id":"https:\/\/www.leaobrancodesign.com\/#\/schema\/logo\/image\/"},"sameAs":["https:\/\/www.facebook.com\/leaobrancodesign\/"]}]}},"_links":{"self":[{"href":"https:\/\/www.leaobrancodesign.com\/es\/wp-json\/wp\/v2\/product\/8695","targetHints":{"allow":["GET"]}}],"collection":[{"href":"https:\/\/www.leaobrancodesign.com\/es\/wp-json\/wp\/v2\/product"}],"about":[{"href":"https:\/\/www.leaobrancodesign.com\/es\/wp-json\/wp\/v2\/types\/product"}],"replies":[{"embeddable":true,"href":"https:\/\/www.leaobrancodesign.com\/es\/wp-json\/wp\/v2\/comments?post=8695"}],"version-history":[{"count":1,"href":"https:\/\/www.leaobrancodesign.com\/es\/wp-json\/wp\/v2\/product\/8695\/revisions"}],"predecessor-version":[{"id":8704,"href":"https:\/\/www.leaobrancodesign.com\/es\/wp-json\/wp\/v2\/product\/8695\/revisions\/8704"}],"wp:featuredmedia":[{"embeddable":true,"href":"https:\/\/www.leaobrancodesign.com\/es\/wp-json\/wp\/v2\/media\/8696"}],"wp:attachment":[{"href":"https:\/\/www.leaobrancodesign.com\/es\/wp-json\/wp\/v2\/media?parent=8695"}],"wp:term":[{"taxonomy":"product_brand","embeddable":true,"href":"https:\/\/www.leaobrancodesign.com\/es\/wp-json\/wp\/v2\/product_brand?post=8695"},{"taxonomy":"product_cat","embeddable":true,"href":"https:\/\/www.leaobrancodesign.com\/es\/wp-json\/wp\/v2\/product_cat?post=8695"},{"taxonomy":"product_tag","embeddable":true,"href":"https:\/\/www.leaobrancodesign.com\/es\/wp-json\/wp\/v2\/product_tag?post=8695"}],"curies":[{"name":"wp","href":"https:\/\/api.w.org\/{rel}","templated":true}]}}